{"id":97,"date":"2023-04-03T19:31:10","date_gmt":"2023-04-03T17:31:10","guid":{"rendered":"https:\/\/consolatozurigo.esteri.it\/?page_id=97"},"modified":"2023-09-15T09:59:23","modified_gmt":"2023-09-15T07:59:23","slug":"traduzione-e-legalizzazione-dei-documenti","status":"publish","type":"page","link":"https:\/\/consginevra.esteri.it\/it\/servizi-consolari-e-visti\/servizi-per-il-cittadino-straniero\/traduzione-e-legalizzazione-dei-documenti\/","title":{"rendered":"Traduzione e legalizzazione dei documenti"},"content":{"rendered":"<p><strong>Che cos&#8217;\u00e8 la Postilla (o Apostille) ?<\/strong><\/p>\n<p>Gli atti emessi da Autorit\u00e0 estere non sono automaticamente validi in Italia. Affinch\u00e9 lo siano non solo essi devono essere tradotti in lingua italiana e la traduzione deve essere autenticata, ma deve essere certo che l\u2019autorit\u00e0 straniera che ha emanato l\u2019atto \u00e8 competente a farlo. L\u2019atto deve essere legalizzato. La legalizzazione e\u2019 un processo spesso lungo e complesso.<\/p>\n<p>L\u2019apostille sostituisce la legalizzazione e viene apposta a norma della Convenzione dell\u2019Aja del 1961 a cui hanno aderito moltissimi Paesi, tra cui Italia e Svizzera. In Svizzera l\u2019apostille viene apposta a livello cantonale:\u00a0\u00a0<a href=\"https:\/\/www.vs.ch\/fr\/web\/ac_test_gernat\/legalisation-de-documents?inheritRedirect=true\">Vallese<\/a> , <a href=\"https:\/\/www.ge.ch\/\">Ginevra<\/a> , <a href=\"http:\/\/www.vd.ch\/themes\/economie\/registre-du-commerce\/questions-frequentes\/#c35225\">Vaud<\/a> .<\/p>\n<p>Molti degli atti che devono essere prodotti in Consolato (ad esempio, atti di nascita, matrimonio, morte redatti su modelli internazionali plurilingue) non hanno bisogno di legalizzazione (o dell&#8217;apostilla) in quanto vi sono accordi multilaterali o bilaterali che la aboliscono.<\/p>\n<p>I Paesi che hanno ratificato la Convenzione dell\u2019Aja sono:<\/p>\n<p>Albania, Andorra, Antigua e Barbuda, Argentina, Armenia, Australia, Austria, Azerbaijan, Bahamas, Barbados, Bielorussia, Belgio, Belize, Bosnia-Erzegovina, Botswana, Brasile, Brunei-Darussalam, Bulgaria, Capo Verde, Cina (Hong Kong), Cina (Macao), Cipro, Colombia, Costa Rica, Croazia, Corea del Sud, Danimarca, Dominica, Ecuador, El Salvador, Estonia, Federazione Russa, Fiji, Finlandia, Francia, Georgia, Germania, Giappone, Gran Bretagna, Grecia, Grenada, Honduras, India, Irlanda, Islanda, Isole Cook, Isole Marshall, Israele, Italia, Kazakhstan, Kirghizistan, Lesotho, Lettonia, Liberia, Liechtenstein, Lituania, Lussemburgo, Macedonia, Malawi, Malta, Mauritius, Messico, Moldova, Monaco, Mongolia, Montenegro, Namibia, Nuova Zelanda, Niue, Norvegia, Oman, Panama, Paesi Bassi, Per\u00f9, Polonia, Portogallo, Repubblica Ceca, Repubblica Domenicana, Romania, Saint Kitts and Nevis, Saint Lucia, Saint Vincent and the Grenadines, Samoa, San Marino, Sao Tome e Principe, Serbia, Seychelles, Slovacchia, Slovenia, Spagna, Sud Africa, Suriname, Svezia, Svizzera, Swaziland, Tonga, Trinidad e Tobago, Turchia, Ucraine, Ungheria, USA, Vanuatu, Venezuela<\/p>\n<p>&nbsp;<\/p>\n","protected":false},"excerpt":{"rendered":"Che cos&#8217;\u00e8 la Postilla (o Apostille) ? Gli atti emessi da Autorit\u00e0 estere non sono automaticamente validi in Italia. Affinch\u00e9 lo siano non solo essi devono essere tradotti in lingua italiana e la traduzione deve essere autenticata, ma deve essere certo che l\u2019autorit\u00e0 straniera che ha emanato l\u2019atto \u00e8 competente a farlo. L\u2019atto deve essere [&hellip;]","protected":false},"author":1,"featured_media":0,"parent":62,"menu_order":4,"comment_status":"closed","ping_status":"closed","template":"","meta":{"footnotes":""},"class_list":["post-97","page","type-page","status-publish","hentry"],"_links":{"self":[{"href":"https:\/\/consginevra.esteri.it\/it\/wp-json\/wp\/v2\/pages\/97","targetHints":{"allow":["GET"]}}],"collection":[{"href":"https:\/\/consginevra.esteri.it\/it\/wp-json\/wp\/v2\/pages"}],"about":[{"href":"https:\/\/consginevra.esteri.it\/it\/wp-json\/wp\/v2\/types\/page"}],"author":[{"embeddable":true,"href":"https:\/\/consginevra.esteri.it\/it\/wp-json\/wp\/v2\/users\/1"}],"replies":[{"embeddable":true,"href":"https:\/\/consginevra.esteri.it\/it\/wp-json\/wp\/v2\/comments?post=97"}],"version-history":[{"count":8,"href":"https:\/\/consginevra.esteri.it\/it\/wp-json\/wp\/v2\/pages\/97\/revisions"}],"predecessor-version":[{"id":489,"href":"https:\/\/consginevra.esteri.it\/it\/wp-json\/wp\/v2\/pages\/97\/revisions\/489"}],"up":[{"embeddable":true,"href":"https:\/\/consginevra.esteri.it\/it\/wp-json\/wp\/v2\/pages\/62"}],"wp:attachment":[{"href":"https:\/\/consginevra.esteri.it\/it\/wp-json\/wp\/v2\/media?parent=97"}],"curies":[{"name":"wp","href":"https:\/\/api.w.org\/{rel}","templated":true}]}}