{"id":92,"date":"2023-04-03T19:30:10","date_gmt":"2023-04-03T17:30:10","guid":{"rendered":"https:\/\/consolatozurigo.esteri.it\/?page_id=92"},"modified":"2026-02-17T10:23:31","modified_gmt":"2026-02-17T08:23:31","slug":"codice-fiscale","status":"publish","type":"page","link":"https:\/\/consginevra.esteri.it\/it\/servizi-consolari-e-visti\/servizi-per-il-cittadino-italiano\/codice-fiscale\/","title":{"rendered":"Codice fiscale"},"content":{"rendered":"<p>Per informazioni scrivere a: <a href=\"mailto:ginevra.codicefiscal@esteri.it\">ginevra.codicefiscal@esteri.it<\/a><\/p>\n<p>A partire dal 15 luglio 2024 <u>non \u00e8 pi\u00f9 necessario richiedere il tesserino del codice fiscale<\/u>.<\/p>\n<p>Gli italiani iscritti all\u2019AIRE nella Circoscrizione consolare del Consolato Generale di Ginevra possono <u>scaricare direttamente il certificato di attribuzione del codice fiscale tramite il Portale Fast It. Esso \u00e8 ottenibile in tempi rapidi, riporta un codice a barre che \u00e8 utilizzabile in tutti i rapporti con gli Enti e le Amministrazioni Pubbliche.<\/u><\/p>\n<p><strong>IMPORTANTE:<\/strong><\/p>\n<p>&#8211; il certificato cartaceo di attribuzione del codice fiscale scaricabile su FAST IT ed il tesserino plastificato hanno <u>lo stesso valore legale<\/u> a livello di attestazione del codice fiscale;<\/p>\n<p>&#8211; tutti gli organi dello Stato italiano accettano il certificato di attribuzione del Codice Fiscale scaricabile su FAST IT, come esplicitamente indicato dalla stessa Agenzia dell\u2019Italia Digitale (AgID);<\/p>\n<p>&#8211; il 30 aprile 2024 l\u2019AgID ha emesso apposito Avviso con il quale i fornitori abilitati al rilascio dello SPID sono tenuti a riconoscere come valide ed autentiche le attestazioni di rilascio emesse dagli Uffici consolari all\u2019estero;<\/p>\n<p>Coloro che nonostante questa importante innovazione delle Pubblica Amministrazione continuano a voler richiedere il tesserino del proprio codice fiscale, possono rivolgersi direttamente ad un ufficio dell\u2019Agenzia delle Entrate.<\/p>\n<p><u>Qualora la richiesta venga presentata al Consolato Generale a Ginevra, <\/u>si segnala che il tesserino plastificato viene prodotto dall\u2019Agenzia delle Entrate in Italia ed inviato al Consolato, che lo inoltra al cittadino per posta. <u>I tempi di attesa sono di almeno 3 mesi.<\/u><\/p>\n<p>Chi \u00e8 in possesso della carta di identit\u00e0 elettronica (CIE) \u00e8 pregato di astenersi da richiedere il tesserino del codice fiscale, che \u00e8 indicato sul retro della CIE. \u00c8 sufficiente il certificato di attribuzione scaricabile su FAST IT.<\/p>\n<p>Il servizio offerto dal Consolato \u00e8 riservato ai <u>privati cittadini italiani e stranieri regolarmente residenti<\/u> nella circoscrizione consolare del Consolato di Ginevra (Ginevra, Vaud e Vallese); le aziende o societ\u00e0 devono richiedere il codice fiscale direttamente all\u2019Agenzia delle Entrate in Italia.<\/p>\n<p>&nbsp;<\/p>\n<p><strong>COME PRESENTARE LA RICHIESTA<\/strong><\/p>\n<p>I\u00a0<strong>cittadini italiani<\/strong>\u00a0<strong>residenti all\u2019estero<\/strong>\u00a0possono chiedere il codice fiscale per il\u00a0<strong>tramite dell\u2019Ufficio consolare<\/strong>, oltre che\u00a0<strong>direttamente agli uffici dell\u2019Agenzia delle Entrate dislocati sul territorio italiano<\/strong>, ai sensi dell\u2019art. 1 del D.M. attuativo del 17 maggio 2001, n. 281, tenuto conto dell\u2019ampia articolazione e capillare diffusione di uffici dell\u2019Agenzia dell\u2019Entrate in Italia.<\/p>\n<p>I\u00a0<strong>cittadini stranieri non residenti in Italia<\/strong>\u00a0<strong>possono delegare<\/strong>\u00a0appositamente un soggetto a presentare il modello di richiesta del Codice Fiscale direttamente agli uffici dell\u2019Agenzia delle Entrate dislocati sul territorio italiano.<\/p>\n<p>&nbsp;<\/p>\n<p><strong>CITTADINI ITALIANI RESIDENTI ALL\u2019ESTERO ISCRITTI AIRE<\/strong><\/p>\n<p>I cittadini italiani maggiorenni iscritti all\u2019AIRE possono\u00a0<strong>chiedere<\/strong>\u00a0<strong>il Codice fiscale<\/strong>, per s\u00e9 stessi e per i figli minorenni, attraverso il portale telematico Fast It accedendo al relativo servizio e seguendo le indicazioni. Sempre attraverso il\u00a0<strong>portale Fast It<\/strong>\u00a0sar\u00e0 possibile <strong>scaricare il certificato di attestazione del Codice fiscale<\/strong>, una volta che sar\u00e0 stata completata la lavorazione della pratica.<\/p>\n<p><strong><em>Come?<\/em><\/strong><\/p>\n<ol>\n<li>Accedi al Portale Fast It;<\/li>\n<li>Clicca su \u201cAnagrafe Consolare e AIRE\u201d e poi su\u00a0\u201cAttribuzione Codice fiscale\u201d;<\/li>\n<li>Conferma i dati e avvia la richiesta;<\/li>\n<li>Dopo che la richiesta sar\u00e0 stata lavorata dal Consolato, potrai scaricare in autonomia (download) il certificato di attribuzione del Codice fiscale.<\/li>\n<\/ol>\n<p><strong><em>Se non riesci a scaricare\u00a0il certificato di attribuzione del Codice Fiscale:<\/em><\/strong><\/p>\n<ol>\n<li>Registrati sul\u00a0<a href=\"https:\/\/serviziconsolari.esteri.it\/#_blank\">portale FAST IT<\/a>, oppure accedi se hai gi\u00e0 un account attivo;<\/li>\n<li>Richiedi la \u201cAssociazione Online\u201d cliccando su \u201cAnagrafe Consolare e AIRE\u201d e poi su \u201cVisualizzare la propria scheda anagrafica\u201d;<\/li>\n<li>Riceverai sulla tua casella di posta il messaggio di avvenuta associazione.<\/li>\n<li>Accedi nuovamente al portale e scarica il certificato.<\/li>\n<\/ol>\n<p>Si sottolinea che la procedura di registrazione su &#8220;Fast It&#8221; NON \u00e8 la richiesta di codice fiscale. Dopo l\u2019avvenuta associazione \u00e8 necessario accedere nuovamente al portale FAST IT per scaricare il certificato di attribuzione del codice fiscale (punto 4).<\/p>\n<p>In caso di disallineamenti dell\u2019anagrafica AIRE sar\u00e0 l\u2019operatore consolare a trattare la pratica, la cui gestione potrebbe richiedere un tempo di attesa pi\u00f9 lungo.<\/p>\n<p>Si ricorda che le donne cittadine italiane e coniugate che acquisiscano il cognome del coniuge, devono sempre indicare il cognome da nubile.<\/p>\n<p><strong>CITTADINI STRANIERI NON RESIDENTI IN ITALIA<\/strong><\/p>\n<p>I cittadini stranieri possono richiedere il codice fiscale attraverso le seguenti modalit\u00e0:<\/p>\n<ul>\n<li>Tramite l\u2019<strong>Ufficio consolare italiano competente per residenza.<\/strong><\/li>\n<\/ul>\n<p>La richiesta di Codice fiscale, da avanzare compilando l\u2019apposito modulo, andr\u00e0 presentata unitamente alla copia di un documento d\u2019identit\u00e0 e alla indicazione delle motivazioni.<\/p>\n<p>Per ulteriori informazioni si suggerisce di visitare il sito web dell\u2019Ufficio consolare competente.<\/p>\n<ul>\n<li>Tramite\u00a0<strong>procura speciale<\/strong>\u00a0con la quale delegare un soggetto a presentare il modello di richiesta del Codice fiscale direttamente agli\u00a0<strong>uffici dell\u2019Agenzia delle Entrate<\/strong>\u00a0dislocati sul territorio italiano, ai sensi dell\u2019art. 1 del D.M. attuativo del 17 maggio 2001, n. 281.<\/li>\n<\/ul>\n<p>Gli indirizzi degli uffici dell\u2019Agenzia delle Entrate sono reperibili sul sito Internet\u00a0<a href=\"http:\/\/www.agenziaentrate.it\/\">www.agenziaentrate.it<\/a><\/p>\n<p>Per la legalizzazione di documenti stranieri:\u00a0<a href=\"https:\/\/www.esteri.it\/it\/servizi-consolari-e-visti\/italiani-all-estero\/traduzione-e-legalizzazione-documenti\/legalizzazione-documenti\/\">Legalizzazione documenti \u2013 Ministero degli Affari Esteri e della Cooperazione Internazionale<\/a><\/p>\n<ul>\n<li><strong>Direttamente agli uffici dell\u2019Agenzia delle Entrate\u00a0<\/strong>dislocati sul territorio\u00a0italiano, una volta entrati nel Paese.<\/li>\n<\/ul>\n<p>Per approfondimenti si consiglia di consultare la\u00a0<a href=\"https:\/\/www.agenziaentrate.gov.it\/portale\/documents\/20143\/233505\/Folder_CodiceFiscaleStranieri_08+03+23.pdf\/218dc638-ced1-3b2d-f5f2-912686b1f7fe?t=1682082253716\">Mini Guida al codice fiscale per stranieri<\/a>\u00a0dell\u2019Agenzia delle Entrate, disponibile in varie lingue al sito:\u00a0<a href=\"https:\/\/www.agenziaentrate.gov.it\/portale\/mini-guida-codice-fiscale-per-stranieri\">L\u2019Agenzia \u2013 Mini guida codice fiscale per stranieri \u2013 Agenzia delle Entrate<\/a><\/p>\n<p>In particolare:<\/p>\n<p>I\u00a0<strong>cittadini di Paesi UE che intendono soggiornare in Italia<\/strong>\u00a0possono chiedere il Codice fiscale presentando il modello AA4\/8 a un Ufficio territoriale dell\u2019Agenzia delle entrate. La richiesta deve essere motivata e accompagnata da un documento in corso di validit\u00e0 (passaporto o carta d\u2019identit\u00e0 valida per l\u2019espatrio).<\/p>\n<p>Ai\u00a0<strong>cittadini di Paesi extra UE che intendono soggiornare in Italia<\/strong>\u00a0il Codice fiscale \u00e8 attribuito:<\/p>\n<p>\u2013 dallo Sportello unico per l\u2019Immigrazione, presente in ogni Prefettura e competente per il rilascio del nulla osta all\u2019ingresso ai cittadini stranieri che richiedono il permesso di soggiorno per lavoro dipendente o ricongiungimento familiare;<\/p>\n<p>\u2013 dalla Questura, ufficio della Polizia di Stato, per i cittadini stranieri che richiedono altre tipologie di permessi di soggiorno.<\/p>\n<p><strong><u>Motivi di studio<\/u><\/strong><\/p>\n<p>Il cittadino straniero che arriva in Italia per motivi di studio e deve soggiornare meno di 90 giorni potr\u00e0 richiedere il codice fiscale ad un qualsiasi ufficio dell\u2019Agenzia delle Entrate.<\/p>\n<p>Il cittadino straniero che arriva in Italia per motivi di studio e deve soggiornare pi\u00f9 di 90 giorni deve richiedere preventivamente il permesso di soggiorno alla Questura e, in tale fase, ricever\u00e0 il codice fiscale.<\/p>\n<h4><strong><u>Nei casi del tutto residuali di richiesta di tesserino del codice fiscale<\/u><\/strong>:<\/h4>\n<p>inviare la seguente documentazione all\u2019indirizzo e-mail <a href=\"mailto:ginevra.codicefiscal@esteri.it\">ginevra.codicefiscal@esteri.it<\/a> :<\/p>\n<ol>\n<li>Modulo di richiesta debitamente compilato e firmato (casella nel Quadro A Sezione II &#8211; scaricabile qui \u2013 <a href=\"https:\/\/consginevra.esteri.it\/wp-content\/uploads\/2024\/02\/modello_cf_AA48_20240216_versit.pdf\">download<\/a>) &#8211; ATTENZIONE: indicare un numero di telefono e\/o un indirizzo e-mail valido, anche in assenza di un campo predefinito;<\/li>\n<li>Fotocopia di un documento di riconoscimento in corso di validit\u00e0 (carta di identit\u00e0 fronte retro o prime due pagine del passaporto);<\/li>\n<li>Fotocopia del permesso di soggiorno (per coloro che non possiedono la cittadinanza svizzera);<\/li>\n<li>Giustificativo di domicilio: fattura recente di assicurazione Cassa Malattia a riprova della residenza nella circoscrizione consolare di competenza di questo Consolato Generale.<\/li>\n<li>Fotocopia del passaporto o carta di identit\u00e0 in corso di validit\u00e0 del genitore, in caso di codice fiscale per minorenne.<\/li>\n<\/ol>\n<p>Quando il tesserino plastificato verr\u00e0 spedito dall\u2019Agenzia delle Entrate al Consolato (i tempi di attesa sono di almeno 3 mesi), un operatore consolare chieder\u00e0 all\u2019interessato l\u2019invio di una raccomandata preaffrancata per la trasmissione del tesserino.<\/p>\n<p>In caso di smarrimento o distruzione del tesserino del codice fiscale, si pu\u00f2 richiedere il duplicato con le stesse modalit\u00e0 dell\u2019attribuzione, indicando nei relativi moduli che trattasi di duplicato.<u><\/u><\/p>\n","protected":false},"excerpt":{"rendered":"Per informazioni scrivere a: ginevra.codicefiscal@esteri.it A partire dal 15 luglio 2024 non \u00e8 pi\u00f9 necessario richiedere il tesserino del codice fiscale. Gli italiani iscritti all\u2019AIRE nella Circoscrizione consolare del Consolato Generale di Ginevra possono scaricare direttamente il certificato di attribuzione del codice fiscale tramite il Portale Fast It. Esso \u00e8 ottenibile in tempi rapidi, riporta [&hellip;]","protected":false},"author":1,"featured_media":0,"parent":59,"menu_order":18,"comment_status":"closed","ping_status":"closed","template":"","meta":{"footnotes":""},"class_list":["post-92","page","type-page","status-publish","hentry"],"_links":{"self":[{"href":"https:\/\/consginevra.esteri.it\/it\/wp-json\/wp\/v2\/pages\/92","targetHints":{"allow":["GET"]}}],"collection":[{"href":"https:\/\/consginevra.esteri.it\/it\/wp-json\/wp\/v2\/pages"}],"about":[{"href":"https:\/\/consginevra.esteri.it\/it\/wp-json\/wp\/v2\/types\/page"}],"author":[{"embeddable":true,"href":"https:\/\/consginevra.esteri.it\/it\/wp-json\/wp\/v2\/users\/1"}],"replies":[{"embeddable":true,"href":"https:\/\/consginevra.esteri.it\/it\/wp-json\/wp\/v2\/comments?post=92"}],"version-history":[{"count":8,"href":"https:\/\/consginevra.esteri.it\/it\/wp-json\/wp\/v2\/pages\/92\/revisions"}],"predecessor-version":[{"id":7278,"href":"https:\/\/consginevra.esteri.it\/it\/wp-json\/wp\/v2\/pages\/92\/revisions\/7278"}],"up":[{"embeddable":true,"href":"https:\/\/consginevra.esteri.it\/it\/wp-json\/wp\/v2\/pages\/59"}],"wp:attachment":[{"href":"https:\/\/consginevra.esteri.it\/it\/wp-json\/wp\/v2\/media?parent=92"}],"curies":[{"name":"wp","href":"https:\/\/api.w.org\/{rel}","templated":true}]}}