{"id":89,"date":"2023-04-03T19:29:38","date_gmt":"2023-04-03T17:29:38","guid":{"rendered":"https:\/\/consolatozurigo.esteri.it\/?page_id=89"},"modified":"2024-03-13T12:20:28","modified_gmt":"2024-03-13T10:20:28","slug":"servizi-notarili","status":"publish","type":"page","link":"https:\/\/consginevra.esteri.it\/it\/servizi-consolari-e-visti\/servizi-per-il-cittadino-italiano\/servizi-notarili\/","title":{"rendered":"Servizi notarili"},"content":{"rendered":"<p>Per richiesta di un appuntamento per l\u2019erogazione di un servizio notarile si invita ad inviare un e-mail alla seguente casella postale elettronica: <a href=\"mailto:notarile.ginevra@esteri.it\">notarile.ginevra@esteri.it<\/a><\/p>\n<p><strong>Si invita ad indicare nell\u2019email la tipologia di atto da stipulare<\/strong>, che resta sotto la totale responsabilit\u00e0 del cittadino italiano residente in questa circoscrizione consolare, sotto il profilo della valutazione in termini di appropriatezza ed efficacia dell\u2019atto stesso.<\/p>\n<p><strong>Le richieste di appuntamento con motivazioni generiche e che non specificano l\u2019atto richiesto non saranno prese in considerazione ai fini della fissazione di un appuntamento. <\/strong><\/p>\n<p><strong>Si sottolinea che l\u2019ufficio notarile del Consolato non \u00e8 un ufficio legale, pertanto non si fornisce consulenza legale sulla tipologia di atti notarili da stipulare in ordine alla risoluzione di complesse situazioni contrattuali o successorie o sulla loro convenienza economica.<\/strong><\/p>\n<p><strong>\u00c8 fortemente raccomandato l\u2019invio in formato word del testo dell\u2019atto da stipulare insieme a tutta la documentazione necessaria per l&#8217;atto stesso<\/strong>, inclusa copia dei documenti di identit\u00e0 in corso di validit\u00e0, del permesso di soggiorno e del codice fiscale di tutte le persone citate nell\u2019atto.<\/p>\n<p>Le bozze di procura gi\u00e0 predisposte da notaio, legale di fiducia o professionista potranno essere anticipate per email all\u2019indirizzo:\u00a0<a href=\"mailto:notarile.ginevra@esteri.it\">notarile.ginevra@esteri.it<\/a><\/p>\n<p><strong>Il servizio notarile erogato dal Consolato Generale d\u2019Italia a Ginevra \u00e8 dedicato prioritariamente ai cittadini italiani regolarmente iscritti all\u2019AIRE in questa circoscrizione consolare che comprende i Cantoni di Ginevra, Vaud e Losanna. <\/strong><\/p>\n<p><strong>Responsabile del Servizio Notarile:\u00a0<\/strong>Vice Console Dott. Calogero Massimiliano CAPUTO<\/p>\n<p>&nbsp;<\/p>\n<table width=\"839\">\n<tbody>\n<tr>\n<td width=\"839\"><em>La normativa di riferimento per l\u2019esercizio di funzioni notarili da parte degli uffici consolari \u00e8 la seguente <\/em><\/p>\n<p><em>L\u2019art. 28 del DECRETO LEGISLATIVO 3 febbraio 2011 n. 71 stabilisce quanto segue:<\/em><\/p>\n<p><strong><em>Funzioni notarili<\/em><\/strong><\/p>\n<p><em>1. Il capo dell&#8217;ufficio consolare esercita, secondo le modalit\u00e0 e con i limiti di seguito stabiliti, le funzioni di notaio nei confronti dei cittadini, attenendosi alla legislazione nazionale.<\/em><\/p>\n<p><em>2. Con decreto del Ministro degli affari esteri possono essere specificati gli atti notarili che i capi degli uffici consolari sono chiamati a stipulare, tenendo conto della possibilit\u00e0 di accedere ad adeguati servizi notarili in loco.<\/em><\/p>\n<p><em>3. Non \u00e8 necessario il requisito della residenza in Italia, richiesto dalle vigenti disposizioni per i testimoni non cittadini.<\/em><\/td>\n<\/tr>\n<\/tbody>\n<\/table>\n<p><strong>\u00a0<\/strong><\/p>\n<p><strong>Il giorno dell\u2019appuntamento presentarsi muniti di documento di riconoscimento, permesso di soggiorno, codice fiscale<\/strong>.<\/p>\n<p>Si ricorda che per i seguenti atti:<\/p>\n<ul>\n<li>atto notorio in forma pubblica<\/li>\n<li>procura a donare<\/li>\n<li>procura per accettazione di donazione<\/li>\n<\/ul>\n<p>sono richiesti <u>due testimoni, non dipendenti del Consolato<\/u>, che devono essere:<\/p>\n<ul>\n<li>cittadini italiani<\/li>\n<li>maggiorenni<\/li>\n<li>n\u00e9 parenti, n\u00e9 affini, n\u00e9 coniugi delle parti<\/li>\n<\/ul>\n<p>&nbsp;<\/p>\n<h4><strong><u>PROCURA<\/u><\/strong><\/h4>\n<p>La procura \u00e8 un atto con il quale si d\u00e0 la facolt\u00e0 ad un\u2019altra persona di agire in propria vece e rappresentanza ed a compiere gli atti necessari per raggiungere un determinato scopo (es. vendere, acquistare, amministrare, fare donazione, accettare donazione, costituire o sciogliere societ\u00e0, richiedere pubblicazioni di matrimonio, ecc.).<br \/>\nLe procure si dividono in due categorie:<\/p>\n<ul>\n<li><strong>procure generali<\/strong>: con questi atti l\u2019interessato affida al rappresentante la gestione totale di tutti i suoi affari e beni, sia presenti sia futuri. La procura generale \u00e8 rilasciata a tempo indeterminato;<\/li>\n<li><strong>procure speciali<\/strong>: con questi atti l\u2019interessato affida al rappresentante la gestione di una parte dei suoi affari. La procura speciale cessa di avere efficacia nel momento in cui l\u2019incarico particolare per il quale \u00e8 stata rilasciata si conclude.<\/li>\n<\/ul>\n<p>&nbsp;<\/p>\n<h4><em><u>Revoca<\/u><\/em><\/h4>\n<p><u><br \/>\n<\/u>Il diritto italiano prevede che tutti gli atti notarili, quindi anche le procure e le revoche di procure, siano registrati. La revoca di una procura deve essere effettuata rispettando le stesse modalit\u00e0 attraverso le quali essa \u00e8 stata conferita. Se, ad es., all\u2019atto da revocare presenziarono dei testimoni, alla revoca di tale atto dovranno, non diversamente, intervenire due testimoni.<\/p>\n<p>&nbsp;<\/p>\n<h4><strong><u>AUTOCERTIFICAZIONE<\/u><\/strong><\/h4>\n<p>Ai sensi dell\u2019art. 1 comma 1 lett. g) del D.P.R. 28 dicembre 2000 n. 445 per \u201cdichiarazione sostitutiva di certificazione\u201d si intende \u201cil documento, sottoscritto dall&#8217;interessato, prodotto in sostituzione del certificato di cui alla lettera f)\u201d che definisce \u201ccertificato il documento rilasciato da una amministrazione pubblica avente funzione di ricognizione, riproduzione o partecipazione a terzi di stati, qualit\u00e0 personali e fatti contenuti in albi, elenchi o registri pubblici o comunque accertati da soggetti titolari di funzioni pubbliche\u201d.<\/p>\n<p>Essa rappresenta cio\u00e8 la possibilit\u00e0 per il cittadino di fornire le stesse notizie presenti in un registro pubblico in modo pi\u00f9 semplice e con meno oneri.<\/p>\n<p>La possibilit\u00e0 di avvalersi dell\u2019autocertificazione \u00e8 concessa a tutti i cittadini italiani e dei Paesi dell\u2019Unione Europea.<\/p>\n<p>La facolt\u00e0 di avvalersi di dichiarazioni sostitutive \u00e8 stata estesa anche ai cittadini extracomunitari regolarmente soggiornanti in Italia limitatamente ai dati verificabili o certificabili in Italia da soggetti pubblici.<\/p>\n<p>L\u2019autocertificazione e le dichiarazioni sostitutive possono essere utilizzate nei rapporti con la Pubblica Amministrazione e con i concessionari e i gestori di pubblici servizi.<br \/>\nNon possono invece essere utilizzate nei rapporti tra i privati, salvo che gli stessi non vi acconsentano, e davanti all\u2019autorit\u00e0 giudiziaria nello svolgimento di funzioni giurisdizionali.<\/p>\n<p><strong>Certificati sostituiti dall\u2019autocertificazione<\/strong><\/p>\n<p>L\u2019autocertificazione pu\u00f2 essere sostitutiva di normali certificazioni, si pu\u00f2 dunque ricorrere all\u2019autocertificazione nei seguenti casi:<\/p>\n<ul>\n<li>adempimento o meno degli obblighi militari compresi quelli di cui all\u2019art. 77 del D.P.R. n. 237\/64 come modificato dall\u2019art. 22 della legge 958\/86;<\/li>\n<li>assenza di condanne penali;<\/li>\n<li>assolvimento di specifici obblighi contributivi con l\u2019indicazione dell\u2019ammontare;<\/li>\n<li>cittadinanza;<\/li>\n<li>codice fiscale o partita IVA;<\/li>\n<li>data e luogo di nascita;<\/li>\n<li>decesso del coniuge, dell\u2019ascendente o discendente;<\/li>\n<li>esami sostenuti universitari e di stato;<\/li>\n<li>esistenza in vita;<\/li>\n<li>godimento dei diritti politici;<\/li>\n<li>iscrizione in albi o elenchi tenuti dalla Pubblica Amministrazione;<\/li>\n<li>iscrizione presso associazioni o formazioni sociali di qualsiasi tipo;<\/li>\n<li>nascita del figlio;<\/li>\n<li>posizione agli effetti degli obblighi militari;<\/li>\n<li>qualit\u00e0 di casalinga;<\/li>\n<li>qualit\u00e0 di legale rappresentante di persone fisiche o giuridiche, di tutore, di curatore e simili;<\/li>\n<li>qualit\u00e0 di pensionato e categoria di pensione;<\/li>\n<li>qualit\u00e0 di studente;<\/li>\n<li>qualit\u00e0 di vivenza a carico;<\/li>\n<li>qualsiasi dato dell\u2019anagrafe tributaria;<\/li>\n<li>qualifiche professionali;<\/li>\n<li>residenza;<\/li>\n<li>situazione reddituale o economica anche ai fini della concessione di benefici e vantaggi di qualsiasi tipo previsti da leggi speciali;<\/li>\n<li>stato di celibe, coniugato o vedovo;<\/li>\n<li>stato di famiglia;<\/li>\n<li>titoli di abilitazione;<\/li>\n<li>titoli di aggiornamento;<\/li>\n<li>stato di disoccupazione;<\/li>\n<li>titoli di formazione;<\/li>\n<li>titoli di qualificazione tecnica;<\/li>\n<li>titoli di specializzazione;<\/li>\n<li>titoli di studio acquisiti;<\/li>\n<li>tutti i dati a diretta conoscenza dell\u2019interessato contenuti nei registri dello stato civile.<\/li>\n<\/ul>\n<p><strong>Casi in cui l\u2019autocertificazione non \u00e8 mai ammessa<\/strong><\/p>\n<p>La possibilit\u00e0 di avvalersi dell\u2019autocertificazione non \u00e8 mai ammessa per i certificati:<\/p>\n<ul>\n<li>medici;<\/li>\n<li>sanitari;<\/li>\n<li>veterinari;<\/li>\n<li>di origine;<\/li>\n<li>di conformit\u00e0 all\u2019Ue;<\/li>\n<li>marchi;<\/li>\n<li>brevetti.<\/li>\n<\/ul>\n<p><strong>Modalit\u00e0 della dichiarazione sostitutiva di certificazione<\/strong><\/p>\n<p>La dichiarazione sostitutiva delle normali certificazioni si pu\u00f2 fare scrivendo su carta semplice e firmando sotto la propria ed esclusiva responsabilit\u00e0 (non \u00e8 necessario firmare davanti all\u2019impiegato) o compilando dichiarazioni sostitutive.<br \/>\nInoltre, \u00e8 possibile trasmettere documenti, atti e certificati per fax, per posta o mezzo telematico e informatico alle Amministrazioni Pubbliche.<\/p>\n<p>&nbsp;<\/p>\n<h4><strong><u>ATTI NOTORI<\/u><\/strong><\/h4>\n<p><strong><u><br \/>\n<\/u><\/strong>Gli interessati possono ricorrere all\u2019autocertificazione per tutti gli stati, fatti e qualit\u00e0 personali che non siano certificabili da parte di una pubblica amministrazione, mediante dichiarazione sostitutiva dell\u2019atto di notoriet\u00e0 ai sensi dell\u2019art.47 del DPR 445\/2000.<br \/>\nInoltre, la dichiarazione sostitutiva dell\u2019atto di notoriet\u00e0 pu\u00f2 riguardare anche circostanze relative ad altri soggetti, di cui il dichiarante abbia diretta conoscenza, nonch\u00e9 la possibilit\u00e0 di attestare la conformit\u00e0 all\u2019originale di una pubblicazione.<\/p>\n<p>La dichiarazione sostitutiva di atti notori pu\u00f2 essere fatta dichiarando fatti, stati o qualit\u00e0 personali a diretta conoscenza dell\u2019interessato dinanzi al funzionario competente a ricevere la documentazione, o dinanzi a un notaio, cancelliere, segretario comunale o altro funzionario incaricato dal sindaco .<br \/>\nQualora si tratti di stati, fatti e qualit\u00e0 personali certificabili o attestabili da parte di un altro soggetto pubblico e l\u2019amministrazione ritenga necessario controllare la veridicit\u00e0 delle dichiarazioni, ha a disposizione 15 giorni di tempo dalle dichiarazioni per richiedere la necessaria documentazione.<\/p>\n<p>Validit\u00e0 delle dichiarazioni sostitutive di normali certificazioni e di atti notori<\/p>\n<p>Le dichiarazioni sostitutive hanno la stessa validit\u00e0 degli atti che sostituiscono.<br \/>\nNormalmente i certificati hanno validit\u00e0 per sei mesi dalla data in cui sono stati rilasciati, salvo che norme di legge o regolamentari non dispongano una validit\u00e0 superiore. La validit\u00e0 delle certificazioni anagrafiche e quelle relative allo stato civile \u00e8 prolungabile se l\u2019interessato dichiara che i dati contenuti nel certificato non hanno subito modifiche e sottoscrive tale dichiarazione.<br \/>\nHanno validit\u00e0 illimitata, invece, i certificati e le dichiarazioni sostitutive che attestano stati e fatti personali che non sono soggetti a modificazioni (certificati di nascita, di morte, titoli di studio, ecc.).<\/p>\n<p>Casi in cui la Pubblica Amministrazione non pu\u00f2 pi\u00f9 chiedere certificazioni ai cittadini<\/p>\n<p>Nel caso in cui si debba certificare i dati relativi a cognome, nome, luogo e data di nascita, cittadinanza, stato civile e residenza, la Pubblica Amministrazione non pu\u00f2 pi\u00f9 chiedere certificazioni ma \u00e8 sufficiente l\u2019esibizione di un documento di riconoscimento.<br \/>\nLa registrazione dei dati avviene attraverso la fotocopia non autenticata del documento stesso.<br \/>\nSe il documento non \u00e8 pi\u00f9 valido, l\u2019interessato deve dichiarare, in margine alla fotocopia, che i dati contenuti nel documento non sono variati dalla data del rilascio.<\/p>\n<p>Sanzioni per i cittadini che forniscono dichiarazioni non veritiere<\/p>\n<p>Se le amministrazioni hanno dubbi sulla veridicit\u00e0 delle autocertificazioni, sono tenute a effettuare i controlli necessari.<br \/>\nNel caso vengano riscontrate dichiarazioni mendaci, la falsit\u00e0 negli atti e l\u2019uso di atti falsi sono puniti ai sensi del codice penale e delle leggi in materia.<br \/>\nIl dichiarante inoltre decade dai benefici eventualmente conseguiti grazie a provvedimenti basati su dichiarazioni non veritiere.<\/p>\n<p>Documenti di riconoscimento e di identit\u00e0<\/p>\n<p>In tutti i casi in cui viene richiesto un documento di identit\u00e0 esso pu\u00f2 essere sostituito da un documento di riconoscimento equipollente. Sono equipollenti alla carta di identit\u00e0:<\/p>\n<ul>\n<li>il passaporto;<\/li>\n<li>le tessere di riconoscimento rilasciate da un\u2019Amministrazione dello Stato, purch\u00e9 munite di fotografia e di timbro o altra segnatura equivalente.<\/li>\n<\/ul>\n<p>&nbsp;<\/p>\n<h4><strong>Autentica di firma presso i notai svizzeri<\/strong><\/h4>\n<p><strong>Si r<\/strong><strong>icorda che l\u2019AUTENTICA DI FIRMA di un notaio svizzero, anche su procure speciali, \u00e8 riconosciuta in Italia. La procura da firmare deve essere predisposta in forma di \u201cSCRITTURA PRIVATA\u201d dal tuo notaio in Italia.<\/strong><\/p>\n<p><strong>COME RICERCARE UN NOTAIO SVIZZERO:<\/strong><\/p>\n<p>Il sito dei notai attivi in Svizzera romanda propone una ricerca per cantone e\/o luogo di residenza:\u00a0<a href=\"https:\/\/www.notaires.ch\/\">https:\/\/www.notaires.ch\/<\/a><\/p>\n<ul>\n<li>Cantone di Ginevra:<a href=\"https:\/\/notaires-geneve.ch\/fr\/liste-des-notaires\">https:\/\/notaires-geneve.ch\/fr\/liste-des-notaires\u00a0<\/a><\/li>\n<li>Canton Vaud: https:\u00a0<a href=\"http:\/\/www.notaires.ch\/associations\/vaud\">www.notaires.ch\/associations\/vaud<\/a><\/li>\n<li>Cantone Vallese: https:\u00a0<a href=\"http:\/\/www.notaires.ch\/associations\/valais\">www.notaires.ch\/associations\/valais<\/a>indicando nella ricerca il luogo di residenza.<\/li>\n<\/ul>\n<h4><strong>Apostille<\/strong><\/h4>\n<p>Si ricorda che la \u00ab\u00a0PROCURA SPECIALE\u00a0\u00bb o \u00ab\u00a0DELEGA\u00a0\u00bb o \u00ab\u00a0DICHIARAZIONE\u00a0\u00bb ha validit\u00e0 in Italia solo se munita di \u00ab\u00a0APOSTILLE\u00a0\u00bb prevista dalla Convenzione dell\u2019Aja del 1961 (\u201cConvenzione che sopprime la legalizzazione degli atti pubblici esteri\u201d) che \u00e8 stata firmata e ratificata da moltissimi Stati, tra cui l\u2019Italia e la Svizzera.<\/p>\n<p>L\u2019Apostille viene apposta dall\u2019ufficio cantonale competente, ecco gli indirizzi:<\/p>\n<ul>\n<li>Cantone di Ginevra \u2013 Office cantonal de la population et des migrations, Service \u00e9tat civil et l\u00e9galisations, CP 2265, 1211 Gen\u00e8ve 2, telefono: +41 (0)22 546 48 64, email:\u00a0<a href=\"mailto:legalisations.ocpm@etat.ge.ch\">legalisations.ocpm@etat.ge.ch<\/a>\u00a0Orario d\u2019apertura: da luned\u00ec a venerd\u00ec \u2013 dalle ore 7.30 alle ore 16.00. Tariffa: CHF 30.00 per legalizzazione semplice o apostille; CHF 5 per copia certificata conforme.<\/li>\n<li>Canton Vaud \u2013 Pr\u00e9fecture de Lausanne, Bureau des l\u00e9galisations, Place du Ch\u00e2teau 1, 1014 Lausanne, telefono: +41 (0)21 316 41 11, email:\u00a0<a href=\"mailto:pr%C3%A9fecture.lausanne@vd.ch\">pr\u00e9fecture.lausanne@vd.ch<\/a>\u00a0Orario d\u2019apertura: da luned\u00ec a gioved\u00ec \u2013 dalle ore 8.30 alle ore 12.00 \/ dalle ore 13.30 alle ore 16.30; venerd\u00ec dalle ore 8.30 alle ore 16.00. Tariffa: CHF 30.00 per documento.<\/li>\n<li>Canton Vallese \u2013 Chancellerie d\u2019Etat du Canton du valais, L\u00e9galisations, Palais du Gouvernement, Place de la Planta 3, 1950 Sion, telefono: +41 (0)27 606 20 20, email:\u00a0<a href=\"mailto:chancellerie-accueil@admin.vs.ch\">chancellerie-accueil@admin.vs.ch<\/a>\u00a0Orario d\u2019apertura: da luned\u00ec a gioved\u00ec \u2013 dalle ore 8.30 alle ore 11.30 \/ dalle ore 14.00 alle ore 17.00; venerd\u00ec dalle ore 8.30 alle ore 11.30 \/ dalle ore 14.00 alle ore 16.00. Tariffa: CHF 15.00 per legalizzazione o apostille.<\/li>\n<\/ul>\n","protected":false},"excerpt":{"rendered":"Per richiesta di un appuntamento per l\u2019erogazione di un servizio notarile si invita ad inviare un e-mail alla seguente casella postale elettronica: notarile.ginevra@esteri.it Si invita ad indicare nell\u2019email la tipologia di atto da stipulare, che resta sotto la totale responsabilit\u00e0 del cittadino italiano residente in questa circoscrizione consolare, sotto il profilo della valutazione in termini [&hellip;]","protected":false},"author":1,"featured_media":0,"parent":59,"menu_order":12,"comment_status":"closed","ping_status":"closed","template":"","meta":{"footnotes":""},"class_list":["post-89","page","type-page","status-publish","hentry"],"_links":{"self":[{"href":"https:\/\/consginevra.esteri.it\/it\/wp-json\/wp\/v2\/pages\/89","targetHints":{"allow":["GET"]}}],"collection":[{"href":"https:\/\/consginevra.esteri.it\/it\/wp-json\/wp\/v2\/pages"}],"about":[{"href":"https:\/\/consginevra.esteri.it\/it\/wp-json\/wp\/v2\/types\/page"}],"author":[{"embeddable":true,"href":"https:\/\/consginevra.esteri.it\/it\/wp-json\/wp\/v2\/users\/1"}],"replies":[{"embeddable":true,"href":"https:\/\/consginevra.esteri.it\/it\/wp-json\/wp\/v2\/comments?post=89"}],"version-history":[{"count":7,"href":"https:\/\/consginevra.esteri.it\/it\/wp-json\/wp\/v2\/pages\/89\/revisions"}],"predecessor-version":[{"id":3546,"href":"https:\/\/consginevra.esteri.it\/it\/wp-json\/wp\/v2\/pages\/89\/revisions\/3546"}],"up":[{"embeddable":true,"href":"https:\/\/consginevra.esteri.it\/it\/wp-json\/wp\/v2\/pages\/59"}],"wp:attachment":[{"href":"https:\/\/consginevra.esteri.it\/it\/wp-json\/wp\/v2\/media?parent=89"}],"curies":[{"name":"wp","href":"https:\/\/api.w.org\/{rel}","templated":true}]}}