{"id":86,"date":"2023-04-03T19:29:02","date_gmt":"2023-04-03T17:29:02","guid":{"rendered":"https:\/\/consolatozurigo.esteri.it\/?page_id=86"},"modified":"2024-04-16T12:47:11","modified_gmt":"2024-04-16T10:47:11","slug":"stato-civile","status":"publish","type":"page","link":"https:\/\/consginevra.esteri.it\/it\/servizi-consolari-e-visti\/servizi-per-il-cittadino-italiano\/stato-civile\/","title":{"rendered":"Stato Civile"},"content":{"rendered":"<h4>NOVITA\u2019<\/h4>\n<p>Si avvisano i connazionali che la sezione relativa alle pratiche di stato civile del FAST IT del Consolato di Ginevra \u00e8 stata disattivata in quanto i documenti caricati sono delle copie, mentre per tali tipi di pratiche sono necessari gli atti <span style=\"text-decoration: underline;\"><strong>in originale<\/strong><\/span> da inviare ai Comuni italiani per la trascrizione.<\/p>\n<p>I cittadini italiani iscritti all\u2019AIRE che vogliano far trascrivere nei registri dello Stato civile dei Comuni italiani gli atti di nascita, matrimonio o unione civile, decesso o divorzio sono pregati di seguire le indicazioni presenti nelle singole sezioni della presente pagina web.<\/p>\n<p>Si suggerisce di anticipare via e-mail alla casella statocivile.ginevra@esteri.it i documenti da trascrivere per una prima verifica della completezza e correttezza della documentazione.<\/p>\n<p>&nbsp;<\/p>\n<p>&nbsp;<\/p>\n<h4>L\u2019Ufficio di Stato Civile<\/h4>\n<p>L\u2019Ufficio di Stato Civile del Consolato si occupa, come il Comune italiano, delle iscrizioni, annotazioni e tenuta dei Registri di Stato Civile. I Registri di Stato Civile sono quattro: cittadinanza, nascita, matrimonio e morte.<\/p>\n<p>Per ognuna di queste materie, l\u2019Ufficio ha anche la competenza a rilasciare certificati dei documenti depositati agli atti dell\u2019ufficio che attestino appunto lo &#8220;stato civile&#8221; di ciascun individuo.<\/p>\n<p>I cittadini italiani sono tenuti a dichiarare al proprio Consolato tutte le variazioni di stato civile (producendo i relativi atti o altra documentazione) che si verificano durante la loro permanenza all&#8217;estero.<br \/>\nIl cittadino italiano che ha fissato la sua residenza all&#8217;estero, per poter registrare atti di nascita, matrimonio, decesso, deve prima iscriversi all&#8217;<a href=\"https:\/\/consginevra.esteri.it\/it\/servizi-consolari-e-visti\/servizi-per-il-cittadino-italiano\/anagrafe-degli-italiani-residenti-allestero-aire\/\">A.I.R.E<\/a>.<\/p>\n<p>Gli atti di stato civile relativi ad eventi verificatisi all\u2019estero possono essere presentati dagli interessati e da chiunque ne abbia interesse o direttamente al Comune italiano di appartenenza (vedi articolo 12, comma 11, DPR 396\/2000) o al Consolato competente (quello di residenza dell\u2019interessato o quello nella cui circoscrizione gli atti sono stati formati; la legalizzazione deve essere effettuata in ogni caso dall\u2019ufficio consolare accreditato nello Stato in cui l\u2019atto \u00e8 stato formato). Gli uffici consolari ricevono gli atti emessi dalle Autorit\u00e0 straniere, concernenti cittadini italiani, e li trasmettono ai Comuni italiani per la trascrizione.<\/p>\n<p>I documenti di stato civile, se sono rilasciati da Autorit\u00e0 svizzera devono essere trasmessi al Consolato Generale in originale e su formulario internazionale (CIEC ovvero in cinque lingue); se, invece, sono rilasciati da autorit\u00e0 non svizzere e non redatti su formulario internazionale, devono essere legalizzati dalle Rappresentanze diplomatiche o consolari italiane all&#8217;estero competenti territorialmente in base all\u2019emissione dello stesso documento (es. un documento emesso dalle autorit\u00e0 peruviane deve essere legalizzato dalla Cancelleria consolare dell\u2019Ambasciata d\u2019Italia in Peru).<\/p>\n<p>Come detto, i Comuni svizzeri inviano d&#8217;ufficio al Consolato Generale gli atti di nascita, matrimonio e morte dei connazionali che posseggono la sola cittadinanza italiana in conformit\u00e0 all\u2019accordo bilaterale del 16 novembre 1966.<br \/>\nTale servizio non viene offerto per coloro che hanno la doppia cittadinanza (italiana e svizzera). Gli interessati dovranno pertanto provvedere alla consegna degli <strong>\u201coriginali\u201d<\/strong> degli atti all\u2019Ufficio di Stato Civile del Consolato Generale.<\/p>\n<p>I certificati originali (inclusi i decreti o le sentenze di divorzio) NON vengono restituiti.<\/p>\n<p>L\u2019Ufficio di Stato Civile assiste inoltre i cittadini residenti nella circoscrizione ed iscritti all\u2019A.I.R.E. nell&#8217;espletamento delle seguenti pratiche:<\/p>\n<ul>\n<li>redazione del verbale di pubblicazioni di matrimonio e affissione all&#8217;albo consolare;<\/li>\n<li>le pubblicazioni per i cittadini che contraggono matrimonio di fronte alle Autorit\u00e0 estere non sono pi\u00f9 necessarie (articolo 110 del DPR 396\/2000 che abroga il secondo comma articolo 115 del C.C. e Sentenza Consiglio di Stato n. 3105\/2007)<\/li>\n<li>celebrazione del matrimonio consolare, sempre che non vi si oppongano le leggi locali. Si precisa che presso il Consolato Generale di Ginevra non vengono celebrati matrimoni.<\/li>\n<li>trasmissione delle istanze per il cambio del nome e del cognome alle prefetture competenti.<\/li>\n<li>ricezione e trasmissione delle sentenze di separazione e di divorzio ai Comuni competenti per la trascrizione (se il matrimonio venne celebrato in Italia, la sentenza di divorzio verr\u00e0 inviata al Comune dove fu celebrato il matrimonio).<\/li>\n<\/ul>\n<h4><strong><br \/>\nRichiesta di certificati<\/strong><\/h4>\n<p>L\u2019Ufficio di Stato Civile emette esclusivamente in favore degli iscritti all\u2019A.I.R.E. in questa circoscrizione consolare le seguenti certificazioni previo versamento delle percezioni consolari previste :<\/p>\n<ul>\n<li>certificato di iscrizione nello schedario consolare<\/li>\n<li>certificato di iscrizione famiglia nello schedario consolare<\/li>\n<li>certificato di cittadinanza<\/li>\n<li>certificato di stato civile\/di stato libero<\/li>\n<li>certificato cumulativo\/contestuale per matrimonio da celebrarsi in Italia<\/li>\n<\/ul>\n<p>A questi si aggiunge il &#8220;<em>certificato di capacit\u00e0 matrimoniale<\/em>&#8221; che a differenza dei precedenti va richiesto all\u2019indirizzo e-mail <a href=\"mailto:ginevra.certificati@esteri.it\">ginevra.certificati@esteri.it<\/a>.<\/p>\n<p>N.B.: A seguito dell\u2019entrata in vigore della legge di stabilit\u00e0 (legge 183\/2011), dal 1 gennaio 2012 le certificazioni rilasciate dalla pubblica amministrazione in ordine a stati, qualit\u00e0 personali e fatti sono valide e utilizzabili solo nei rapporti tra privati. Sulle certificazioni da produrre ai soggetti privati \u00e8 apposta, a pena di nullit\u00e0, la dicitura: &#8220;<em>Il presente certificato non pu\u00f2 essere prodotto agli organi della pubblica amministrazione o ai privati gestori di pubblici servizi<\/em>&#8220;.<\/p>\n<p>Il Consolato non \u00e8 autorizzato e possono invece essere rilasciati esclusivamente dai Comuni italiani i seguenti documenti:<\/p>\n<ul>\n<li>certificato o estratto dell&#8217;atto di nascita;<\/li>\n<li>certificato o estratto dell&#8217;atto di matrimonio;<\/li>\n<li>certificato o estratto dell&#8217;atto di morte;<\/li>\n<li>certificato di iscrizione all&#8217;A.I.R.E. .<\/li>\n<\/ul>\n<p>N.B.: il Consolato non rilascia atti di nascita, di matrimonio o di morte. Essi andranno pertanto richiesti ai Comuni competenti. Se la nascita, il matrimonio o il decesso sono avvenuti all&#8217;estero, possono essere richiesti sia al Comune straniero oppure al Comune italiano che ne ha curato la trascrizione.<\/p>\n<p>A partire dal 15 novembre 2021, anche i cittadini iscritti AIRE possono richiedere direttamente online diversi certificati, tutti gratuiti, a condizione di avere un&#8217;identit\u00e0 digitale (Carta di Identit\u00e0 Elettronica, SPID o Carta Nazionale dei Servizi), unica modalit\u00e0 per i servizi a distanza della pubblica amministrazione italiana.<br \/>\nIl sito al quale e&#8217; necessario connettersi e&#8217; <a href=\"https:\/\/www.anagrafenazionale.interno.it\/servizi-al-cittadino\/\">https:\/\/www.anagrafenazionale.interno.it\/servizi-al-cittadino\/<\/a>.<\/p>\n<p>Vengono poi rilasciati esclusivamente dai Tribunali italiani i seguenti documenti:<\/p>\n<ul>\n<li>certificato penale e carichi pendenti (\u00e8 il cosiddetto \u2018casellario giudiziale\u2019);<\/li>\n<li>sentenza di divorzio con passaggio in giudicato.<\/li>\n<\/ul>\n<p>&nbsp;<\/p>\n","protected":false},"excerpt":{"rendered":"NOVITA\u2019 Si avvisano i connazionali che la sezione relativa alle pratiche di stato civile del FAST IT del Consolato di Ginevra \u00e8 stata disattivata in quanto i documenti caricati sono delle copie, mentre per tali tipi di pratiche sono necessari gli atti in originale da inviare ai Comuni italiani per la trascrizione. I cittadini italiani [&hellip;]","protected":false},"author":1,"featured_media":0,"parent":59,"menu_order":6,"comment_status":"closed","ping_status":"closed","template":"","meta":{"footnotes":""},"class_list":["post-86","page","type-page","status-publish","hentry"],"_links":{"self":[{"href":"https:\/\/consginevra.esteri.it\/it\/wp-json\/wp\/v2\/pages\/86","targetHints":{"allow":["GET"]}}],"collection":[{"href":"https:\/\/consginevra.esteri.it\/it\/wp-json\/wp\/v2\/pages"}],"about":[{"href":"https:\/\/consginevra.esteri.it\/it\/wp-json\/wp\/v2\/types\/page"}],"author":[{"embeddable":true,"href":"https:\/\/consginevra.esteri.it\/it\/wp-json\/wp\/v2\/users\/1"}],"replies":[{"embeddable":true,"href":"https:\/\/consginevra.esteri.it\/it\/wp-json\/wp\/v2\/comments?post=86"}],"version-history":[{"count":6,"href":"https:\/\/consginevra.esteri.it\/it\/wp-json\/wp\/v2\/pages\/86\/revisions"}],"predecessor-version":[{"id":3903,"href":"https:\/\/consginevra.esteri.it\/it\/wp-json\/wp\/v2\/pages\/86\/revisions\/3903"}],"up":[{"embeddable":true,"href":"https:\/\/consginevra.esteri.it\/it\/wp-json\/wp\/v2\/pages\/59"}],"wp:attachment":[{"href":"https:\/\/consginevra.esteri.it\/it\/wp-json\/wp\/v2\/media?parent=86"}],"curies":[{"name":"wp","href":"https:\/\/api.w.org\/{rel}","templated":true}]}}