{"id":84,"date":"2023-04-03T19:28:33","date_gmt":"2023-04-03T17:28:33","guid":{"rendered":"https:\/\/consolatozurigo.esteri.it\/?page_id=84"},"modified":"2025-12-11T12:45:46","modified_gmt":"2025-12-11T10:45:46","slug":"emergency-travel-documents-etd","status":"publish","type":"page","link":"https:\/\/consginevra.esteri.it\/it\/servizi-consolari-e-visti\/servizi-per-il-cittadino-italiano\/emergency-travel-documents-etd\/","title":{"rendered":"Emergency Travel Documents (ETD)"},"content":{"rendered":"<div class=\"entry-content\">\n<h3><strong>Richiedere un ETD (Emergency Travel Document) per il rimpatrio<\/strong><\/h3>\n<p>L\u2019Emergency Travel Document\u00a0<strong>(ETD)<\/strong>\u00a0\u00e8 un documento di viaggio provvisorio\u00a0<strong>con validit\u00e0 di 5 giorni compresa la data di rilascio<\/strong>. Pu\u00f2 essere emesso nel caso in cui la persona non abbia alcun documento di riconoscimento valido per viaggiare (passaporto o carta d\u2019identit\u00e0). L\u2019emergency Travel Document \u00e8 utilizzato solo per il rientro in Italia o verso lo Stato membro dell\u2019UE in cui il richiedente abbia la residenza permanente comprovata dall\u2019iscrizione AIRE.<br \/>\n<strong>Per il suo rilascio, \u00e8 necessaria la presenza in Consolato del richiedente (neonati e minori compresi)<\/strong>.<\/p>\n<\/div>\n<div class=\"entry-content\">\n<p><strong>Come richiedere il rilascio di un ETD<\/strong><\/p>\n<p>1 &#8211; Inviare un\u2019email a ginevra.urgenzepassaporti@esteri.it per chiedere un appuntamento, allegando copia del titolo di viaggio e denuncia di furto o smarrimento del passaporto o della carta d\u2019identit\u00e0 effettuato presso la locale competente Autorit\u00e0 di Polizia;<br \/>\n2 &#8211; Presentarsi in Consolato (Rue Charles Galland 14 \u2013 1206 Ginevra) negli orari di apertura dal luned\u00ec al venerd\u00ec dalle 9:00 alle 12:30, il gioved\u00ec dalle 9:00 alle 12:00 e dalle 13:30 alle 15:30. L\u2019ingresso per i connazionali si trova sul retro: Rue Munier-Romilly 3.<\/p>\n<p>Qualora l\u2019interessato sia in possesso di carta d\u2019identit\u00e0 elettronica valida per l\u2019espatrio, NON verr\u00e0 emesso l\u2019ETD.<\/p>\n<p><u>Si consiglia<\/u>\u00a0di presentarsi in Consolato 2-3 giorni prima della partenza, in modo da avere un ETD con copertura maggiore nel caso di scioperi dei mezzi di trasporto o qualora la compagnia aerea annullasse il volo o modificasse la data di partenza<\/p>\n<p><strong>MAGGIORENNE \u2013 Documentazione necessaria per il rilascio di un ETD<\/strong><\/p>\n<ul>\n<li>modulo di richiesta di rilascio compilato &#8211; <a href=\"https:\/\/consginevra.esteri.it\/wp-content\/uploads\/2024\/09\/passap_form_per_rilascio_ETD_20240930.pdf\">download<\/a><\/li>\n<li>2 fotografie formato tessera identiche e recenti (acquisite da non oltre 6 mesi), conformi agli\u00a0<a href=\"https:\/\/conslondra.esteri.it\/wp-content\/uploads\/2022\/08\/photograph_guidelines_it.pdf\">standard internazionali ICAO<\/a>;<\/li>\n<li>Denuncia di furto o smarrimento del passaporto o della carta d\u2019identit\u00e0 effettuato presso la locale competente Autorit\u00e0 di Polizia;<\/li>\n<li>copia di un documento di riconoscimento (carta d\u2019identit\u00e0 o passaporto) contenente la foto e la firma. Anche la patente valida ha valore identificativo;<\/li>\n<li>in mancanza di un qualsiasi documento di identificazione, \u00e8 necessaria la presenza di un testimone, munito di documento d\u2019identit\u00e0, che sia in grado di identificare il richiedente sotto la propria responsabilit\u00e0;<\/li>\n<li>copia del titolo di viaggio con\u00a0<strong>data di partenza confermata entro 5 giorni dalla richiesta di ETD;<\/strong><\/li>\n<\/ul>\n<p>AVVERTENZA \u2013 Qualora nessuna di queste opzioni per il riconoscimento della persona sia praticabile, la rappresentanza consolare dovr\u00e0 richiedere conferma dei dati anagrafici al Comune italiano di residenza, ma tale verifica potr\u00e0 richiedere dei tempi di elaborazione pi\u00f9 lunghi.<\/p>\n<p><strong>MINORENNE \u2013 Documentazione necessaria per il rilascio di un ETD<\/strong><\/p>\n<ul>\n<li>modulo di richiesta di rilascio compilato &#8211; <a href=\"https:\/\/consginevra.esteri.it\/wp-content\/uploads\/2024\/09\/passap_form_per_rilascio_ETD_20240930.pdf\">download<\/a><\/li>\n<li>2 fotografie formato tessera identiche e recenti (acquisite da non oltre 6 mesi) conformi agli\u00a0<a href=\"https:\/\/conslondra.esteri.it\/wp-content\/uploads\/2022\/08\/photograph_guidelines_it.pdf\">standard internazionali ICAO<\/a>;<\/li>\n<li>documento di riconoscimento\u00a0con foto e firma di entrambi i genitori o dell\u2019accompagnatore;<\/li>\n<li>Denuncia di furto o smarrimento del passaporto o della carta d\u2019identit\u00e0 effettuato presso la locale competente Autorit\u00e0 di Polizia;<\/li>\n<li>in mancanza di un qualsiasi documento di identificazione, \u00e8 necessaria la presenza di un testimone maggiorenne munito di documento d\u2019identit\u00e0, che sia in grado di identificare il richiedente sotto la propria responsabilit\u00e0;<\/li>\n<li>copia del titolo di viaggio, con\u00a0<strong>data di partenza entro 5 giorni dalla richiesta di ETD;<\/strong><\/li>\n<\/ul>\n<p>Se uno dei genitori non \u00e8 cittadino europeo, dovr\u00e0 autenticare la propria firma recandosi personalmente in Consolato.<\/p>\n<p>&nbsp;<\/p>\n<\/div>\n","protected":false},"excerpt":{"rendered":"Richiedere un ETD (Emergency Travel Document) per il rimpatrio L\u2019Emergency Travel Document\u00a0(ETD)\u00a0\u00e8 un documento di viaggio provvisorio\u00a0con validit\u00e0 di 5 giorni compresa la data di rilascio. Pu\u00f2 essere emesso nel caso in cui la persona non abbia alcun documento di riconoscimento valido per viaggiare (passaporto o carta d\u2019identit\u00e0). L\u2019emergency Travel Document \u00e8 utilizzato solo per [&hellip;]","protected":false},"author":1,"featured_media":0,"parent":59,"menu_order":2,"comment_status":"closed","ping_status":"closed","template":"","meta":{"footnotes":""},"class_list":["post-84","page","type-page","status-publish","hentry"],"_links":{"self":[{"href":"https:\/\/consginevra.esteri.it\/it\/wp-json\/wp\/v2\/pages\/84","targetHints":{"allow":["GET"]}}],"collection":[{"href":"https:\/\/consginevra.esteri.it\/it\/wp-json\/wp\/v2\/pages"}],"about":[{"href":"https:\/\/consginevra.esteri.it\/it\/wp-json\/wp\/v2\/types\/page"}],"author":[{"embeddable":true,"href":"https:\/\/consginevra.esteri.it\/it\/wp-json\/wp\/v2\/users\/1"}],"replies":[{"embeddable":true,"href":"https:\/\/consginevra.esteri.it\/it\/wp-json\/wp\/v2\/comments?post=84"}],"version-history":[{"count":6,"href":"https:\/\/consginevra.esteri.it\/it\/wp-json\/wp\/v2\/pages\/84\/revisions"}],"predecessor-version":[{"id":6890,"href":"https:\/\/consginevra.esteri.it\/it\/wp-json\/wp\/v2\/pages\/84\/revisions\/6890"}],"up":[{"embeddable":true,"href":"https:\/\/consginevra.esteri.it\/it\/wp-json\/wp\/v2\/pages\/59"}],"wp:attachment":[{"href":"https:\/\/consginevra.esteri.it\/it\/wp-json\/wp\/v2\/media?parent=84"}],"curies":[{"name":"wp","href":"https:\/\/api.w.org\/{rel}","templated":true}]}}