{"id":6562,"date":"2025-11-06T14:16:29","date_gmt":"2025-11-06T12:16:29","guid":{"rendered":"https:\/\/consginevra.esteri.it\/?page_id=6562"},"modified":"2025-11-06T14:34:05","modified_gmt":"2025-11-06T12:34:05","slug":"6562-2","status":"publish","type":"page","link":"https:\/\/consginevra.esteri.it\/it\/servizi-consolari-e-visti\/servizi-per-il-cittadino-straniero\/cittadinanza\/6562-2\/","title":{"rendered":"Cittadinanza iure sanguinis \u2013 VECCHIA DISCIPLINA"},"content":{"rendered":"<h5>RICONOSCIMENTO DEL POSSESSO DELLA CITTADINANZA ITALIANA IURE SANGUINIS (DISCENDENZA DIRETTA SENZA INTERRUZIONE DI POSSESSO)<\/h5>\n<p>Per la presentazione dell\u2019istanza di riconoscimento della cittadinanza italiana iure sanguinis ai discendenti di avo italiano emigrato in Paesi dove la cittadinanza \u00e8 regolata dallo ius soli, il richiedente deve dimostrare di essere stabilmente residente nei Cantoni Ginevra, Vaud o Vallese ed essere in possesso del permesso di soggiorno di lunga durata con validit\u00e0 superiore ai 12 mesi al momento della presentazione della domanda.<\/p>\n<p>Le condizioni richieste per tale riconoscimento sono, da un lato, la dimostrazione della discendenza dall\u2019avo italiano emigrato e, dall\u2019altro, la prova dell\u2019assenza di interruzioni nella trasmissione della cittadinanza.<\/p>\n<h5>DOCUMENTI DA PRESENTARE<\/h5>\n<p>Per l\u2019AVO nato in Italia<\/p>\n<ul>\n<li>atto integrale di nascita rilasciato dal Comune italiano<\/li>\n<li>atto di matrimonio<\/li>\n<li>atto di decesso<\/li>\n<li>dichiarazione rilasciata dalle competenti Autorit\u00e0 dello Stato estero di residenza attestante che l\u2019avo italiano a suo tempo emigrato dall\u2019 Italia non acquist\u00f2 la cittadinanza dello Stato estero di emigrazione anteriormente alla nascita dell\u2019ascendente dell\u2019interessato. In caso di naturalizzazione, nella dichiarazione deve essere indicata la data della naturalizzazione. Per maggiori informazioni sulle Autorit\u00e0 competenti si invita a consultare il sito web del Consolato italiano del Paese di emigrazione.<\/li>\n<\/ul>\n<table width=\"856\">\n<tbody>\n<tr>\n<td><strong>ATTENZIONE<\/strong>: se l\u2019avo italiano si \u00e8 naturalizzato\u00a0straniero prima della nascita o durante la minore et\u00e0 del discendente successivo, si \u00e8 interrotta la trasmissione della cittadinanza. Non si ha quindi diritto al riconoscimento della cittadinanza italiana (cfr. artt. 8 e 12 Legge n.555\/1912).<\/p>\n<p>La donna italiana trasmette la cittadinanza solo dopo il 01\/01\/1948.<\/td>\n<\/tr>\n<\/tbody>\n<\/table>\n<p>&nbsp;<\/p>\n<p>Per ognuno dei DISCENDENTI fino al richiedente<\/p>\n<ul>\n<li>atto di nascita<\/li>\n<li>atto di matrimonio<\/li>\n<li>atto di\u00a0decesso\u00a0(se deceduto)<\/li>\n<\/ul>\n<p>I suddetti documenti dovranno essere accompagnati da traduzione e\/o legalizzazione\/apostille secondo quanto previsto per il rispettivo Paese (si invita a consultare il sito web del Consolato italiano competente).<\/p>\n<p>&nbsp;<\/p>\n<p><strong><u>NOTA BENE:<\/u><\/strong><\/p>\n<p>TUTTI I DOCUMENTI DEVONO ESSERE INVIATI IN ORIGINALE per posta raccomandata e non vengono restituiti.<\/p>\n<ul>\n<li>La documentazione deve essere accompagnata dall\u2019istanza di cittadinanza (scaricabile qui \u2013\u00a0<a href=\"https:\/\/consginevra.esteri.it\/wp-content\/uploads\/2024\/02\/modulo_cittadinanza__iure_sang_20240215.doc\">download<\/a>), compilata e firmata dal richiedente.<\/li>\n<li>Il richiedente dovr\u00e0, inoltre, allegare alla domanda copia del proprio passaporto in corso di validit\u00e0 e copia del permesso di soggiorno di lunga durata con validit\u00e0 superiore ai 12 mesi al momento della presentazione della domanda.<\/li>\n<li>L\u2019Ufficio Cittadinanza si riserva di richiedere ulteriore documentazione qualora gli elementi a disposizione fossero ritenuti insufficienti per una corretta valutazione dell\u2019istanza di cittadinanza.<\/li>\n<li>La ricerca della documentazione \u00e8 esclusivo onere del richiedente.<\/li>\n<li>Il procedimento per l\u2019accertamento del possesso della cittadinanza italiana sar\u00e0 concluso entro 730 giorni, anche nei casi di istanze fondate su fatti occorsi prima del 1948, cos\u00ec come stabilito dall\u2019art. 14 comma 2 del D.L. n. 113 del 4 ottobre 2018 convertito in legge 1 dicembre 2018 n. 132.<\/li>\n<\/ul>\n<p>ATTENZIONE: dopo la verifica della documentazione trasmessa via posta, i cittadini di paesi extra EU verranno convocati in Consolato per l\u2019autentica della loro firma sull\u2019istanza di riconoscimento da apporre in presenza del funzionario consolare con valido documento d\u2019identit\u00e0. La procedura prevede il pagamento di una percezione consolare.<\/p>\n<p><strong>COSTI<\/strong><\/p>\n<p><strong>A decorrere dal primo gennaio 2025<\/strong>, tutte le istanze di riconoscimento della cittadinanza italiana di persona maggiorenne sono soggette al pagamento di una percezione consolare per il trattamento della domanda di 600 Euro, da<strong>\u00a0pagare in Franchi Svizzeri<\/strong>\u00a0sulla base del tasso di ragguaglio fissato ogni 3 mesi da questo Consolato e pubblicato sul nostro sito web (vedasi sezione Tariffe e pagamenti \u2013 attenzione alle date!). Il pagamento di diritti consolari dovr\u00e0 essere effettuato con bonifico bancario sul conto corrente intestato a questo Consolato Generale d\u2019Italia:<\/p>\n<p>Se pagato per e-banking: equivalente di 600 Euro in Franchi Svizzeri sul conto IBAN CH57 0900 0000 1241 5359 1<\/p>\n<p>versamento per CONSOLATO GENERALE D\u2019ITALIA \u2013 1206 GINEVRA<\/p>\n<p>causale: riconoscimento cittadinanza + nome\/cognome (da nubile per le donne) di chi chiede il riconoscimento (anche se diverso da chi fa il pagamento).<\/p>\n<p><strong><u>Se pagato alla posta<\/u><\/strong>: equivalente equivalente di 600 Euro in Franchi Svizzeri (per il tasso trimestrale vedasi sopra, Tariffe e pagamenti \u2013 attenzione alle date!) + 3,20 CHF di oneri postali sul CCP 12-415359-1<\/p>\n<p>versamento per CONSOLATO GENERALE D\u2019ITALIA \u2013 1206 GINEVRA<\/p>\n<p>causale: riconoscimento cittadinanza + nome\/cognome (da nubile per le donne) di chi chiede il riconoscimento (anche se diverso da chi fa il pagamento)<\/p>\n<p>Restano escluse dal pagamento della tassa le richieste di riconoscimento presentate per i figli minorenni.<\/p>\n<p><strong>Si precisa che trattasi di un contributo di carattere obbligatorio richiesto dalla legge per la trattazione della pratica che non implica in alcun modo l\u2019esito positivo del procedimento<\/strong>.<br \/>\nUna volta esaminata la documentazione, per eventuali richieste di integrazioni documentali o esito positivo della procedura sar\u00e0 inviata comunicazione formale al richiedente.<\/p>\n","protected":false},"excerpt":{"rendered":"RICONOSCIMENTO DEL POSSESSO DELLA CITTADINANZA ITALIANA IURE SANGUINIS (DISCENDENZA DIRETTA SENZA INTERRUZIONE DI POSSESSO) Per la presentazione dell\u2019istanza di riconoscimento della cittadinanza italiana iure sanguinis ai discendenti di avo italiano emigrato in Paesi dove la cittadinanza \u00e8 regolata dallo ius soli, il richiedente deve dimostrare di essere stabilmente residente nei Cantoni Ginevra, Vaud o Vallese [&hellip;]","protected":false},"author":11,"featured_media":0,"parent":96,"menu_order":2,"comment_status":"closed","ping_status":"closed","template":"","meta":{"footnotes":""},"class_list":["post-6562","page","type-page","status-publish","hentry"],"_links":{"self":[{"href":"https:\/\/consginevra.esteri.it\/it\/wp-json\/wp\/v2\/pages\/6562","targetHints":{"allow":["GET"]}}],"collection":[{"href":"https:\/\/consginevra.esteri.it\/it\/wp-json\/wp\/v2\/pages"}],"about":[{"href":"https:\/\/consginevra.esteri.it\/it\/wp-json\/wp\/v2\/types\/page"}],"author":[{"embeddable":true,"href":"https:\/\/consginevra.esteri.it\/it\/wp-json\/wp\/v2\/users\/11"}],"replies":[{"embeddable":true,"href":"https:\/\/consginevra.esteri.it\/it\/wp-json\/wp\/v2\/comments?post=6562"}],"version-history":[{"count":5,"href":"https:\/\/consginevra.esteri.it\/it\/wp-json\/wp\/v2\/pages\/6562\/revisions"}],"predecessor-version":[{"id":6592,"href":"https:\/\/consginevra.esteri.it\/it\/wp-json\/wp\/v2\/pages\/6562\/revisions\/6592"}],"up":[{"embeddable":true,"href":"https:\/\/consginevra.esteri.it\/it\/wp-json\/wp\/v2\/pages\/96"}],"wp:attachment":[{"href":"https:\/\/consginevra.esteri.it\/it\/wp-json\/wp\/v2\/media?parent=6562"}],"curies":[{"name":"wp","href":"https:\/\/api.w.org\/{rel}","templated":true}]}}