{"id":4032,"date":"2024-05-08T13:01:11","date_gmt":"2024-05-08T11:01:11","guid":{"rendered":"https:\/\/consginevra.esteri.it\/?page_id=4032"},"modified":"2026-03-02T12:04:44","modified_gmt":"2026-03-02T10:04:44","slug":"minorenni-12-17-anni","status":"publish","type":"page","link":"https:\/\/consginevra.esteri.it\/it\/servizi-consolari-e-visti\/servizi-per-il-cittadino-italiano\/altri-servizi\/minisito-passaporti\/documentazione-necessaria\/minorenni-12-17-anni\/","title":{"rendered":"Minorenni"},"content":{"rendered":"<p><strong><u>I minorenni da 12 a 17 anni<\/u> <\/strong>devono presentarsi in Consolato per la rilevazione dei dati biometrici previo appuntamento tramite il portale <a href=\"https:\/\/prenotami.esteri.it\/\">Prenot@mi<\/a>.<\/p>\n<p><strong><u>I minorenni da 0 a 11 anni<\/u><\/strong> sono esentati dalla rilevazione dei dati biometrici; il minore deve essere gi\u00e0 iscritto AIRE o almeno la richiesta di iscrizione AIRE deve essere gi\u00e0 stata trasmessa al Comune italiano.<\/p>\n<p>La procedura di rilascio del passaporto per i minorenni da 0 a 11 anni si pu\u00f2 quindi svolgere in due modi:<\/p>\n<ul>\n<li><strong><u>PER POSTA<\/u><\/strong>: Inviando una foto del minore AUTENTICATA dal Comune (laddove il servizio sia disponibile) o da un notaio e l\u2019INTERA DOCUMENTAZIONE descritta a seguire. <strong>Si segnala che tutte le richieste incomplete verranno <u>respinte e rinviate al mittente<\/u>.<\/strong> I tempi di rilascio del passaporto sono di <u>30 giorni dalla ricezione della richiesta;<\/u><\/li>\n<li><strong><u>DI PERSONA<\/u><\/strong>: Prenotando un appuntamento su <a href=\"https:\/\/prenotami.esteri.it\/\">Prenot@ami<\/a>.\u00a0 <strong>In caso di appuntamento di persona con il minore non \u00e8 necessaria l\u2019autentica di foto di cui al successivo punto 7, ma sono necessarie le 2 foto nel rispetto del formato ICAO, non pi\u00f9 vecchie di 6 mesi.<\/strong><\/li>\n<li><strong><span style=\"text-decoration: underline;\">ATTENZIONE<\/span>: <\/strong>Qualora si richieda l\u2019emissione di un primo passaporto <strong>per un neonato<\/strong> \u00e8 necessario &#8211; prima di presentarsi all\u2019appuntamento presso il Consolato Generale &#8211; effettuare richiesta di trascrizione dell\u2019atto di nascita del minore come indicato su questa pagina (<a href=\"https:\/\/consginevra.esteri.it\/it\/servizi-consolari-e-visti\/servizi-per-il-cittadino-italiano\/stato-civile\/nascita\/\">link<\/a>) ed accertarsi che la trascrizione sia correttamente avvenuta.<\/li>\n<\/ul>\n<h4><strong><u>Documentazione necessaria:<\/u><\/strong><\/h4>\n<ol>\n<li>Formulario di domanda per minorenni (disponibile nella nostra pagina\u00a0Modulistica Passaporti\u00a0raggiungibile al seguente link: <a href=\"https:\/\/consginevra.esteri.it\/it\/servizi-consolari-e-visti\/servizi-per-il-cittadino-italiano\/altri-servizi\/minisito-passaporti\/modulistica-passaporti\/\">https:\/\/consginevra.esteri.it\/it\/servizi-consolari-e-visti\/servizi-per-il-cittadino-italiano\/altri-servizi\/minisito-passaporti\/modulistica-passaporti\/<\/a>) firmato da entrambi i genitori e firma di uno dei due genitori sotto alla foto del minore, incollata nell\u2019apposito spazio. <u>ATTENZIONE: Se uno dei due genitori NON \u00e8 cittadino di uno Stato appartenente all&#8217; Unione Europea, dovr\u00e0 presentarsi in Consolato per autenticare la firma, oppure dovr\u00e0 presentare un atto di assenso autenticato dal Comune svizzero, da un notaio o, se residente fuori dalla Svizzera, presso una sede consolare<\/u>;<\/li>\n<li>Passaporto italiano in originale del minore e relativa fotocopia, salvo per il primo rilascio;<\/li>\n<li>Copia dei passaporti dei genitori o, in assenza, altro documento d\u2019identit\u00e0 in corso di validit\u00e0;<\/li>\n<li>Copia del permesso di soggiorno o carta di legittimazione\u00a0del minore;<\/li>\n<li>Copia dei permessi di soggiorno dei genitori;<\/li>\n<li>Giustificativo di domicilio del minore in questa circoscrizione consolare: fattura inerente il minore (il nome del minore deve essere indicato nella fattura).<\/li>\n<li>2 foto nel rispetto del\u00a0<a href=\"https:\/\/consginevra.esteri.it\/wp-content\/uploads\/2023\/09\/ICAO.pdf\">formato ICAO<\/a>, non pi\u00f9 vecchie di 6 mesi, <u>di cui una deve essere autenticata; <\/u>formulario di autenticazione disponibile sempre nella\u00a0nostra pagina\u00a0Modulistica Passaporti\u00a0raggiungibile al seguente link: <a href=\"https:\/\/consginevra.esteri.it\/it\/servizi-consolari-e-visti\/servizi-per-il-cittadino-italiano\/altri-servizi\/minisito-passaporti\/modulistica-passaporti\/\">https:\/\/consginevra.esteri.it\/it\/servizi-consolari-e-visti\/servizi-per-il-cittadino-italiano\/altri-servizi\/minisito-passaporti\/modulistica-passaporti\/<\/a><\/li>\n<li>Esclusivamente in caso di smarrimento o furto del precedente passaporto: denuncia di furto o smarrimento resa presso l\u2019Autorit\u00e0 di Polizia;<\/li>\n<li>Raccomandata prepagata per la trasmissione del passaporto, (acquistabile presso gli uffici postali svizzeri; scarica il foglio esplicativo della Poste Svizzere \u2013\u00a0<a href=\"https:\/\/consginevra.esteri.it\/wp-content\/uploads\/2023\/09\/recomm_prepaid.pdf\">download<\/a><u>)<\/u>;<\/li>\n<li>una <strong>busta pre-indirizzata e pre affrancata per ricevere il passaporto in caso di procedura via posta;<\/strong><\/li>\n<li>Pagamento effettuato con le modalit\u00e0 indicate nella nostra pagina dedicata:\u00a0<a href=\"https:\/\/consginevra.esteri.it\/it\/servizi-consolari-e-visti\/servizi-per-il-cittadino-italiano\/altri-servizi\/minisito-passaporti\/costo-e-pagamento\/\">Costo e Pagamento<\/a>.<\/li>\n<\/ol>\n<p>&nbsp;<\/p>\n<h4><span style=\"text-decoration: underline;\"><strong>Autorit\u00e0 parentale esclusiva dei minori.<\/strong><\/span><\/h4>\n<p><strong>ATTENZIONE<\/strong>: In caso di\u00a0<b>responsabilit\u00e0 parentale esclusiva su un minore il cui riconoscimento del padre figura sull\u2019atto di nascita<\/b>, il genitore che presenta l\u2019istanza per il rilascio del passaporto del minore di cui dichiara di avere responsabilit\u00e0 parentale esclusiva dovr\u00e0 consegnare a mano, il giorno dell\u2019appuntamento, in aggiunta alla documentazione di cui sopra, la\u00a0<b>sentenza del tribunale<\/b>\u00a0<b>definitiva ed esecutiva<\/b>\u00a0che istituisce\u00a0<b>l\u2019autorit\u00e0 parentale esclusiva<\/b>. Tale sentenza dovr\u00e0 essere\u00a0<b>in originale, non pi\u00f9 vecchia di 6 mesi e obbligatoriamente apostillata<\/b>. Si precisa che la documentazione richiesta rester\u00e0 agli atti del Consolato Generale e che non verr\u00e0 restituita.<\/p>\n<p><b>Coloro che siano in possesso di una sentenza del tribunale pi\u00f9 vecchia di 6 mesi o che non sia ancora definitiva ed esecutiva<\/b>, dovranno, in aggiunta a detto provvedimento, presentare\u00a0<b>anche un certificato<\/b>\u00a0da cui si possa evincere che nulla sia mutato rispetto alla data in cui la sentenza \u00e8 stata emessa.<b><\/b><\/p>\n<p>Detti\u00a0<b>certificati<\/b>, per i residenti dei Cantoni afferenti alla circoscrizione consolare del Consolato Generale d\u2019Italia a Ginevra, potranno essere richiesti facendo riferimento alle\u00a0<b>seguenti indicazioni<\/b>:<\/p>\n<p>Per i residenti del Cantone di Ginevra\u00a0<a href=\"https:\/\/justice.ge.ch\/media\/form\/2024-01\/demande-certificat-autorite-parentale.pdf\" target=\"_blank\" rel=\"noopener noreferrer\">https:\/\/justice.ge.ch\/media\/form\/2024-01\/demande-certificat-autorite-parentale.pdf<\/a>\u00a0;<\/p>\n<p>Per i residenti del Cantone Vallese\u00a0<a href=\"https:\/\/www.vs.ch\/web\/sjsj\/apea-du-district-de-sion-avec-si%C3%A8ge-%C3%A0-sion\" target=\"_blank\" rel=\"noopener noreferrer\">https:\/\/www.vs.ch\/web\/sjsj\/apea-du-district-de-sion-avec-si%C3%A8ge-%C3%A0-sion<\/a>\u00a0;<\/p>\n<p>Per i residenti del Cantone Vaud \u00e8 necessario rivolgersi direttamente all\u2019ufficio cancelleria del Giudice di Pace\u00a0<a href=\"https:\/\/www.vd.ch\/prestation\/demander-une-attestation-dexercice-des-droits-civils\" target=\"_blank\" rel=\"noopener noreferrer\">https:\/\/www.vd.ch\/prestation\/demander-une-attestation-dexercice-des-droits-civils<\/a>\u00a0.<\/p>\n<p class=\"x_MsoNormal\">Per informazioni sul procedimento di apposizione dell\u2019<b>apostille<\/b>\u00a0e sulle istituzioni svizzere alle quali poterlo richiedere si pu\u00f2 fare riferimento al seguente\u00a0<b><a href=\"https:\/\/consginevra.esteri.it\/it\/servizi-consolari-e-visti\/servizi-per-il-cittadino-italiano\/trascrizione-di-atti-sentenze-es-divorzio-in-italia-e-loro-traduzione\/\" target=\"_blank\" rel=\"noopener noreferrer\">link<\/a>\u00a0<\/b>del Consolato Generale d\u2019Italia a Ginevra.<\/p>\n<p>&nbsp;<\/p>\n<p>&nbsp;<\/p>\n","protected":false},"excerpt":{"rendered":"I minorenni da 12 a 17 anni devono presentarsi in Consolato per la rilevazione dei dati biometrici previo appuntamento tramite il portale Prenot@mi. I minorenni da 0 a 11 anni sono esentati dalla rilevazione dei dati biometrici; il minore deve essere gi\u00e0 iscritto AIRE o almeno la richiesta di iscrizione AIRE deve essere gi\u00e0 stata [&hellip;]","protected":false},"author":11,"featured_media":0,"parent":2442,"menu_order":0,"comment_status":"closed","ping_status":"closed","template":"","meta":{"footnotes":""},"class_list":["post-4032","page","type-page","status-publish","hentry"],"_links":{"self":[{"href":"https:\/\/consginevra.esteri.it\/it\/wp-json\/wp\/v2\/pages\/4032","targetHints":{"allow":["GET"]}}],"collection":[{"href":"https:\/\/consginevra.esteri.it\/it\/wp-json\/wp\/v2\/pages"}],"about":[{"href":"https:\/\/consginevra.esteri.it\/it\/wp-json\/wp\/v2\/types\/page"}],"author":[{"embeddable":true,"href":"https:\/\/consginevra.esteri.it\/it\/wp-json\/wp\/v2\/users\/11"}],"replies":[{"embeddable":true,"href":"https:\/\/consginevra.esteri.it\/it\/wp-json\/wp\/v2\/comments?post=4032"}],"version-history":[{"count":8,"href":"https:\/\/consginevra.esteri.it\/it\/wp-json\/wp\/v2\/pages\/4032\/revisions"}],"predecessor-version":[{"id":7404,"href":"https:\/\/consginevra.esteri.it\/it\/wp-json\/wp\/v2\/pages\/4032\/revisions\/7404"}],"up":[{"embeddable":true,"href":"https:\/\/consginevra.esteri.it\/it\/wp-json\/wp\/v2\/pages\/2442"}],"wp:attachment":[{"href":"https:\/\/consginevra.esteri.it\/it\/wp-json\/wp\/v2\/media?parent=4032"}],"curies":[{"name":"wp","href":"https:\/\/api.w.org\/{rel}","templated":true}]}}