{"id":387,"date":"2023-09-07T15:36:52","date_gmt":"2023-09-07T13:36:52","guid":{"rendered":"https:\/\/consginevra.esteri.it\/?page_id=387"},"modified":"2026-03-04T16:07:11","modified_gmt":"2026-03-04T14:07:11","slug":"cie","status":"publish","type":"page","link":"https:\/\/consginevra.esteri.it\/it\/servizi-consolari-e-visti\/servizi-per-il-cittadino-italiano\/cie\/","title":{"rendered":"Carta d&#8217;identit\u00e0 elettronica &#8211; CIE"},"content":{"rendered":"<h5>ATTENZIONE \u2013 NOVIT\u00c0 IMPORTANTE<\/h5>\n<p><strong>A decorrere dal 1\u00b0 giugno 2026 il cittadino iscritto all\u2019Anagrafe degli Italiani Residenti all\u2019Estero (AIRE) pu\u00f2 \u00a0presentare domanda per il rilascio della carta d&#8217;identit\u00e0 elettronica presso qualsiasi Comune italiano<\/strong>. La carta d\u2019identit\u00e0 sar\u00e0 consegnata con le medesime modalit\u00e0 previste in caso di domanda presentata tramite l\u2019Ufficio consolare, con facolt\u00e0 per l\u2019interessato di ritirarla personalmente presso il Comune ovvero di richiederne la spedizione all\u2019estero.<\/p>\n<p>\u00c8 possibile prenotare un appuntamento per le carte di identit\u00e0 esclusivamente on-line utilizzando la <a href=\"https:\/\/prenotami.esteri.it\/\">piattaforma Prenot@mi<\/a>.<\/p>\n<p>&#8212;&#8212;&#8212;&#8212;&#8212;&#8212;&#8212;&#8212;&#8212;&#8212;&#8212;&#8212;&#8212;&#8212;&#8212;&#8212;&#8212;&#8212;&#8212;&#8212;&#8212;&#8212;&#8212;&#8212;&#8212;&#8212;&#8212;&#8212;&#8212;&#8212;&#8212;&#8212;&#8212;&#8212;&#8211;<\/p>\n<p>Dal <strong>16 ottobre 2020<\/strong> \u00e8 possibile richiedere solo il rilascio della carta d\u2019identit\u00e0 elettronica (CIE \u2013 formato tessera plastificata), emessa dal Ministero dell\u2019Interno e prodotta dall\u2019Istituto Poligrafico e Zecca dello Stato.<\/p>\n<p>La carta d\u2019identit\u00e0 \u00e8 un <strong>documento di identificazione personale<\/strong> che attesta l\u2019identit\u00e0 del cittadino. E\u2019 un <strong>documento di viaggio<\/strong> che permette di circolare nell\u2019Unione Europea, in alcuni Stati aderenti all\u2019accordo di Schengen (ad es. Islanda, Norvegia e Svizzera) e in altri Stati con cui sono stati raggiunti accordi bilaterali (vedasi le singole \u201cschede Paese\u201d sul sito <a href=\"http:\/\/www.viaggiaresicuri.it\/\">www.viaggiaresicuri.it<\/a>), riporta il <strong>codice fiscale<\/strong> del titolare e <strong>consente di accedere ai servizi online <\/strong>delle Pubbliche Amministrazioni italiane.<\/p>\n<p>La stampa della CIE \u00e8 centralizzata in Italia. La spedizione viene effettuata direttamente dall\u2019Istituto Poligrafico della Zecca dello Stato di Roma all\u2019indirizzo estero indicato dal richiedente.<\/p>\n<p>La carta d\u2019identit\u00e0 elettronica potr\u00e0 essere <strong>richiesta solo su appuntamento<\/strong>.<\/p>\n<p>&nbsp;<\/p>\n<h4><strong>REQUISITI OBBLIGATORI PER PRENDERE APPUNTAMENTO PER PERFEZIONARE LA RICHIESTA DI CARTA D\u2019IDENTIT\u00c0 ELETTRONICA<\/strong><\/h4>\n<p>Potranno prendere appuntamento per perfezionare la richiesta di carta di identit\u00e0 elettronica <strong>solamente i cittadini italiani<\/strong>:<\/p>\n<ul>\n<li><strong>regolarmente residenti nella circoscrizione consolare<\/strong> del Consolato di Ginevra (Ginevra, Vaud, Vallese), i cui dati anagrafici e di stato civile siano aggiornati e <strong>gi\u00e0 presenti nel registro A.I.R.E.<\/strong> (Anagrafe degli Italiani Residenti all\u2019Estero) del Ministero dell\u2019Interno;<\/li>\n<li>in caso di cittadini italiani nati all\u2019estero, \u00e8 indispensabile che il relativo <strong>atto di nascita risulti gi\u00e0 trascritto nei registri di Stato Civile del Comune di riferimento<\/strong>, in quanto gli estremi della trascrizione devono essere riportati nella carta d\u2019identit\u00e0 elettronica. In caso contrario si prega di prendere contatto con l\u2019Ufficio Stato Civile di questo Consolato all indirizzo di posta elettronica seguente: <a href=\"mailto:statocivile.ginevra@esteri.it\">statocivile.ginevra@esteri.it<\/a><\/li>\n<\/ul>\n<p><strong>ATTENZIONE<\/strong>: Chi <strong>non \u00e8 ancora registrato all\u2019A.I.R.E<\/strong>. o intende <strong>variare il proprio indirizzo di residenza<\/strong> dovr\u00e0 prima <strong>regolarizzare la propria iscrizione anagrafica<\/strong>, di preferenza tramite il <a href=\"https:\/\/serviziconsolari.esteri.it\/ScoFE\/index.sco\">portale Fast-it<\/a> ed attendere conferma dal Comune italiano competente dell\u2019avvenuta iscrizione o variazione del proprio indirizzo di residenza prima di poter domandare un appuntamento col servizio Carte di Identit\u00e0.<\/p>\n<p><strong>Si ricorda che per i cittadini non iscritti all\u2019A.I.R.E., la competenza al rilascio della carta d\u2019identit\u00e0 rimane al Comune di residenza<\/strong>.<\/p>\n<p><strong>Gli appuntamenti per carte d\u2019identit\u00e0 di cittadini italiani <u>non iscritti<\/u> all\u2019AIRE verranno cancellati d\u2019ufficio<\/strong>. La cancellazione non verr\u00e0 effettuata per gli appuntamenti dei cittadini italiani la cui richiesta di iscrizione AIRE sia pendente sulla piattaforma online FAST-IT o sia gi\u00e0 stata ricevuta tramite posta da questo Consolato Generale.<\/p>\n<p>Nel caso in cui il connazionale non sia in possesso di un documento di identit\u00e0 in corso di validit\u00e0 e dal precedente documento non sia possibile identificarlo, il giorno dell\u2019appuntamento \u00e8 necessaria la <strong>presenza di due testimoni maggiorenni<\/strong>, non parenti, muniti di documento d\u2019identit\u00e0 valido, che siano in grado di identificare il richiedente sotto la propria responsabilit\u00e0.<\/p>\n<p>In sede di emissione della prima CIE <strong>per minorenne<\/strong> \u00e8 necessaria la presenza di due testimoni maggiorenni \u2013 che <strong>possono essere anche i due genitori<\/strong> &#8211; muniti di documento d\u2019identit\u00e0 valido, che siano in grado di identificare il minore sotto la propria responsabilit\u00e0.<\/p>\n<p>&nbsp;<\/p>\n<h4><strong>MODALIT\u00c0 DI RICHIESTA DELLA CARTA D\u2019IDENTIT\u00c0 ELETTRONICA<\/strong><\/h4>\n<p>\u00c8 possibile prenotare un appuntamento per le carte di identit\u00e0 esclusivamente on-line utilizzando la <a href=\"https:\/\/prenotami.esteri.it\/\">piattaforma Prenot@mi<\/a>.<\/p>\n<p><strong><u>Si segnala che il Consolato Generale si riserva di dare priorit\u00e0 negli appuntamenti ai cittadini italiani che non sono in possesso di alcun altro documento d\u2019identit\u00e0 o il cui documento d\u2019identit\u00e0 scade nei prossimi 6 mesi.<\/u><\/strong><\/p>\n<p><strong>Canali ad hoc per le categorie protette<\/strong><\/p>\n<ul>\n<li><strong>Dolce Attesa:<\/strong> dedicato alle cittadine italiane in stato di gravidanza, iscritte all\u2019AIRE di questo Consolato Generale. Ad eccezione di coloro per le quali lo stato di gravidanza sia gi\u00e0 evidente, sar\u00e0 necessario presentare un attestato rilasciato dal medico curante o altra idonea documentazione medica che dimostri la gravidanza.<\/li>\n<li><strong>Anziani over 75:<\/strong> dedicato agli iscritti AIRE con pi\u00f9 di 75 anni.<\/li>\n<li><strong>Disabili:<\/strong> dedicato alle cittadine e cittadini affetti da disabilit\u00e0. Sar\u00e0 necessario presentare una valida certificazione medica di disabilit\u00e0 permanente.<\/li>\n<\/ul>\n<p>Inviare un <strong>SMS<\/strong> o <strong>Whatsapp<\/strong> al numero <strong>079 479 5299<\/strong> o un\u2019email all\u2019indirizzo <a href=\"mailto:ci_congine@esteri.it\">ci_congine@esteri.it<\/a>, indicando <strong>Cognome <\/strong>(per le donne cognome da nubile), <strong>Nome<\/strong>, <strong>Data di nascita<\/strong> e <strong>indirizzo di residenza in Svizzera<\/strong>. Gli Uffici, dopo aver valutato la richiesta ed espletato i controlli anagrafici di rito, prenderanno contatto con gli interessati per fissare un appuntamento.<\/p>\n<p>&nbsp;<\/p>\n<h4><strong>DOCUMENTAZIONE DA PRESENTARE ALL\u2019UFFICIO CONSOLARE IL GIORNO DELL\u2019APPUNTAMENTO<\/strong><\/h4>\n<p>All\u2019appuntamento il cittadino dovr\u00e0 <strong>presentarsi personalmente (anche se minorenne, accompagnato dal\/dai genitori)<\/strong> con i seguenti documenti:<\/p>\n<ol>\n<li><strong>Una fototessera recente<\/strong>, dello stesso tipo di quelle utilizzate per il passaporto e le cui caratteristiche sono dettate dai <a href=\"https:\/\/consginevra.esteri.it\/wp-content\/uploads\/2023\/09\/ICAO.pdf\">criteri ICAO<\/a>;<\/li>\n<li>Vecchia <strong>carta di identit\u00e0<\/strong> (salvo prima emissione) e <strong>una sua fotocopia<\/strong>;<\/li>\n<li><strong>Documento di riconoscimento<\/strong> in corso di validit\u00e0 ai sensi del D.P.R. 445\/2000 (passaporto, carta d\u2019identit\u00e0, ecc.) e una sua <strong>fotocopia<\/strong>; Se non si \u00e8 in possesso di nessun documento che permette l\u2019identificazione, il richiedente dovr\u00e0 presentarsi accompagnato da due testimoni muniti di documenti di riconoscimento in corso di validit\u00e0 e non potranno essere n\u00e9 parenti n\u00e9 affini. Se il richiedente \u00e8 un minorenne e non \u00e8 in possesso di alcun documento o se le sembianze sono cambiate al punto di non poterlo identificare da alcun precedente documento di riconoscimento, il minorenne dovr\u00e0 essere accompagnato da entrambi i genitori. <strong>In caso di furto\/smarrimento sar\u00e0 necessaria la denuncia rilasciata alla Polizia<\/strong> nella quale siano indicati gli estremi del documento e se si tratti di smarrimento o furto.<\/li>\n<li>Permesso di soggiorno o carta di legittimazione e relativa fotocopia;<\/li>\n<li>Nel caso di <strong>richiedente minorenne<\/strong>, <a href=\"https:\/\/consginevra.esteri.it\/wp-content\/uploads\/2024\/03\/cie_atto_assenso_vers_20240314.pdf\">atto di assenso<\/a> firmato dai genitori e<strong> accompagnato da fotocopia del documento di riconoscimento di entrambi i genitori, <\/strong>in corso di validit\u00e0 e in cui sia ben visibile la firma. <strong>ATTENZIONE: <\/strong>Se uno dei due genitori non \u00e8 cittadino dell\u2019Unione Europea, la firma sull\u2019atto di assenso va apposta personalmente in Consolato al momento dell\u2019appuntamento oppure autenticata da notaio o presso il Comune svizzero di residenza.<\/li>\n<li>Documentazione che provi l\u2019effettiva <strong>residenza nella circoscrizione consolare<\/strong> intestata al richiedente <strong>NON PIU\u2019 VECCHIA DI 6 MESI<\/strong> (es. bollette di utenze residenziali, telefonica, elettrica, cassa malattia, fattura del medico\/pediatra) o certificato di domicilio (\u201cAttestation d\u2019\u00e9tablissement\u201d).<\/li>\n<\/ol>\n<p>Al momento dell\u2019appuntamento l\u2019operatore consolare effettuer\u00e0 l\u2019identificazione del richiedente, acquisir\u00e0 <strong>la foto e, fatto salvo per i minori di 12 anni, le impronte digitali e la firma <\/strong>che saranno inviate in sicurezza a IPZS per la memorizzazione all\u2019interno del microchip presente nella propria carta di identit\u00e0 elettronica.<\/p>\n<p><strong>ATTENZIONE<\/strong>: In caso di\u00a0<u><strong>responsabilit\u00e0 parentale esclusiva<\/strong> su minore riconosciuto dal padre che figura sull\u2019atto di nascita<\/u>, il genitore che dichiara di avere responsabilit\u00e0 parentale esclusiva deve presentare il\u00a0<u>certificato relativo all\u2019autorit\u00e0 parentale AGGIORNATO, in ORIGINALE e OBBLIGATORIAMENTE APOSTILLATO<\/u>.\u00a0La traduzione \u00e8 facoltativa e, in ogni caso, non \u00e8 richiesta l\u2019apostille sulla traduzione.<\/p>\n<p>Qui di seguito il link al sito per la richiesta di rilascio del \u201ccertificat relatif \u00e0 a titularit\u00e9 de la responsabilit\u00e9 parentale\u201d nel Cantone di Ginevra:\u00a0<a href=\"https:\/\/justice.ge.ch\/media\/form\/2024-01\/demande-certificat-autorite-parentale.pdf\">https:\/\/justice.ge.ch\/media\/form\/2024-01\/demande-certificat-autorite-parentale.pdf<\/a><\/p>\n<p>Nei Cantoni\u00a0\u00a0Vaud\u00a0e Vallese sar\u00e0 necessario rivolgersi al Giudice di pace.<\/p>\n<p>&nbsp;<\/p>\n<h4><strong>PAGAMENTO\u00a0 e COSTO DELLA CARTA D\u2019IDENTIT\u00c0 ELETTRONICA <\/strong><\/h4>\n<p>Il costo della CIE \u00e8 indicato nella tabella delle tariffe consolari, aggiornata ogni trimestre e\u00a0 consultabile nella nostra pagina dedicata\u00a0Tariffe consolari al seguente link: <a href=\"https:\/\/consginevra.esteri.it\/it\/servizi-consolari-e-visti\/servizi-per-il-cittadino-italiano\/tariffe-consolari\/\">https:\/\/consginevra.esteri.it\/it\/servizi-consolari-e-visti\/servizi-per-il-cittadino-italiano\/tariffe-consolari<\/a>.<\/p>\n<p>Nella tabella l\u2019importo da pagare per la CIE \u00e8 riportato in pi\u00f9 righe distinte: per comodit\u00e0 riassumiamo l\u2019importo totale e la modalit\u00e0 di pagamento nel documento sintetico \u201cInformazioni per il pagamento\u201d disponibile nella nostra pagina Pagamento e Costo CIE al seguente link: <a href=\"https:\/\/consginevra.esteri.it\/it\/servizi-consolari-e-visti\/servizi-per-il-cittadino-italiano\/cie\/pagamento-e-costo-cie\/\">https:\/\/consginevra.esteri.it\/it\/servizi-consolari-e-visti\/servizi-per-il-cittadino-italiano\/cie\/pagamento-e-costo-cie\/<\/a><\/p>\n<p>L\u2019 importo \u00e8 pagabile SOLAMENTE in Franchi Svizzeri (CHF) con carta di DEBITO o \u201ccarte bancaire\u201d (Postfinance, VPay e Maestro).<\/p>\n<p><strong>I pagamenti in contanti e con carte di credito NON SONO ACCETTATI.<\/strong><\/p>\n<p><strong>\u00a0<\/strong><\/p>\n<h4><strong>CONSEGNA DELLA CARTA D\u2019IDENTIT\u00c0 ELETTRONICA<\/strong><\/h4>\n<p>Il giorno dell\u2019appuntamento il connazionale si presenta presso il Consolato Generale per perfezionare la sua domanda di carta di identit\u00e0 elettronica. La domanda sar\u00e0 in seguito trasmessa all&#8217;\u2019Istituto Poligrafico e Zecca dello Stato di Roma che invier\u00e0 la CIE a mezzo raccomandata direttamente all\u2019indirizzo di recapito dichiarato dal richiedente.<\/p>\n<p>&nbsp;<\/p>\n<h4><strong>VALIDIT\u00c0 TEMPORALE DELLA CARTA D\u2019IDENTIT\u00c0 ELETTRONICA<\/strong><\/h4>\n<p>La validit\u00e0 della carta d\u2019identit\u00e0 varia a seconda all\u2019et\u00e0 del titolare:<\/p>\n<ul>\n<li>per i minori di 3 anni la carta vale 3 anni;<\/li>\n<li>per i minori tra 3 e 18 anni la carta vale 5 anni;<\/li>\n<li>per i maggiorenni la carta vale 10 anni.<\/li>\n<\/ul>\n<p>&nbsp;<\/p>\n<h4><strong>FOTO PER LE CARTE DI IDENTIT\u00c0<\/strong><\/h4>\n<p>La carta di identit\u00e0 ha caratteristiche particolari ed esigenze molto rigide soprattutto per quanto riguarda la foto del titolare.<\/p>\n<p>Le caratteristiche tecnico-qualitative che deve avere la foto per la carta di identit\u00e0:<\/p>\n<ul>\n<li>deve essere recente (non pi\u00f9 vecchia di 6 mesi);<\/li>\n<li>deve essere di grandezza 35\u00d745 mm;<\/li>\n<li>deve essere a colori;<\/li>\n<li>deve avere uno sfondo bianco e con luce uniforme;<\/li>\n<li>non deve avere riflessi di flash sul viso e soprattutto non gli occhi rossi;<\/li>\n<li>deve mostrare la persona da sola, senza altri oggetti o persone sullo sfondo;<\/li>\n<li>la persona fotografata deve avere un\u2019espressione neutra e tenere la bocca chiusa;<\/li>\n<li>gli occhi debbono essere aperti e ben visibili;<\/li>\n<li>il viso deve essere ben centrato nella macchina e quindi non di profilo;<\/li>\n<li>il viso deve coprire il 70-80% della foto dalla base del mento alla fronte;<\/li>\n<li>la messa a fuoco deve essere nitida;<\/li>\n<li>deve essere fatta guardando direttamente la macchina;<\/li>\n<li>deve essere stampata su carta di alta qualit\u00e0 e ad alta definizione;<\/li>\n<\/ul>\n<p>Per coloro che fanno la foto con gli OCCHIALI DA VISTA:<\/p>\n<ul>\n<li>la foto deve mostrare chiaramente gli occhi e non deve avere riflessi del flash sulle lenti (inclinare leggermente il capo);<\/li>\n<li>gli occhiali da vista non devono essere \u201cda sole\u201d (lenti non colorate);<\/li>\n<li>la montatura degli occhiali NON deve coprire nessuna parte degli occhi.<\/li>\n<\/ul>\n<p>Le foto fatte con un copricapo sono accettate solamente se giustificate da motivi religiosi; in tal caso si devono chiaramente vedere i contorni del viso, dalla base del mento alla fronte insieme ad entrambi i lati del viso.<\/p>\n<p>&nbsp;<\/p>\n<h4><strong>RESTITUZIONE CARTE DI IDENTIT\u00c0 RINVENUTE ALL\u2019ESTERO E RESTITUITE AGLI UFFICI CONSOLARI ITALIANI<\/strong><\/h4>\n<p>Le carte d\u2019identit\u00e0 rubate o smarrite all\u2019estero, se ritrovate, vengono di regola restituite dalle autorit\u00e0 locali agli Uffici Consolari della circoscrizione dove \u00e8 avvenuto il rinvenimento.<\/p>\n<p>Se il documento ritrovato appartiene ad un cittadino italiano registrato nel nostro schedario consolare, sar\u00e0 cura di questo Consolato avvisare l\u2019interessato. Tuttavia, il suddetto documento potrebbe non essere pi\u00f9 valido a seguito della denuncia di furto\/smarrimento presso la polizia.<\/p>\n<p>Si invitano coloro che abbiamo perso\/smarrito la carta di identit\u00e0 e che non abbiano ancora presentato denuncia presso la polizia locale a rivolgersi a questo Ufficio all\u2019indirizzo mail <a href=\"mailto:ci_congine@esteri.it\">ci_congine@esteri.it<\/a> per verificare se il documento \u00e8 stato qui restituito.<\/p>\n<p>A richiesta dell\u2019interessato il documento rinvenuto potr\u00e0 essere restituito per posta a spese del destinatario.<\/p>\n<p>Si ricorda che trascorso il periodo massimo di un anno di giacenza presso l\u2019Ufficio consolare senza che i documenti siano stati reclamati dai legittimi proprietari, si proceder\u00e0 alla loro distruzione senza ulteriori comunicazioni. Il termine di un anno decorre dalla data in cui le Autorit\u00e0 locali restituiscono le carte di identit\u00e0 rubate o smarrite.<\/p>\n<p>&nbsp;<\/p>\n<h4>CASI DI CURATELA &#8211; SCHEDA INFORMATIVA<\/h4>\n<p>Ai fini del rilascio di carte d\u2019identit\u00e0 nei casi di curatela\/tutela e dissenso tra i genitori, consultare la scheda informativa presente nella seguente pagina web | <a href=\"https:\/\/consginevra.esteri.it\/it\/servizi-consolari-e-visti\/servizi-per-il-cittadino-italiano\/altri-servizi\/minisito-passaporti\/scheda-informativa-curatele\/\">LINK<\/a><\/p>\n<p><span style=\"text-decoration: line-through;\">\u00a0<\/span><\/p>\n","protected":false},"excerpt":{"rendered":"ATTENZIONE \u2013 NOVIT\u00c0 IMPORTANTE A decorrere dal 1\u00b0 giugno 2026 il cittadino iscritto all\u2019Anagrafe degli Italiani Residenti all\u2019Estero (AIRE) pu\u00f2 \u00a0presentare domanda per il rilascio della carta d&#8217;identit\u00e0 elettronica presso qualsiasi Comune italiano. La carta d\u2019identit\u00e0 sar\u00e0 consegnata con le medesime modalit\u00e0 previste in caso di domanda presentata tramite l\u2019Ufficio consolare, con facolt\u00e0 per l\u2019interessato [&hellip;]","protected":false},"author":5,"featured_media":0,"parent":59,"menu_order":3,"comment_status":"closed","ping_status":"closed","template":"","meta":{"footnotes":""},"class_list":["post-387","page","type-page","status-publish","hentry"],"_links":{"self":[{"href":"https:\/\/consginevra.esteri.it\/it\/wp-json\/wp\/v2\/pages\/387","targetHints":{"allow":["GET"]}}],"collection":[{"href":"https:\/\/consginevra.esteri.it\/it\/wp-json\/wp\/v2\/pages"}],"about":[{"href":"https:\/\/consginevra.esteri.it\/it\/wp-json\/wp\/v2\/types\/page"}],"author":[{"embeddable":true,"href":"https:\/\/consginevra.esteri.it\/it\/wp-json\/wp\/v2\/users\/5"}],"replies":[{"embeddable":true,"href":"https:\/\/consginevra.esteri.it\/it\/wp-json\/wp\/v2\/comments?post=387"}],"version-history":[{"count":8,"href":"https:\/\/consginevra.esteri.it\/it\/wp-json\/wp\/v2\/pages\/387\/revisions"}],"predecessor-version":[{"id":7465,"href":"https:\/\/consginevra.esteri.it\/it\/wp-json\/wp\/v2\/pages\/387\/revisions\/7465"}],"up":[{"embeddable":true,"href":"https:\/\/consginevra.esteri.it\/it\/wp-json\/wp\/v2\/pages\/59"}],"wp:attachment":[{"href":"https:\/\/consginevra.esteri.it\/it\/wp-json\/wp\/v2\/media?parent=387"}],"curies":[{"name":"wp","href":"https:\/\/api.w.org\/{rel}","templated":true}]}}