{"id":37,"date":"2023-04-03T19:15:59","date_gmt":"2023-04-03T17:15:59","guid":{"rendered":"https:\/\/consolatozurigo.esteri.it\/?page_id=37"},"modified":"2026-02-10T16:57:58","modified_gmt":"2026-02-10T14:57:58","slug":"contatti","status":"publish","type":"page","link":"https:\/\/consginevra.esteri.it\/it\/chi-siamo\/contatti\/","title":{"rendered":"Contatti"},"content":{"rendered":"<p><strong>CENTRALINO : + 41 (0) 22 839 67 44 <\/strong><\/p>\n<p><strong>(luned\u00ec-venerd\u00ec 09h00-12h30)<\/strong><\/p>\n<p><strong><span style=\"text-decoration: underline;\">TELEFONI DIRETTI DEGLI OPERATORI<\/span>:<\/strong><\/p>\n<p><strong>Ufficio AIRE<\/strong>:<\/p>\n<p>Operatore 1: +41 (0) 22 839 67 25 (raggiungibile lun-ven dalle 11h30 alle 13h00)<\/p>\n<p>Operatore 2: +41 (0) 22 839 67 28 (raggiungibile lun-ven dalle 09h00 alle 13h00)<\/p>\n<p><strong>Ufficio Stato Civile<\/strong>:<\/p>\n<p>Operatore 3: +41 (0) 22 839 67 52 (risponde solo lun, mar, mer 13h30-15h30; ven 13h00-14h00)<\/p>\n<p>Operatore 4: +41 (0) 22 839 67 59 (raggiungibile solo lun, mar, mer 13h30-15h30; ven 13h00-14h00)<\/p>\n<p><strong>Ufficio Documenti di Viaggio<\/strong><\/p>\n<p><em>Ufficio Passaporti<\/em><\/p>\n<p>Operatore 1: +41 (0) 22 839 67 55 (raggiungibile lun, mar, mer 13h30-15h30; ven 13h00-14h00)<\/p>\n<p>Operatore 2: +41 (0) 228 39 67 57 (raggiungibile lun, mar, mer 13h30-15h30; ven 13h00-14h00)<\/p>\n<p>Operatore 3: +41 (0) 228 39 67 34 (raggiungibile lun, mar, mer 13h30-15h30; ven 13h00-14h00)<\/p>\n<p>Operatore 4: +41 (0) 228 39 67 36 (raggiungibile lun-ven dalle 09h00 alle 13h00)<\/p>\n<p><em>Ufficio CIE &#8211; Carta di Identit\u00e0 Elettronica<\/em><\/p>\n<p>Operatore 5: +41 (0) 22 839 67 32 (raggiungibile lun, mar, mer 13h30-15h30; ven 13h00-14h00)<\/p>\n<p>Operatore 6: +41 (0) 22 839 67 21 (raggiungibile lun, mar, mer 13h30-15h30; ven 13h00-14h00)<\/p>\n<p>Operatore 7: +41 (0) 22 839 67 24 (raggiungibile lun, mar, mer 13h30-15h30; ven 13h00-14h00)<\/p>\n<p>Operatore 8: +41 (0) 22 839 67 61 (raggiungibile lun, mar, mer 13h30-15h30; ven 13h00-14h00)<\/p>\n<p><strong>Ufficio Notarile<\/strong>:<\/p>\n<p>Operatore 1: +41 (0) 22 839 67 42 (attivo lun-ven dalle 09h00 alle 13h00)<\/p>\n<p><strong>Ufficio Scolastico<\/strong>:<\/p>\n<p>Operatore 1: +41 (0) 22 839 67 49<\/p>\n<p>&nbsp;<\/p>\n<p><span style=\"text-decoration: underline;\"><strong>EMAIL DEGLI UFFICI CONSOLARI:<\/strong><\/span><\/p>\n<p><strong>CODICE FISCALE: <\/strong>\u00a0\u00a0<a href=\"mailto:ginevra.codicefiscal@esteri.it\">ginevra.codicefiscal@esteri.it<\/a><\/p>\n<p><strong>STATO CIVILE:\u00a0 <\/strong><a href=\"mailto:statocivile.ginevra@esteri.it\">statocivile.ginevra@esteri.it<\/a><\/p>\n<p><strong>ANAGRAFE (AIRE):<\/strong>\u00a0\u00a0<a href=\"mailto:ginevra.aire@esteri.it\">ginevra.aire@esteri.it<\/a><\/p>\n<p><strong>ASSISTENZA SOCIALE:<\/strong>\u00a0 \u00a0<a href=\"mailto:ginevra.sociale@esteri.it\">ginevra.sociale@esteri.it<\/a><\/p>\n<p><strong>CITTADINANZA:\u00a0 <\/strong><a href=\"mailto:cittadinanza.ginevra@esteri.it\">cittadinanza.ginevra@esteri.it<\/a><\/p>\n<p><strong>VISTI:\u00a0 <\/strong><a href=\"mailto:ginevra.visti@esteri.it\">ginevra.visti@esteri.it<\/a><\/p>\n<p><strong>NOTARILE:\u00a0 <\/strong><a href=\"mailto:notarile.ginevra@esteri.it\">notarile.ginevra@esteri.it<\/a><\/p>\n<p><strong>SCOLASTICO: <\/strong><a href=\"mailto:scuola.ginevra@esteri.it\">scuola.ginevra@esteri.it<\/a><\/p>\n<p><strong>CENTRALINO: <\/strong><a href=\"mailto:consolato.ginevra@esteri.it\">consolato.ginevra@esteri.it<\/a><\/p>\n<p><strong>SEGRETERIA: <\/strong><a href=\"mailto:segreteria.ginevra@esteri.it\">segreteria.ginevra@esteri.it<\/a><\/p>\n<p><strong>PASSAPORTI: <\/strong><a href=\"mailto:ginevra.passaporti2@esteri.it\">ginevra.passaporti2@esteri.it<\/a><\/p>\n<p><strong>CARTE IDENTITA: <\/strong><a href=\"mailto:ci_congine@esteri.it\">ci_congine@esteri.it<\/a><\/p>\n<p>&nbsp;<\/p>\n<p><strong>PASSAPORTI\u00a0<\/strong><\/p>\n<p>La prenotazione dell\u2019appuntamento si effettua solamente tramite il\u00a0portale <u><a href=\"https:\/\/prenotami.esteri.it\/\">Prenot@mi<\/a>.<\/u><\/p>\n<p>Considerato l\u2019elevato volume di richieste di oltre 140.000 connazionali presenti nei 3 cantoni (Ginevra, Vaud e Vallese) si sensibilizzano gli interessati a non indugiare e prenotare l\u2019appuntamento con congruo anticipo.<\/p>\n<p><strong>CARTE DI IDENTITA\u2019<\/strong><\/p>\n<p>La prenotazione dell\u2019appuntamento si effettua solamente tramite il\u00a0portale <u><a href=\"https:\/\/prenotami.esteri.it\/\">Prenot@mi<\/a>.<\/u><\/p>\n<p><strong>ESCLUSIVAMENTE<\/strong> per le persone over 75 (di oltre 75 anni) inviare un SMS indicando Cognome (per le donne cognome da nubile), Nome, Data di nascita, Luogo di nascita e Indirizzo in Svizzera, al numero <strong>079 479 5299.<\/strong><\/p>\n<p><strong>ESCLUSIVAMENTE<\/strong>\u00a0per coloro che sono interessati da una misura di tutela o curatela generale, il curatore puo\u2019 inviare una mail all\u2019indirizzo\u00a0<a href=\"mailto:ci_congine@esteri.it\">ci_congine@esteri.it<\/a>\u00a0specificando nell\u2019oggetto che si tratta di una tutela o di curatela generale<\/p>\n<p><strong>SEGRETERIA DEL CONSOLE GENERALE<\/strong>\u00a0\u00a0<a href=\"mailto:consolato.ginevra@esteri.it\">consolato.ginevra@esteri.it<\/a><\/p>\n<p><strong>Cellulare di reperibilit\u00e0<\/strong> attivo solo per emergenze, visita la pagina dedicata: <a href=\"https:\/\/consginevra.esteri.it\/it\/chi-siamo\/numeri-di-emergenza\/\">https:\/\/consginevra.esteri.it\/it\/chi-siamo\/numeri-di-emergenza\/<\/a><\/p>\n<p>&nbsp;<\/p>\n<p>&nbsp;<\/p>\n<p><strong>DOVE SIAMO<\/strong><\/p>\n<p>Indirizzo postale: Rue Charles-Galland 14<br \/>\n1206 Ginevra, Svizzera<br \/>\nE-mail:\u00a0<a href=\"mailto:consolato.ginevra@esteri.it\">consolato.ginevra@esteri.it<br \/>\n<\/a>E-mail PEC :\u00a0<a href=\"mailto:con.ginevra@cert.esteri.it\">con.ginevra@cert.esteri.it<\/a>\u00a0(indirizzo abilitato alla ricezione di sola posta elettronica certificata PEC)<\/p>\n<p>(l&#8217;entrata per il pubblico \u00e8 sul retro del Consolato, alla Rue Munier-Romilly 3).<\/p>\n<p>&nbsp;<\/p>\n<p><strong>COME RAGGIUNGERCI<\/strong><\/p>\n<p class=\"boxLevel03\"><strong>DALLA GARE CORNAVIN<\/strong><\/p>\n<p>\u2022 Prendere il\u00a0<strong>BUS n\u00b0 8<\/strong>\u00a0direzione Veyrier-Tournettes per 5 fermate e scendere a Tranch\u00e9es, poi a piedi per cinque minuti.<\/p>\n<p>\u2022 Prendere il\u00a0<strong>BUS n\u00b0 5<\/strong>\u00a0direzione Th\u00f4nex-Vallard per 6 fermate e scendere a Ath\u00e9n\u00e9e, poi a piedi per dieci minuti.<\/p>\n<p>\u2022 Prendere il\u00a0<strong>BUS n\u00b0 1<\/strong>\u00a0direzione Petit Bel Air per 4 fermate e scendere a Museum, poi a piedi per sette minuti.<\/p>\n<p>\u2022 Prendere il\u00a0<strong>BUS n\u00b0 25<\/strong>\u00a0direzione Th\u00f4nex-Vallard per 5 fermate e scendere a Museum, poi a piedi per sette minuti.<\/p>\n<p><strong>DALL\u2019AEROPORTO<\/strong><\/p>\n<p>\u2022 Prendere il\u00a0<strong>BUS n\u00b0 5<\/strong>\u00a0direzione Th\u00f4nex-Vallard per 18 fermate e scendere a Ath\u00e9n\u00e9e, poi a piedi per dieci minuti.<br \/>\n\u2022 Prendere il<strong>\u00a0treno IR 1435 <\/strong>direzione Ginevra per una fermata e scendere alla Gare Cornavin, da l\u00ec prendere\u00a0uno degli\u00a0AUTOBUS indicati sopra\u00a0.<\/p>\n<p><strong>DAL PALAZZO DELLE NAZIONI:<\/strong><\/p>\n<p>\u2022 Dalla fermata Nations prendere il\u00a0<strong>BUS n\u00b05<\/strong>\u00a0direzione Th\u00f4nex-Vallard per 11 fermate e scendere a Ath\u00e9n\u00e9e, poi a piedi per dieci minuti.<\/p>\n<p>\u2022 Dalla fermata Nations prendere il\u00a0<strong>BUS n\u00b08<\/strong>\u00a0direzione Th\u00f4nex-Vallard per 11 fermate e scendere a Tranch\u00e9es, poi a piedi per cinque minuti.<\/p>\n<p>&nbsp;<\/p>\n<p>&nbsp;<\/p>\n<p><strong>COME RAGGIUNGERCI A LOSANNA<\/strong><\/p>\n<p>(<span style=\"text-decoration: underline;\">solo sportello Passaporti<\/span> su appuntamento)<\/p>\n<p>Rue du Valentin 12, 1004 Losanna<\/p>\n<p>________________________<\/p>\n<p>(data ultimo aggiornamento: 22\/01\/2026)<\/p>\n","protected":false},"excerpt":{"rendered":"CENTRALINO : + 41 (0) 22 839 67 44 (luned\u00ec-venerd\u00ec 09h00-12h30) TELEFONI DIRETTI DEGLI OPERATORI: Ufficio AIRE: Operatore 1: +41 (0) 22 839 67 25 (raggiungibile lun-ven dalle 11h30 alle 13h00) Operatore 2: +41 (0) 22 839 67 28 (raggiungibile lun-ven dalle 09h00 alle 13h00) Ufficio Stato Civile: Operatore 3: +41 (0) 22 839 67 [&hellip;]","protected":false},"author":1,"featured_media":0,"parent":13,"menu_order":8,"comment_status":"closed","ping_status":"closed","template":"","meta":{"footnotes":""},"class_list":["post-37","page","type-page","status-publish","hentry"],"_links":{"self":[{"href":"https:\/\/consginevra.esteri.it\/it\/wp-json\/wp\/v2\/pages\/37","targetHints":{"allow":["GET"]}}],"collection":[{"href":"https:\/\/consginevra.esteri.it\/it\/wp-json\/wp\/v2\/pages"}],"about":[{"href":"https:\/\/consginevra.esteri.it\/it\/wp-json\/wp\/v2\/types\/page"}],"author":[{"embeddable":true,"href":"https:\/\/consginevra.esteri.it\/it\/wp-json\/wp\/v2\/users\/1"}],"replies":[{"embeddable":true,"href":"https:\/\/consginevra.esteri.it\/it\/wp-json\/wp\/v2\/comments?post=37"}],"version-history":[{"count":9,"href":"https:\/\/consginevra.esteri.it\/it\/wp-json\/wp\/v2\/pages\/37\/revisions"}],"predecessor-version":[{"id":7232,"href":"https:\/\/consginevra.esteri.it\/it\/wp-json\/wp\/v2\/pages\/37\/revisions\/7232"}],"up":[{"embeddable":true,"href":"https:\/\/consginevra.esteri.it\/it\/wp-json\/wp\/v2\/pages\/13"}],"wp:attachment":[{"href":"https:\/\/consginevra.esteri.it\/it\/wp-json\/wp\/v2\/media?parent=37"}],"curies":[{"name":"wp","href":"https:\/\/api.w.org\/{rel}","templated":true}]}}