{"id":36,"date":"2023-04-03T19:15:47","date_gmt":"2023-04-03T17:15:47","guid":{"rendered":"https:\/\/consolatozurigo.esteri.it\/?page_id=36"},"modified":"2025-11-25T12:28:54","modified_gmt":"2025-11-25T10:28:54","slug":"gli-uffici","status":"publish","type":"page","link":"https:\/\/consginevra.esteri.it\/it\/chi-siamo\/gli-uffici\/","title":{"rendered":"Gli Uffici"},"content":{"rendered":"<h3><strong>CENTRALINO CONSOLATO &#8211; Tel: 022 839 67 44<\/strong><\/h3>\n<p>&nbsp;<\/p>\n<p><strong>CODICI FISCALI<\/strong>\u00a0\u00a0<a href=\"mailto:ginevra.codicefiscal@esteri.it\">ginevra.codicefiscal@esteri.it<\/a><\/p>\n<p><strong>STATO CIVILE\u00a0\u00a0<\/strong><a href=\"mailto:statocivile.ginevra@esteri.it\">statocivile.ginevra@esteri.it<\/a><br \/>\nAttivo dal lunedi\u2019 al venerdi\u2019, dalle ore 9.00 alle 12.00.<br \/>\n(Servizio non competente per passaporti e carte d&#8217;identit\u00e0!)<\/p>\n<p><strong>ANAGRAFE (AIRE)<\/strong>\u00a0\u00a0<a href=\"mailto:ginevra.aire@esteri.it\">ginevra.aire@esteri.it<\/a><br \/>\nAttivo dal lunedi\u2019 al venerdi\u2019, dalle ore 9.00 alle 12.00.<br \/>\n(Servizio non competente per passaporti e carte d&#8217;identit\u00e0!)<\/p>\n<p><strong>ASSISTENZA SOCIALE<\/strong>\u00a0 \u00a0<a href=\"mailto:ginevra.sociale@esteri.it\">ginevra.sociale@esteri.it<\/a><\/p>\n<p><strong>CITTADINANZA\u00a0\u00a0<\/strong><a href=\"mailto:cittadinanza.ginevra@esteri.it\">cittadinanza.ginevra@esteri.it<\/a><\/p>\n<p><strong>VISTI\u00a0\u00a0<\/strong><a href=\"mailto:ginevra.visti@esteri.it\">ginevra.visti@esteri.it<\/a><\/p>\n<p><strong>SERVIZIO NOTARILE\u00a0\u00a0<\/strong><a href=\"mailto:notarile.ginevra@esteri.it\">notarile.ginevra@esteri.it<\/a><\/p>\n<p>&nbsp;<\/p>\n<p><strong>PASSAPORTI\u00a0<\/strong><\/p>\n<p>La prenotazione dell\u2019appuntamento si effettua <u>solamente tramite il\u00a0portale Prenot@mi.<\/u><\/p>\n<p><strong>ESCLUSIVAMENTE<\/strong>\u00a0per i nati prima del 1945 inviare un\u00a0<strong>SMS<\/strong> indicando Cognome (per le donne cognome da nubile), Nome, Data di nascita, Luogo di nascita e Indirizzo in Svizzera, al numero <strong>0799455487<\/strong> o tramite whatsapp.<\/p>\n<p>&nbsp;<\/p>\n<p><strong>CARTE DI IDENTITA\u2019<\/strong><\/p>\n<p>La prenotazione dell\u2019appuntamento si effettua <u>solamente tramite il\u00a0portale Prenot@mi.<\/u><\/p>\n<p><strong>ESCLUSIVAMENTE<\/strong>\u00a0per i nati prima del 1945 inviare un SMS indicando Cognome (per le donne cognome da nubile), Nome, Data di nascita, Luogo di nascita e Indirizzo in Svizzera, al numero \u00a0<strong>0799455487.<\/strong><\/p>\n<p><strong>ESCLUSIVAMENTE<\/strong>\u00a0per coloro che sono interessati da una misura di tutela o curatela generale, il curatore puo\u2019 inviare una mail all\u2019indirizzo\u00a0<a href=\"mailto:ci_congine@esteri.it\">ci_congine@esteri.it<\/a>\u00a0specificando nell\u2019oggetto che si tratta di una tutela o di curatela generale<\/p>\n<p>&nbsp;<\/p>\n<p>&nbsp;<\/p>\n<p><strong>SEGRETERIA\u00a0<\/strong> <a href=\"mailto:consolato.ginevra@esteri.it\">consolato.ginevra@esteri.it<\/a><\/p>\n<p><strong>Cellulare di reperibilit\u00e0<\/strong>\u00a0<span style=\"color: #ff0000;\">attivo dal luned\u00ec al venerd\u00ec dalle 18:00 alle 21:00, il sabato e domenica dalle 8:00 alle 21:00<\/span> <span class=\"baec5a81-e4d6-4674-97f3-e9220f0136c1\"><strong>+41 79 325 39 78<\/strong>.<\/span><\/p>\n<p>Le richieste di appuntamento verranno trattate secondo priorit\u00e0 (per i documenti di viaggio si dar\u00e0 precedenza ai cittadini che ne sono sprovvisti e hanno necessit\u00e0 concrete).<\/p>\n<p>&nbsp;<\/p>\n<p>&nbsp;<\/p>\n<p><strong>UFFICIO SCOLASTICO<\/strong><\/p>\n<p>(L\u2019Ufficio scolastico risponde solo per questioni scolastiche o consulenze sulle dichiarazioni di valore di titoli di studio conseguiti nella Circoscrizione consolare o IBO. Non possono essere date informazioni sugli altri servizi consolari)<\/p>\n<p>Dirigente scolastico: Giorgio La Rocca<\/p>\n<p>E-mail:\u00a0<a href=\"mailto:scuola.ginevra@esteri.it\">scuola.ginevra@esteri.it<\/a><\/p>\n<p>tel.\u00a0<span class=\"baec5a81-e4d6-4674-97f3-e9220f0136c1\">+41 (0)22 839 67 48<\/span><\/p>\n<p>Segreteria:\u00a0<span class=\"baec5a81-e4d6-4674-97f3-e9220f0136c1\">+41 (0)22 839 67 49<\/span><\/p>\n<p>&nbsp;<\/p>\n<p><strong>DOVE SIAMO<\/strong><\/p>\n<p>Indirizzo postale: Rue Charles-Galland 14<br \/>\n1206 Ginevra, Svizzera<br \/>\nE-mail:\u00a0<a href=\"mailto:consolato.ginevra@esteri.it\">consolato.ginevra@esteri.it<br \/>\n<\/a>E-mail PEC :\u00a0<a href=\"mailto:con.ginevra@cert.esteri.it\">con.ginevra@cert.esteri.it<\/a>\u00a0(indirizzo abilitato alla ricezione di sola posta elettronica certificata PEC)<\/p>\n<p>(l&#8217;entrata per il pubblico \u00e8 sul retro del Consolato, alla Rue Munier-Romilly 3).<\/p>\n<p class=\"boxLevel03\">\u00a0ORARI DI APERTURA AL PUBBLICO (esclusivamente su appuntamento)<\/p>\n<table>\n<tbody>\n<tr>\n<td width=\"94\">Luned\u00ec<\/td>\n<td width=\"208\">09:00 &#8211; 12:30<\/td>\n<\/tr>\n<tr>\n<td width=\"94\">Marted\u00ec<\/td>\n<td width=\"208\">09:00 &#8211; 12:30<\/td>\n<\/tr>\n<tr>\n<td width=\"94\">Mercoled\u00ec<\/td>\n<td width=\"208\">09:00 &#8211; 12:30<\/td>\n<\/tr>\n<tr>\n<td width=\"94\">Gioved\u00ec<\/td>\n<td width=\"208\">09:00 &#8211; 12:30 &#8211; 13:30 &#8211; 15:30<\/td>\n<\/tr>\n<tr>\n<td width=\"94\">Venerd\u00ec<\/td>\n<td width=\"208\">09:00 &#8211; 12:30<\/td>\n<\/tr>\n<\/tbody>\n<\/table>\n<p><strong>\u00a0<\/strong><\/p>\n<p>&nbsp;<\/p>\n<p><strong>COME RAGGIUNGERCI<\/strong><\/p>\n<p class=\"boxLevel03\"><strong>DALLA GARE CORNAVIN<\/strong><\/p>\n<p>\u2022 Prendere il\u00a0<strong>BUS n\u00b0 8<\/strong>\u00a0direzione Veyrier-Tournettes per 5 fermate e scendere a Tranch\u00e9es, poi a piedi per cinque minuti.<\/p>\n<p>\u2022 Prendere il\u00a0<strong>BUS n\u00b0 5<\/strong>\u00a0direzione Th\u00f4nex-Vallard per 6 fermate e scendere a Ath\u00e9n\u00e9e, poi a piedi per dieci minuti.<\/p>\n<p>\u2022 Prendere il\u00a0<strong>BUS n\u00b0 1<\/strong>\u00a0direzione Petit Bel Air per 4 fermate e scendere a Museum, poi a piedi per sette minuti.<\/p>\n<p>\u2022 Prendere il\u00a0<strong>BUS n\u00b0 25<\/strong>\u00a0direzione Th\u00f4nex-Vallard per 5 fermate e scendere a Museum, poi a piedi per sette minuti.<\/p>\n<p><strong>DALL\u2019AEROPORTO<\/strong><\/p>\n<p>\u2022 Prendere il\u00a0<strong>BUS n\u00b0 5<\/strong>\u00a0direzione Th\u00f4nex-Vallard per 18 fermate e scendere a Ath\u00e9n\u00e9e, poi a piedi per dieci minuti.<br \/>\n\u2022 Prendere il<strong>\u00a0treno IR 1435 <\/strong>direzione Ginevra per una fermata e scendere alla Gare Cornavin, da l\u00ec prendere\u00a0uno degli\u00a0AUTOBUS indicati sopra\u00a0.<\/p>\n<p><strong>DAL PALAZZO DELLE NAZIONI:<\/strong><\/p>\n<p>\u2022 Dalla fermata Nations prendere il\u00a0<strong>BUS n\u00b05<\/strong>\u00a0direzione Th\u00f4nex-Vallard per 11 fermate e scendere a Ath\u00e9n\u00e9e, poi a piedi per dieci minuti.<\/p>\n<p>\u2022 Dalla fermata Nations prendere il\u00a0<strong>BUS n\u00b08<\/strong>\u00a0direzione Th\u00f4nex-Vallard per 11 fermate e scendere a Tranch\u00e9es, poi a piedi per cinque minuti.<\/p>\n<p>&nbsp;<\/p>\n<p>(ultimo aggiornamento: 25\/11\/2025)<\/p>\n","protected":false},"excerpt":{"rendered":"CENTRALINO CONSOLATO &#8211; Tel: 022 839 67 44 &nbsp; CODICI FISCALI\u00a0\u00a0ginevra.codicefiscal@esteri.it STATO CIVILE\u00a0\u00a0statocivile.ginevra@esteri.it Attivo dal lunedi\u2019 al venerdi\u2019, dalle ore 9.00 alle 12.00. (Servizio non competente per passaporti e carte d&#8217;identit\u00e0!) ANAGRAFE (AIRE)\u00a0\u00a0ginevra.aire@esteri.it Attivo dal lunedi\u2019 al venerdi\u2019, dalle ore 9.00 alle 12.00. (Servizio non competente per passaporti e carte d&#8217;identit\u00e0!) ASSISTENZA SOCIALE\u00a0 \u00a0ginevra.sociale@esteri.it CITTADINANZA\u00a0\u00a0cittadinanza.ginevra@esteri.it [&hellip;]","protected":false},"author":1,"featured_media":0,"parent":13,"menu_order":6,"comment_status":"closed","ping_status":"closed","template":"","meta":{"footnotes":""},"class_list":["post-36","page","type-page","status-publish","hentry"],"_links":{"self":[{"href":"https:\/\/consginevra.esteri.it\/it\/wp-json\/wp\/v2\/pages\/36","targetHints":{"allow":["GET"]}}],"collection":[{"href":"https:\/\/consginevra.esteri.it\/it\/wp-json\/wp\/v2\/pages"}],"about":[{"href":"https:\/\/consginevra.esteri.it\/it\/wp-json\/wp\/v2\/types\/page"}],"author":[{"embeddable":true,"href":"https:\/\/consginevra.esteri.it\/it\/wp-json\/wp\/v2\/users\/1"}],"replies":[{"embeddable":true,"href":"https:\/\/consginevra.esteri.it\/it\/wp-json\/wp\/v2\/comments?post=36"}],"version-history":[{"count":7,"href":"https:\/\/consginevra.esteri.it\/it\/wp-json\/wp\/v2\/pages\/36\/revisions"}],"predecessor-version":[{"id":6762,"href":"https:\/\/consginevra.esteri.it\/it\/wp-json\/wp\/v2\/pages\/36\/revisions\/6762"}],"up":[{"embeddable":true,"href":"https:\/\/consginevra.esteri.it\/it\/wp-json\/wp\/v2\/pages\/13"}],"wp:attachment":[{"href":"https:\/\/consginevra.esteri.it\/it\/wp-json\/wp\/v2\/media?parent=36"}],"curies":[{"name":"wp","href":"https:\/\/api.w.org\/{rel}","templated":true}]}}