{"id":2842,"date":"2024-02-02T10:24:49","date_gmt":"2024-02-02T08:24:49","guid":{"rendered":"https:\/\/consginevra.esteri.it\/?page_id=2842"},"modified":"2026-04-02T13:03:22","modified_gmt":"2026-04-02T11:03:22","slug":"variazione-indirizzo-o-dati","status":"publish","type":"page","link":"https:\/\/consginevra.esteri.it\/it\/servizi-consolari-e-visti\/servizi-per-il-cittadino-italiano\/anagrafe-degli-italiani-residenti-allestero-aire\/variazione-indirizzo-o-dati\/","title":{"rendered":"Variazione indirizzo o dati"},"content":{"rendered":"<p><strong>Variazione di indirizzo e aggiornamento dei dati d\u2019iscrizione all\u2019AIRE<\/strong><\/p>\n<p>Il cittadino italiano ha <strong>l\u2019obbligo di comunicare all\u2019Ufficio consolare le variazioni di indirizzo e tutte le modifiche dello stato civile<\/strong> (matrimonio, unione civile, nascita, divorzio, morte ecc.).<\/p>\n<p>La <strong>variazione di indirizzo<\/strong> DEVE essere comunicata tramite il portale <a href=\"https:\/\/serviziconsolari.esteri.it\/ScoFE\/index.sco\"><strong>FAST-IT<\/strong><\/a>.<\/p>\n<p>Occorre registrarsi al portale e richiedere l\u2019\u201cAssociazione Online\u201d (<a href=\"https:\/\/consginevra.esteri.it\/wp-content\/uploads\/2023\/09\/2_guida_pratica_associazione_account_fast_it.pdf\">leggere le istruzioni tecniche per l\u2019associazione online<\/a>).<\/p>\n<p>Dopo l\u2019associazione si potr\u00e0 procedere con la richiesta di cambio di residenza. Nel portale sar\u00e0 generato un modulo di \u201c<strong>Comunicazione cambio residenza<\/strong>\u201d da stampare, firmare, e ricaricare come allegato nel Fast-it. (<a href=\"https:\/\/consginevra.esteri.it\/wp-content\/uploads\/2023\/09\/3_guida_pratica_cambio_indirizzo_fast_it.pdf\">leggere le istruzioni tecniche per il cambio d\u2019indirizzo<\/a>).<\/p>\n<p>Sar\u00e0 necessario allegare la documentazione che comprova il cambiamento:<\/p>\n<ol>\n<li>modulo di richiesta generato automaticamente dalla piattaforma FAST-IT (dovr\u00e0 essere scaricato, stampato, firmato, scansionato e caricato sulla piattaforma);\u00a0 &#8211; Attenzione: il modulo deve essere firmato a penna (firma autografa) e in presenza di figli minori deve essere firmato da entrambi i genitori.<\/li>\n<li>Copia di un documento d\u2019identit\u00e0 in corso di validit\u00e0 (passaporto, carta d\u2019identit\u00e0 italiana) fronte-retro di TUTTI i membri del nucleo familiare; &#8211; Attenzione: il permesso di soggiorno non \u00e8 un documento di identit\u00e0.<\/li>\n<li>copia di una fattura non pi\u00f9 vecchia di sei mesi (es. assicurazione malattia) oppure certificato di domicilio (\u201cAttestation d\u2019\u00e9tablissement, r\u00e9sidence o domicile\u201d) <u>non pi\u00f9 vecchi di sei mesi rispetto alla data di inoltro della domanda<\/u>. &#8211; Attenzione: il contratto di affitto e il contratto di lavoro NON sono una valida prova della residenza.<\/li>\n<\/ol>\n<p>In via residuale, \u00e8 ammessa la variazione di indirizzo in formato cartaceo per:<\/p>\n<ul>\n<li>chi non possiede il computer;<\/li>\n<li>chi non ha dimestichezza con l\u2019uso degli strumenti informatici;<\/li>\n<li>\u00a0coloro i quali hanno l\u2019account FAST IT bloccato e non riescono pi\u00f9 ad accedere;<\/li>\n<li>i connazionali anziani over 70;<\/li>\n<li>i connazionali che devono trasmettere altri documenti di stato civile in formato cartaceo in originale (es: atto di nascita dei figli o atto di matrimonio).<\/li>\n<\/ul>\n<p>Scaricare il formulario (<a href=\"https:\/\/consginevra.esteri.it\/wp-content\/uploads\/2026\/04\/AIRE_VARIAZ_INDIRIZZO_20260402.pdf\">LINK<\/a>) da trasmettere tramite posta ordinaria all\u2019indirizzo del Consolato (Rue Charles-Galland 14 \u2013 1206 Ginevra) insieme ai documenti di cui ai punti 2 e 3.<\/p>\n<p>La tempestiva comunicazione al Consolato dei cambiamenti riguardanti la propria situazione anagrafica \u2013 oltre ad essere un dovere del cittadino \u2013 consente all\u2019Ufficio consolare di mantenere sempre aggiornate le informazioni riguardanti i cittadini residenti all\u2019estero, facilitando l\u2019erogazione di tutti i servizi eventualmente richiesti in Italia e all\u2019estero, incluso il voto per corrispondenza, e il contatto fra Consolato e cittadini italiani residenti nella circoscrizione consolare.<\/p>\n<p>Per tutte le <strong>modifiche dello stato civile<\/strong> si prega di consultare la sezione \u201cstato civile\u201d del sito del Consolato. <u>La documentazione deve essere trasmessa in originale tramite posta ordinaria. Non verranno accettate richieste di trascrizione di atti di matrimonio, unione civile, nascita, divorzio, morte effettuate tramite e-mail<\/u>.<\/p>\n","protected":false},"excerpt":{"rendered":"Variazione di indirizzo e aggiornamento dei dati d\u2019iscrizione all\u2019AIRE Il cittadino italiano ha l\u2019obbligo di comunicare all\u2019Ufficio consolare le variazioni di indirizzo e tutte le modifiche dello stato civile (matrimonio, unione civile, nascita, divorzio, morte ecc.). La variazione di indirizzo DEVE essere comunicata tramite il portale FAST-IT. Occorre registrarsi al portale e richiedere l\u2019\u201cAssociazione Online\u201d [&hellip;]","protected":false},"author":11,"featured_media":0,"parent":85,"menu_order":0,"comment_status":"closed","ping_status":"closed","template":"","meta":{"footnotes":""},"class_list":["post-2842","page","type-page","status-publish","hentry"],"_links":{"self":[{"href":"https:\/\/consginevra.esteri.it\/it\/wp-json\/wp\/v2\/pages\/2842","targetHints":{"allow":["GET"]}}],"collection":[{"href":"https:\/\/consginevra.esteri.it\/it\/wp-json\/wp\/v2\/pages"}],"about":[{"href":"https:\/\/consginevra.esteri.it\/it\/wp-json\/wp\/v2\/types\/page"}],"author":[{"embeddable":true,"href":"https:\/\/consginevra.esteri.it\/it\/wp-json\/wp\/v2\/users\/11"}],"replies":[{"embeddable":true,"href":"https:\/\/consginevra.esteri.it\/it\/wp-json\/wp\/v2\/comments?post=2842"}],"version-history":[{"count":6,"href":"https:\/\/consginevra.esteri.it\/it\/wp-json\/wp\/v2\/pages\/2842\/revisions"}],"predecessor-version":[{"id":7594,"href":"https:\/\/consginevra.esteri.it\/it\/wp-json\/wp\/v2\/pages\/2842\/revisions\/7594"}],"up":[{"embeddable":true,"href":"https:\/\/consginevra.esteri.it\/it\/wp-json\/wp\/v2\/pages\/85"}],"wp:attachment":[{"href":"https:\/\/consginevra.esteri.it\/it\/wp-json\/wp\/v2\/media?parent=2842"}],"curies":[{"name":"wp","href":"https:\/\/api.w.org\/{rel}","templated":true}]}}