{"id":2836,"date":"2024-02-02T10:20:46","date_gmt":"2024-02-02T08:20:46","guid":{"rendered":"https:\/\/consginevra.esteri.it\/?page_id=2836"},"modified":"2024-02-02T11:15:27","modified_gmt":"2024-02-02T09:15:27","slug":"minorenni-iscrizione-e-variazione-indirizzo","status":"publish","type":"page","link":"https:\/\/consginevra.esteri.it\/it\/servizi-consolari-e-visti\/servizi-per-il-cittadino-italiano\/anagrafe-degli-italiani-residenti-allestero-aire\/minorenni-iscrizione-e-variazione-indirizzo\/","title":{"rendered":"Minorenni &#8211; Iscrizione e variazione indirizzo"},"content":{"rendered":"<p><strong>Iscrizione \/variazione di indirizzo minorenni<\/strong><strong><br \/>\n<\/strong><br \/>\nPer l\u2019iscrizione all\u2019A.I.R.E. di <strong>figli minori non conviventi con entrambi i genitori\u00a0occorre<\/strong> che:<\/p>\n<ol>\n<li>l\u2019istanza sia sottoscritta da entrambi gli esercenti la responsabilit\u00e0 genitoriale;<\/li>\n<li>l\u2019istanza sia accompagnata dalle copie del documento di identit\u00e0 di entrambi i firmatari.<\/li>\n<\/ol>\n<p>In difetto dell\u2019espressione di volont\u00e0 di entrambi i genitori, la domanda dovr\u00e0 essere comunque integrata con le spiegazioni del mancato consenso.<\/p>\n<p>Sono ammesse anche dichiarazioni sostitutive (<a href=\"https:\/\/consginevra.esteri.it\/wp-content\/uploads\/2024\/02\/modulo_AIRE_minori_consenso_20240202.pdf\">scarica modulo<\/a>) ai sensi del D.P.R. n. 445\/2000, debitamente sottoscritte e corredate dal documento di identit\u00e0 del dichiarante.<\/p>\n<p>Qualora l\u2019interessato non possa fornire il consenso dell\u2019altro genitore, ad esempio per morte dell\u2019altro genitore o per provvedimento giurisdizionale interdittivo della sua genitorialit\u00e0 o perch\u00e9 il minore \u00e8 stato riconosciuto da un solo genitore, dovr\u00e0 fornire evidenza documentale della situazione dichiarata.<\/p>\n<p>Qualora l\u2019interessato dichiari invece la semplice impossibilit\u00e0 di ottenere il consenso dell\u2019altro genitore (ad esempio, nel caso di irreperibilit\u00e0 dello stesso o di puro disinteresse), dovr\u00e0 fornire le ultime coordinate conosciute: indirizzo, contatti telefonici o di posta elettronica.<\/p>\n","protected":false},"excerpt":{"rendered":"Iscrizione \/variazione di indirizzo minorenni Per l\u2019iscrizione all\u2019A.I.R.E. di figli minori non conviventi con entrambi i genitori\u00a0occorre che: l\u2019istanza sia sottoscritta da entrambi gli esercenti la responsabilit\u00e0 genitoriale; l\u2019istanza sia accompagnata dalle copie del documento di identit\u00e0 di entrambi i firmatari. In difetto dell\u2019espressione di volont\u00e0 di entrambi i genitori, la domanda dovr\u00e0 essere comunque [&hellip;]","protected":false},"author":11,"featured_media":0,"parent":85,"menu_order":0,"comment_status":"closed","ping_status":"closed","template":"","meta":{"footnotes":""},"class_list":["post-2836","page","type-page","status-publish","hentry"],"_links":{"self":[{"href":"https:\/\/consginevra.esteri.it\/it\/wp-json\/wp\/v2\/pages\/2836","targetHints":{"allow":["GET"]}}],"collection":[{"href":"https:\/\/consginevra.esteri.it\/it\/wp-json\/wp\/v2\/pages"}],"about":[{"href":"https:\/\/consginevra.esteri.it\/it\/wp-json\/wp\/v2\/types\/page"}],"author":[{"embeddable":true,"href":"https:\/\/consginevra.esteri.it\/it\/wp-json\/wp\/v2\/users\/11"}],"replies":[{"embeddable":true,"href":"https:\/\/consginevra.esteri.it\/it\/wp-json\/wp\/v2\/comments?post=2836"}],"version-history":[{"count":3,"href":"https:\/\/consginevra.esteri.it\/it\/wp-json\/wp\/v2\/pages\/2836\/revisions"}],"predecessor-version":[{"id":2884,"href":"https:\/\/consginevra.esteri.it\/it\/wp-json\/wp\/v2\/pages\/2836\/revisions\/2884"}],"up":[{"embeddable":true,"href":"https:\/\/consginevra.esteri.it\/it\/wp-json\/wp\/v2\/pages\/85"}],"wp:attachment":[{"href":"https:\/\/consginevra.esteri.it\/it\/wp-json\/wp\/v2\/media?parent=2836"}],"curies":[{"name":"wp","href":"https:\/\/api.w.org\/{rel}","templated":true}]}}