{"id":2649,"date":"2024-01-26T14:22:10","date_gmt":"2024-01-26T12:22:10","guid":{"rendered":"https:\/\/consginevra.esteri.it\/?page_id=2649"},"modified":"2024-06-18T14:54:06","modified_gmt":"2024-06-18T12:54:06","slug":"canali-ad-hoc","status":"publish","type":"page","link":"https:\/\/consginevra.esteri.it\/it\/servizi-consolari-e-visti\/servizi-per-il-cittadino-italiano\/passaporti-e-carte-didentita\/canali-ad-hoc\/","title":{"rendered":"Canali ad hoc categorie protette"},"content":{"rendered":"<p>Il Consolato Generale informa che sono stati istituiti i seguenti canali:<\/p>\n<ol>\n<li><strong>Dolce Attesa: <\/strong>dedicato alle cittadine italiane in stato di gravidanza, iscritte all\u2019AIRE di questo Consolato Generale. Ad eccezione di coloro per le quali lo stato di gravidanza sia gi\u00e0 evidente, sar\u00e0 necessario presentare un attestato rilasciato dal medico curante o altra idonea documentazione medica che dimostri la gravidanza.<\/li>\n<li><strong>Anziani over 75: <\/strong>dedicato agli iscritti AIRE con pi\u00f9 di 75 anni.<\/li>\n<li><strong>Disabili<\/strong>: dedicato alle cittadine e cittadini affetti da disabilit\u00e0. Sar\u00e0 necessario presentare una valida certificazione medica di disabilit\u00e0 permanente.<\/li>\n<\/ol>\n<p>Inviare un\u00a0<strong>SMS o Whatsapp<\/strong>\u00a0al numero\u00a0<strong>079 945 5487 <\/strong>indicando\u00a0<strong>Cognome<\/strong>\u00a0(per le donne cognome da nubile),\u00a0<strong>Nome<\/strong>,\u00a0<strong>Data di nascita<\/strong>\u00a0e\u00a0<strong>Indirizzo in Svizzera<\/strong><strong>.<\/strong>\u00a0Gli Uffici, dopo aver valutato la richiesta ed espletato i controlli anagrafici di rito, prenderanno contatto con gli interessati per fissare un appuntamento.<\/p>\n","protected":false},"excerpt":{"rendered":"Il Consolato Generale informa che sono stati istituiti i seguenti canali: Dolce Attesa: dedicato alle cittadine italiane in stato di gravidanza, iscritte all\u2019AIRE di questo Consolato Generale. Ad eccezione di coloro per le quali lo stato di gravidanza sia gi\u00e0 evidente, sar\u00e0 necessario presentare un attestato rilasciato dal medico curante o altra idonea documentazione medica [&hellip;]","protected":false},"author":11,"featured_media":0,"parent":67,"menu_order":0,"comment_status":"closed","ping_status":"closed","template":"","meta":{"footnotes":""},"class_list":["post-2649","page","type-page","status-publish","hentry"],"_links":{"self":[{"href":"https:\/\/consginevra.esteri.it\/it\/wp-json\/wp\/v2\/pages\/2649","targetHints":{"allow":["GET"]}}],"collection":[{"href":"https:\/\/consginevra.esteri.it\/it\/wp-json\/wp\/v2\/pages"}],"about":[{"href":"https:\/\/consginevra.esteri.it\/it\/wp-json\/wp\/v2\/types\/page"}],"author":[{"embeddable":true,"href":"https:\/\/consginevra.esteri.it\/it\/wp-json\/wp\/v2\/users\/11"}],"replies":[{"embeddable":true,"href":"https:\/\/consginevra.esteri.it\/it\/wp-json\/wp\/v2\/comments?post=2649"}],"version-history":[{"count":6,"href":"https:\/\/consginevra.esteri.it\/it\/wp-json\/wp\/v2\/pages\/2649\/revisions"}],"predecessor-version":[{"id":4201,"href":"https:\/\/consginevra.esteri.it\/it\/wp-json\/wp\/v2\/pages\/2649\/revisions\/4201"}],"up":[{"embeddable":true,"href":"https:\/\/consginevra.esteri.it\/it\/wp-json\/wp\/v2\/pages\/67"}],"wp:attachment":[{"href":"https:\/\/consginevra.esteri.it\/it\/wp-json\/wp\/v2\/media?parent=2649"}],"curies":[{"name":"wp","href":"https:\/\/api.w.org\/{rel}","templated":true}]}}