{"id":2463,"date":"2024-01-26T10:35:51","date_gmt":"2024-01-26T08:35:51","guid":{"rendered":"https:\/\/consginevra.esteri.it\/?page_id=2463"},"modified":"2024-02-21T16:10:59","modified_gmt":"2024-02-21T14:10:59","slug":"dichiarazione-accompagnamento","status":"publish","type":"page","link":"https:\/\/consginevra.esteri.it\/it\/servizi-consolari-e-visti\/servizi-per-il-cittadino-italiano\/altri-servizi\/minisito-passaporti\/dichiarazione-accompagnamento\/","title":{"rendered":"Dichiarazione accompagnamento"},"content":{"rendered":"<h3><strong>Dichiarazione di accompagnamento per minori di anni 14<\/strong><\/h3>\n<p>L\u2019interessato pu\u00f2 chiedere al Consolato l\u2019emissione di tale dichiarazione qualora un minorenne sotto l\u2019et\u00e0 di 14 anni gi\u00e0 in possesso di passaporto o carta di identit\u00e0 italiana dovesse viaggiare con un adulto diverso da chi ne esercita l\u2019autorit\u00e0 parentale.<br \/>\nLa dichiarazione di accompagnamento pu\u00f2 riguardare\u00a0<strong>un solo viaggio<\/strong>\u00a0(da intendersi come sola andata oppure andata e ritorno) dal Paese di residenza del minore con destinazione determinata e non pu\u00f2 eccedere, di norma, il termine massimo di sei mesi.<br \/>\nGli esercenti la responsabilit\u00e0 genitoriale possono indicare fino ad un massimo di due accompagnatori (alternativi fra loro). Nel caso in cui il minore venga affidato ad una compagnia aerea, viene rilasciata l\u2019attestazione sulla base della dichiarazione resa dai genitori. Si suggerisce \u2013 prima di acquistare il biglietto della compagnia di trasporto \u2013 di verificare che il vettore accetti che il minore sia ad esso affidato.<\/p>\n<p>Il formulario dovr\u00e0 essere inviato per posta ordinaria e\u00a0<strong>almeno 3 settimane prima della data di partenza<\/strong>\u00a0all\u2019Ufficio Passaporti del Consolato debitamente compilato e firmato da entrambi i genitori (o da chi esercita l\u2019autorit\u00e0 parentale).<\/p>\n<p>Non si rende dunque necessaria la presenza in Consolato per i genitori comunitari o svizzeri.<br \/>\nNel caso in cui uno dei genitori sia cittadino extracomunitario la firma sul modulo dovr\u00e0 essere fatta autenticare presso notaio o il Comune svizzero di residenza.<\/p>\n<p>Documentazione da inviare:<\/p>\n<ul>\n<li>Formulario (disponibile nella nostra pagina\u00a0<a href=\"https:\/\/consginevra.esteri.it\/it\/servizi-consolari-e-visti\/servizi-per-il-cittadino-italiano\/altri-servizi\/minisito-passaporti\/modulistica-passaporti\/\">Modulistica Passaporti<\/a>) debitamente compilato;<\/li>\n<li>Copia dei documenti (passaporto o carta d\u2019identit\u00e0) dei genitori<\/li>\n<li>Copia del documento italiano del minorenne<\/li>\n<li>Copia del documento degli accompagnatori.<\/li>\n<li>Una busta vuota preaffrancata e compilata con l\u2019indirizzo di ritorno che verr\u00e0 utilizzata per la restituzione della dichiarazione.<\/li>\n<\/ul>\n<p>Tutti i documenti devono essere in corso di validit\u00e0.<\/p>\n","protected":false},"excerpt":{"rendered":"Dichiarazione di accompagnamento per minori di anni 14 L\u2019interessato pu\u00f2 chiedere al Consolato l\u2019emissione di tale dichiarazione qualora un minorenne sotto l\u2019et\u00e0 di 14 anni gi\u00e0 in possesso di passaporto o carta di identit\u00e0 italiana dovesse viaggiare con un adulto diverso da chi ne esercita l\u2019autorit\u00e0 parentale. La dichiarazione di accompagnamento pu\u00f2 riguardare\u00a0un solo viaggio\u00a0(da [&hellip;]","protected":false},"author":11,"featured_media":0,"parent":2429,"menu_order":6,"comment_status":"closed","ping_status":"closed","template":"","meta":{"footnotes":""},"class_list":["post-2463","page","type-page","status-publish","hentry"],"_links":{"self":[{"href":"https:\/\/consginevra.esteri.it\/it\/wp-json\/wp\/v2\/pages\/2463","targetHints":{"allow":["GET"]}}],"collection":[{"href":"https:\/\/consginevra.esteri.it\/it\/wp-json\/wp\/v2\/pages"}],"about":[{"href":"https:\/\/consginevra.esteri.it\/it\/wp-json\/wp\/v2\/types\/page"}],"author":[{"embeddable":true,"href":"https:\/\/consginevra.esteri.it\/it\/wp-json\/wp\/v2\/users\/11"}],"replies":[{"embeddable":true,"href":"https:\/\/consginevra.esteri.it\/it\/wp-json\/wp\/v2\/comments?post=2463"}],"version-history":[{"count":2,"href":"https:\/\/consginevra.esteri.it\/it\/wp-json\/wp\/v2\/pages\/2463\/revisions"}],"predecessor-version":[{"id":3381,"href":"https:\/\/consginevra.esteri.it\/it\/wp-json\/wp\/v2\/pages\/2463\/revisions\/3381"}],"up":[{"embeddable":true,"href":"https:\/\/consginevra.esteri.it\/it\/wp-json\/wp\/v2\/pages\/2429"}],"wp:attachment":[{"href":"https:\/\/consginevra.esteri.it\/it\/wp-json\/wp\/v2\/media?parent=2463"}],"curies":[{"name":"wp","href":"https:\/\/api.w.org\/{rel}","templated":true}]}}