{"id":2446,"date":"2024-01-26T10:27:36","date_gmt":"2024-01-26T08:27:36","guid":{"rendered":"https:\/\/consginevra.esteri.it\/?page_id=2446"},"modified":"2025-05-19T10:13:27","modified_gmt":"2025-05-19T08:13:27","slug":"costo-e-pagamento","status":"publish","type":"page","link":"https:\/\/consginevra.esteri.it\/it\/servizi-consolari-e-visti\/servizi-per-il-cittadino-italiano\/altri-servizi\/minisito-passaporti\/costo-e-pagamento\/","title":{"rendered":"Costo e pagamento"},"content":{"rendered":"<h4><strong>Costo e modalit\u00e0 di pagamento<\/strong><\/h4>\n<p>Il costo del passaporto \u00e8 indicato nella tabella delle tariffe consolari. La tabella viene aggiornata ogni trimestre ed \u00e8 consultabile nella nostra pagina dedicata <a href=\"https:\/\/consginevra.esteri.it\/it\/servizi-consolari-e-visti\/servizi-per-il-cittadino-italiano\/tariffe-consolari\/\">Tariffe Consolari<\/a>. Pertanto <strong>l&#8217; importo cambia ogni trimestre<\/strong>. Nella tabella l&#8217; importo da pagare per il passaporto \u00e8 riportato in pi\u00f9 righe distinte: per comodit\u00e0 riassumiamo l&#8217; <strong>importo totale da pagare<\/strong> nel documento sintetico &#8220;Informazioni per il pagamento&#8221; (disponibile nella nostra pagina <a href=\"https:\/\/consginevra.esteri.it\/it\/servizi-consolari-e-visti\/servizi-per-il-cittadino-italiano\/altri-servizi\/minisito-passaporti\/modulistica-passaporti\/\">Modulistica Passaporti<\/a>) aggiornato ai valori del trimestre corrente.<\/p>\n<p>Nello stesso documento \u00e8 riportata per completezza anche <strong>la modalit\u00e0 di pagamento con bonifico<\/strong> che, si prega di notare, \u00e8 riservata ai casi di passaporto per minori, come dettagliato qui sotto.<\/p>\n<p><strong>La modalit\u00e0 di pagamento standard per i passaporti <\/strong>\u00e8 infatti in Consolato con carta di debito oppure \u201ccarte bancaire\u201d (Postfinance, VPay e Maestro) <span style=\"text-decoration: underline;\"><strong>in Franchi Svizzeri (CHF)<\/strong><\/span>. Per l\u2019utilizzo della carta di debito verr\u00e0 applicata una commissione di 1.00 CHF per ciascuna transazione. <strong>I pagamenti in contanti e con carte di credito non possono essere accettati.<\/strong><\/p>\n<p>Le richieste di <strong>passaporti per minori inviate tramite posta<\/strong> sono da pagare tramite <strong>bonifico bancario:<\/strong><\/p>\n<ul>\n<li><strong>IBAN: CH57 0900 0000 1241 5359 1<\/strong><\/li>\n<li><strong>Beneficiario:<\/strong>\u00a0<em>Consolato Generale d\u2019Italia \u2013 1206 Ginevra<\/em><\/li>\n<li><strong>Causale:\u00a0<\/strong>\u00a0<em>NOME + COGNOME del titolare del Passaporto<\/em><\/li>\n<\/ul>\n","protected":false},"excerpt":{"rendered":"Costo e modalit\u00e0 di pagamento Il costo del passaporto \u00e8 indicato nella tabella delle tariffe consolari. La tabella viene aggiornata ogni trimestre ed \u00e8 consultabile nella nostra pagina dedicata Tariffe Consolari. Pertanto l&#8217; importo cambia ogni trimestre. Nella tabella l&#8217; importo da pagare per il passaporto \u00e8 riportato in pi\u00f9 righe distinte: per comodit\u00e0 riassumiamo [&hellip;]","protected":false},"author":11,"featured_media":0,"parent":2429,"menu_order":3,"comment_status":"closed","ping_status":"closed","template":"","meta":{"footnotes":""},"class_list":["post-2446","page","type-page","status-publish","hentry"],"_links":{"self":[{"href":"https:\/\/consginevra.esteri.it\/it\/wp-json\/wp\/v2\/pages\/2446","targetHints":{"allow":["GET"]}}],"collection":[{"href":"https:\/\/consginevra.esteri.it\/it\/wp-json\/wp\/v2\/pages"}],"about":[{"href":"https:\/\/consginevra.esteri.it\/it\/wp-json\/wp\/v2\/types\/page"}],"author":[{"embeddable":true,"href":"https:\/\/consginevra.esteri.it\/it\/wp-json\/wp\/v2\/users\/11"}],"replies":[{"embeddable":true,"href":"https:\/\/consginevra.esteri.it\/it\/wp-json\/wp\/v2\/comments?post=2446"}],"version-history":[{"count":7,"href":"https:\/\/consginevra.esteri.it\/it\/wp-json\/wp\/v2\/pages\/2446\/revisions"}],"predecessor-version":[{"id":5923,"href":"https:\/\/consginevra.esteri.it\/it\/wp-json\/wp\/v2\/pages\/2446\/revisions\/5923"}],"up":[{"embeddable":true,"href":"https:\/\/consginevra.esteri.it\/it\/wp-json\/wp\/v2\/pages\/2429"}],"wp:attachment":[{"href":"https:\/\/consginevra.esteri.it\/it\/wp-json\/wp\/v2\/media?parent=2446"}],"curies":[{"name":"wp","href":"https:\/\/api.w.org\/{rel}","templated":true}]}}