{"id":2438,"date":"2024-01-26T10:21:26","date_gmt":"2024-01-26T08:21:26","guid":{"rendered":"https:\/\/consginevra.esteri.it\/?page_id=2438"},"modified":"2025-06-04T14:24:04","modified_gmt":"2025-06-04T12:24:04","slug":"2438-2","status":"publish","type":"page","link":"https:\/\/consginevra.esteri.it\/it\/servizi-consolari-e-visti\/servizi-per-il-cittadino-italiano\/altri-servizi\/minisito-passaporti\/2438-2\/","title":{"rendered":"Come prenotare appuntamento"},"content":{"rendered":"<p>Tramite il portale\u00a0<a href=\"https:\/\/prenotami.esteri.it\/\">Prenot@MI<\/a>: \u00e8 necessario creare o avere un account e procedere con la prenotazione dell\u2019appuntamento. I dati dell\u2019account Prenotami devono corrispondere esattamente con i dati anagrafici del richiedente. La creazione dell\u2019account \u00e8 riservata ai soli cittadini maggiorenni, mentre i minorenni rientrano nell\u2019account del genitore\/tutore, figurando nella sezione \u201cDati richiedente aggiuntivo\u201d.<\/p>\n<p>Considerato l\u2019elevato volume di richieste di 130.000 connazionali presenti nei 3 cantoni (Ginevra, Vaud e Vallese) si sensibilizzano gli interessati a non indugiare e prenotare l\u2019appuntamento con congruo anticipo.<\/p>\n<p>Si segnala che il Consolato Generale di riserva di dare priorit\u00e0 negli appuntamenti ai cittadini italiani che non sono in possesso di alcun altro documento d\u2019identit\u00e0 o il cui documento d\u2019identit\u00e0 scade nei prossimi 6 mesi.<\/p>\n<h3><\/h3>\n<p>&nbsp;<\/p>\n<header class=\"entry-header\">\n<header class=\"entry-header\">\n<h3 class=\"entry-title h3\">Casi di urgenza<\/h3>\n<\/header>\n<div class=\"entry-content\">\n<p>Come richiedere il passaporto in caso di urgenza<\/p>\n<p>Nei casi di\u00a0<strong>comprovata urgenza, che sar\u00e0 comunque valutata dal Console Generale e dal Responsabile dell\u2019ufficio passaporti,<\/strong>\u00a0il cittadino italiano iscritto all\u2019AIRE della circoscrizione Consolare di Ginevra, pu\u00f2 richiedere un appuntamento in urgenza.<\/p>\n<p>Per richiedere un appuntamento in urgenza \u00e8 necessario inviare un\u2019email all\u2019indirizzo:\u00a0<a href=\"mailto:ginevra.urgenzepassaporti@esteri.it\">ginevra.urgenzepassaporti@esteri.it<\/a>\u00a0allegando comprovata e idonea documentazione.<\/p>\n<p>Sono da intendersi come motivi di urgenza i seguenti:<\/p>\n<p>\u2013 motivi famigliari o di salute (accompagnato da idonea certificazione)<\/p>\n<p>\u2013 motivi di lavoro (accompagnato da lettera del datore di lavoro, con indicazione della data e destinazione del viaggio)<\/p>\n<p>\u2013 motivi di studio (accompagnato da lettera dell\u2019Istituzione scolastica o Universitaria con indicazione della data e destinazione del viaggio)<\/p>\n<p>\u2013 furto o smarrimento del passaporto (accompagnato da denuncia resa presso gli uffici di Polizia)<\/p>\n<p>I viaggi turistici non sono considerati come urgenza.<\/p>\n<p>Chi richiede un passaporto di emergenza dovr\u00e0 pagare, oltre al normale costo del passaporto, anche i diritti d\u2019urgenza. Consultare la nostra pagina <a href=\"https:\/\/consginevra.esteri.it\/it\/servizi-consolari-e-visti\/servizi-per-il-cittadino-italiano\/tariffe-consolari\/\">Tariffe Consolari<\/a>\u00a0per conoscere l\u2019importo che si aggiorna ogni trimestre.<\/p>\n<\/div>\n<\/header>\n<p>&nbsp;<\/p>\n<header class=\"entry-header\">\n<h3 class=\"entry-title h3\">Canali ad hoc categorie protette<\/h3>\n<\/header>\n<div class=\"entry-content\">\n<p>Il Consolato Generale informa che sono stati istituiti i seguenti canali:<\/p>\n<ol>\n<li><strong>Dolce Attesa: <\/strong>dedicato alle cittadine italiane in stato di gravidanza, iscritte all\u2019AIRE di questo Consolato Generale. Ad eccezione di coloro per le quali lo stato di gravidanza sia gi\u00e0 evidente, sar\u00e0 necessario presentare un attestato rilasciato dal medico curante o altra idonea documentazione medica che dimostri la gravidanza.<\/li>\n<li><strong>Anziani over 75: <\/strong>dedicato agli iscritti AIRE con pi\u00f9 di 75 anni.<\/li>\n<li><strong>Disabili<\/strong>: dedicato alle cittadine e cittadini affetti da disabilit\u00e0. Sar\u00e0 necessario presentare una valida certificazione medica di disabilit\u00e0 permanente.<\/li>\n<\/ol>\n<p>Inviare un\u00a0<strong>SMS o Whatsapp<\/strong> al numero\u00a0<strong>079 945 5487 <\/strong>indicando\u00a0<strong>Cognome<\/strong>\u00a0(per le donne cognome da nubile),\u00a0<strong>Nome<\/strong>,\u00a0<strong>Data di nascita<\/strong>\u00a0e\u00a0<strong>Indirizzo in Svizzera<\/strong><strong>.<\/strong> Gli Uffici, dopo aver valutato la richiesta ed espletato i controlli anagrafici di rito, prenderanno contatto con gli interessati per fissare un appuntamento.<\/p>\n<\/div>\n<p>&nbsp;<\/p>\n","protected":false},"excerpt":{"rendered":"Tramite il portale\u00a0Prenot@MI: \u00e8 necessario creare o avere un account e procedere con la prenotazione dell\u2019appuntamento. I dati dell\u2019account Prenotami devono corrispondere esattamente con i dati anagrafici del richiedente. La creazione dell\u2019account \u00e8 riservata ai soli cittadini maggiorenni, mentre i minorenni rientrano nell\u2019account del genitore\/tutore, figurando nella sezione \u201cDati richiedente aggiuntivo\u201d. Considerato l\u2019elevato volume di [&hellip;]","protected":false},"author":11,"featured_media":0,"parent":2429,"menu_order":1,"comment_status":"closed","ping_status":"closed","template":"","meta":{"footnotes":""},"class_list":["post-2438","page","type-page","status-publish","hentry"],"_links":{"self":[{"href":"https:\/\/consginevra.esteri.it\/it\/wp-json\/wp\/v2\/pages\/2438","targetHints":{"allow":["GET"]}}],"collection":[{"href":"https:\/\/consginevra.esteri.it\/it\/wp-json\/wp\/v2\/pages"}],"about":[{"href":"https:\/\/consginevra.esteri.it\/it\/wp-json\/wp\/v2\/types\/page"}],"author":[{"embeddable":true,"href":"https:\/\/consginevra.esteri.it\/it\/wp-json\/wp\/v2\/users\/11"}],"replies":[{"embeddable":true,"href":"https:\/\/consginevra.esteri.it\/it\/wp-json\/wp\/v2\/comments?post=2438"}],"version-history":[{"count":7,"href":"https:\/\/consginevra.esteri.it\/it\/wp-json\/wp\/v2\/pages\/2438\/revisions"}],"predecessor-version":[{"id":5960,"href":"https:\/\/consginevra.esteri.it\/it\/wp-json\/wp\/v2\/pages\/2438\/revisions\/5960"}],"up":[{"embeddable":true,"href":"https:\/\/consginevra.esteri.it\/it\/wp-json\/wp\/v2\/pages\/2429"}],"wp:attachment":[{"href":"https:\/\/consginevra.esteri.it\/it\/wp-json\/wp\/v2\/media?parent=2438"}],"curies":[{"name":"wp","href":"https:\/\/api.w.org\/{rel}","templated":true}]}}