{"id":2434,"date":"2024-01-26T10:17:20","date_gmt":"2024-01-26T08:17:20","guid":{"rendered":"https:\/\/consginevra.esteri.it\/?page_id=2434"},"modified":"2024-02-21T16:00:08","modified_gmt":"2024-02-21T14:00:08","slug":"validita-del-passaporto","status":"publish","type":"page","link":"https:\/\/consginevra.esteri.it\/it\/servizi-consolari-e-visti\/servizi-per-il-cittadino-italiano\/altri-servizi\/minisito-passaporti\/validita-del-passaporto\/","title":{"rendered":"Validit\u00e0 del Passaporto"},"content":{"rendered":"<p><strong>Validit\u00e0 del Passaporto<\/strong><\/p>\n<p>Il passaporto biometrico \u00e8 un documento di identit\u00e0 provvisto di microchip all\u2019interno del quale, oltre ai dati anagrafici, sono memorizzate anche la foto e le impronte digitali del titolare.<\/p>\n<p>La validit\u00e0 del Passaporto varia a seconda dell\u2019et\u00e0 del titolare:<\/p>\n<ul>\n<li>minori fino a tre anni: il passaporto vale 3 anni;<\/li>\n<li>minori tra tre e diciotto anni: il passaporto vale 5 anni;<\/li>\n<li>maggiorenni: il passaporto vale 10 anni.<\/li>\n<\/ul>\n","protected":false},"excerpt":{"rendered":"Validit\u00e0 del Passaporto Il passaporto biometrico \u00e8 un documento di identit\u00e0 provvisto di microchip all\u2019interno del quale, oltre ai dati anagrafici, sono memorizzate anche la foto e le impronte digitali del titolare. La validit\u00e0 del Passaporto varia a seconda dell\u2019et\u00e0 del titolare: minori fino a tre anni: il passaporto vale 3 anni; minori tra tre [&hellip;]","protected":false},"author":11,"featured_media":0,"parent":2429,"menu_order":7,"comment_status":"closed","ping_status":"closed","template":"","meta":{"footnotes":""},"class_list":["post-2434","page","type-page","status-publish","hentry"],"_links":{"self":[{"href":"https:\/\/consginevra.esteri.it\/it\/wp-json\/wp\/v2\/pages\/2434","targetHints":{"allow":["GET"]}}],"collection":[{"href":"https:\/\/consginevra.esteri.it\/it\/wp-json\/wp\/v2\/pages"}],"about":[{"href":"https:\/\/consginevra.esteri.it\/it\/wp-json\/wp\/v2\/types\/page"}],"author":[{"embeddable":true,"href":"https:\/\/consginevra.esteri.it\/it\/wp-json\/wp\/v2\/users\/11"}],"replies":[{"embeddable":true,"href":"https:\/\/consginevra.esteri.it\/it\/wp-json\/wp\/v2\/comments?post=2434"}],"version-history":[{"count":1,"href":"https:\/\/consginevra.esteri.it\/it\/wp-json\/wp\/v2\/pages\/2434\/revisions"}],"predecessor-version":[{"id":2437,"href":"https:\/\/consginevra.esteri.it\/it\/wp-json\/wp\/v2\/pages\/2434\/revisions\/2437"}],"up":[{"embeddable":true,"href":"https:\/\/consginevra.esteri.it\/it\/wp-json\/wp\/v2\/pages\/2429"}],"wp:attachment":[{"href":"https:\/\/consginevra.esteri.it\/it\/wp-json\/wp\/v2\/media?parent=2434"}],"curies":[{"name":"wp","href":"https:\/\/api.w.org\/{rel}","templated":true}]}}