{"id":2048,"date":"2023-11-09T11:27:44","date_gmt":"2023-11-09T09:27:44","guid":{"rendered":"https:\/\/consginevra.esteri.it\/?page_id=2048"},"modified":"2023-11-09T11:28:57","modified_gmt":"2023-11-09T09:28:57","slug":"rimborso-di-buoni-fruttiferi-postali-e-libretti-di-risparmio-postale","status":"publish","type":"page","link":"https:\/\/consginevra.esteri.it\/it\/servizi-consolari-e-visti\/servizi-per-il-cittadino-italiano\/rimborso-di-buoni-fruttiferi-postali-e-libretti-di-risparmio-postale\/","title":{"rendered":"Rimborso di Buoni fruttiferi postali e libretti di risparmio postale"},"content":{"rendered":"<p>Per richiedere il rimborso dei Buoni fruttiferi postali o delle somme depositate sui libretti nominativi di risparmio postale, occorre seguire questa procedura:<\/p>\n<p>1) Compilare il\u00a0<a href=\"https:\/\/consginevra.esteri.it\/wp-content\/uploads\/2023\/11\/modello_w14_-_buoni_fruttiferi_postali_libretti_postali.doc\"><strong>modulo di richiesta rimborso<\/strong>\u00a0(mod. W14)<\/a><\/p>\n<p>2) Compilare il\u00a0<a href=\"https:\/\/consginevra.esteri.it\/wp-content\/uploads\/2023\/11\/scelta_pagamento_titoli_postali.doc\"><strong>modulo di scelta della forma di pagamento<\/strong><\/a>\u00a0(assegno o bonifico bancario). \u00c8 importante compilare il modulo in maniera completa e leggibile, riportando tutti i dati richiesti.<\/p>\n<p>3) Prenotare un appuntamento con l\u2019ufficio notarile\u00a0(e-mail: <a href=\"mailto:notarile.ginevra@esteri.it\">notarile.ginevra@esteri.it<\/a>) per l\u2019autenticazione della firma. Il\/La richiedente dovr\u00e0 presentarsi in Consolato Generale munito\/a di un documento d\u2019identit\u00e0 in corso di validit\u00e0, del codice fiscale e dei moduli gi\u00e0 compilati e non firmati. La firma sar\u00e0 infatti apposta in presenza del\/la funzionario\/a incaricato\/a. Per l\u2019autentica di firma si applica l\u2019art. 24 della\u00a0<a href=\"https:\/\/consginevra.esteri.it\/it\/servizi-consolari-e-visti\/servizi-per-il-cittadino-italiano\/tariffe-consolari\/\">Tabella delle tariffe consolari<\/a>.<\/p>\n<p>4) Dopo aver ottenuto l\u2019autenticazione,<strong>\u00a0il cittadino deve inviare a Poste Italiane Spa<\/strong>:<\/p>\n<ol>\n<li>i due moduli autenticati;<\/li>\n<li>una copia del documento d\u2019identit\u00e0 (italiano) in corso di validit\u00e0;<\/li>\n<li>una copia del codice fiscale;<\/li>\n<li>i Buoni fruttiferi postali e\/o i Libretti di risparmio postale in originale. Prima di spedire, si consiglia di fotocopiare fronte retro i Buoni Fruttiferi Postali; per i Libretti di Risparmio fotocopiare la prima pagina di intestazione del libretto e quella contenente il saldo.<\/li>\n<\/ol>\n<p><strong>Indirizzo per la spedizione:<br \/>\n<\/strong>Poste Italiane S.p.A.<br \/>\nBancoposta<br \/>\nOperazioni Servizio Risparmio<br \/>\nVia di Tor Pagnotta, 2<br \/>\n00143 Roma<\/p>\n","protected":false},"excerpt":{"rendered":"Per richiedere il rimborso dei Buoni fruttiferi postali o delle somme depositate sui libretti nominativi di risparmio postale, occorre seguire questa procedura: 1) Compilare il\u00a0modulo di richiesta rimborso\u00a0(mod. W14) 2) Compilare il\u00a0modulo di scelta della forma di pagamento\u00a0(assegno o bonifico bancario). \u00c8 importante compilare il modulo in maniera completa e leggibile, riportando tutti i dati [&hellip;]","protected":false},"author":5,"featured_media":0,"parent":59,"menu_order":20,"comment_status":"closed","ping_status":"closed","template":"","meta":{"footnotes":""},"class_list":["post-2048","page","type-page","status-publish","hentry"],"_links":{"self":[{"href":"https:\/\/consginevra.esteri.it\/it\/wp-json\/wp\/v2\/pages\/2048","targetHints":{"allow":["GET"]}}],"collection":[{"href":"https:\/\/consginevra.esteri.it\/it\/wp-json\/wp\/v2\/pages"}],"about":[{"href":"https:\/\/consginevra.esteri.it\/it\/wp-json\/wp\/v2\/types\/page"}],"author":[{"embeddable":true,"href":"https:\/\/consginevra.esteri.it\/it\/wp-json\/wp\/v2\/users\/5"}],"replies":[{"embeddable":true,"href":"https:\/\/consginevra.esteri.it\/it\/wp-json\/wp\/v2\/comments?post=2048"}],"version-history":[{"count":6,"href":"https:\/\/consginevra.esteri.it\/it\/wp-json\/wp\/v2\/pages\/2048\/revisions"}],"predecessor-version":[{"id":2066,"href":"https:\/\/consginevra.esteri.it\/it\/wp-json\/wp\/v2\/pages\/2048\/revisions\/2066"}],"up":[{"embeddable":true,"href":"https:\/\/consginevra.esteri.it\/it\/wp-json\/wp\/v2\/pages\/59"}],"wp:attachment":[{"href":"https:\/\/consginevra.esteri.it\/it\/wp-json\/wp\/v2\/media?parent=2048"}],"curies":[{"name":"wp","href":"https:\/\/api.w.org\/{rel}","templated":true}]}}