{"id":667,"date":"2023-09-11T14:47:53","date_gmt":"2023-09-11T12:47:53","guid":{"rendered":"https:\/\/consginevra.esteri.it\/chi-siamo\/contatti\/come-prendere-un-appuntamento\/"},"modified":"2024-01-29T13:35:49","modified_gmt":"2024-01-29T11:35:49","slug":"come-prendere-un-appuntamento","status":"publish","type":"page","link":"https:\/\/consginevra.esteri.it\/fr\/chi-siamo\/contatti\/come-prendere-un-appuntamento\/","title":{"rendered":"Prendre rendez-vous"},"content":{"rendered":"<p><strong>Conditions pour prendre rendez-vous<\/strong><\/p>\n<p>Les citoyens italiens r\u00e9sidant r\u00e9guli\u00e8rement dans la circonscription consulaire du Consulat de Gen\u00e8ve (Gen\u00e8ve, Vaud et Valais), dont les coordonn\u00e9es personnelles et de l&rsquo;\u00e9tat civil sont en ordre et \u00e0 jour, peuvent prendre rendez-vous. Tout changement doit \u00eatre communiqu\u00e9 imm\u00e9diatement au Consulat.<\/p>\n<p>Les ressortissants qui ne sont pas encore enregistr\u00e9s \u00e0 l&rsquo;A.I.R.E. ou qui ont chang\u00e9 d\u2019adresse et n\u2019ont pas communiqu\u00e9 au Consulat la nouvelle adresse, doivent r\u00e9gulariser leur position via Fast-it avant de prendre rendez-vous.<\/p>\n<p>Les r\u00e9sidents des autres cantons doivent s&rsquo;adresser \u00e0 leur Consulat territorialement comp\u00e9tent.\u00a0\u00a0 <strong>\u00a0<\/strong><\/p>\n<p>&nbsp;<\/p>\n<p><strong>Passeports et cartes d&rsquo;identit\u00e9<\/strong><\/p>\n<p>Pour prendre rendez-vous concernant les <strong>passeports<\/strong> et <strong>cartes d&rsquo;identit\u00e9<\/strong>, il faut utiliser le service unique :<\/p>\n<h1 style=\"text-align: center;\"><a href=\"https:\/\/prenotami.esteri.it\/\">Prenot@mi<\/a><\/h1>\n<p>Le guide pour l\u2019utilisation du service peut \u00eatre t\u00e9l\u00e9charg\u00e9 ici: <a href=\"https:\/\/consginevra.esteri.it\/wp-content\/uploads\/2023\/09\/guida_al_prenotami.pdf\">t\u00e9l\u00e9charger<\/a><\/p>\n<p>&nbsp;<\/p>\n<p><strong>Service SMS (Passeports et Cartes d&rsquo;Identit\u00e9)\u00a0<\/strong><\/p>\n<p><strong><span style=\"text-decoration: underline;\">Exclusivement pour les personnes \u00e2g\u00e9es de plus de 70 ans<\/span><\/strong> il est possible d&rsquo;envoyer un\u00a0<strong>SMS au num\u00e9ro 0799455487<\/strong> en indiquant les donn\u00e9es suivantes:<\/p>\n<p>Nom (nom de jeune fille pour les femmes)<\/p>\n<ol>\n<li>Pr\u00e9nom<\/li>\n<li>Lieu de naissance<\/li>\n<li>Date de naissance<\/li>\n<li>Adresse de r\u00e9sidence en Suisse<\/li>\n<li>Service demand\u00e9: <strong>Passeports<\/strong> ou <strong>cartes d&rsquo;identit\u00e9 <\/strong><\/li>\n<\/ol>\n<p>&nbsp;<\/p>\n<p>Les bureaux consulaires se r\u00e9servent le droit, apr\u00e8s avoir \u00e9valu\u00e9 la demande et effectu\u00e9 les v\u00e9rifications pr\u00e9vues par la loi, de contacter la personne concern\u00e9e pour un \u00e9ventuel rendez-vous.<\/p>\n<p><strong> Attention:<\/strong> la situation (AIRE) et judiciaire du citoyen <strong>doivent \u00eatre en ordre et \u00e0 jour<\/strong>. Au cas contraire, il ne sera PAS possible de d\u00e9livrer le passeport le jour du rendez-vous.<\/p>\n<p>Les <strong>cartes d&rsquo;identit\u00e9<\/strong> sont imprim\u00e9es \u00e0 Rome par l\u2019Istituto Poligrafico della Zecca dello Stato et livr\u00e9es directement par courrier recommand\u00e9 \u00e0 l&rsquo;adresse de r\u00e9sidence du ressortissant. D\u00e9lais de livraison: environ 30 \u00e0 40 jours \u00e0 compter de la date du rendez-vous.<\/p>\n<p>&nbsp;<\/p>\n<p><strong>Nationalit\u00e9<\/strong><\/p>\n<p>Pour le service concernant la Nationalit\u00e9, merci de bien vouloir transmettre un courriel \u00e0 l&rsquo;adresse: <a href=\"mailto:cittadinanza.ginevra@esteri.it\">cittadinanza.ginevra@esteri.it<\/a><\/p>\n<p>&nbsp;<\/p>\n<p><strong>Etat civil<\/strong><\/p>\n<p>Pour le service de l&rsquo;Etat civil, merci de bien vouloir transmettre un courriel \u00e0 l&rsquo;adresse: <a href=\"mailto:statocivile.ginevra@esteri.it\">statocivile.ginevra@esteri.it<\/a><\/p>\n<p>&nbsp;<\/p>\n<p><strong>Visa<\/strong><\/p>\n<p>Pour le service Visa, merci de bien vouloir transmettre un courriel \u00e0 l&rsquo;adresse: <a href=\"mailto:ginevra.visti@esteri.it\">ginevra.visti@esteri.it<\/a><\/p>\n<p>Rappel: Dans le mail de demande, pri\u00e8re d&rsquo;annexer toujours la copie du <span style=\"text-decoration: underline;\">Passeport<\/span> et du <span style=\"text-decoration: underline;\">Permis de s\u00e9jour<\/span>.<\/p>\n<p>&nbsp;<\/p>\n<p><strong>Notarial<\/strong><\/p>\n<p>Pour le service Notarial, merci de bien vouloir prendre rendez-vous par mail \u00e0 l&rsquo;adresse: <a href=\"mailto:notarile.ginevra@esteri.it\">notarile.ginevra@esteri.it<\/a><\/p>\n<p>&nbsp;<\/p>\n<p><strong>Autres services<\/strong><\/p>\n<p>Pour les autres services, merci de suivre les instructions indiqu\u00e9es \u00e0 la page Formulaires et certificats.<\/p>\n<p>&nbsp;<\/p>\n","protected":false},"excerpt":{"rendered":"Conditions pour prendre rendez-vous Les citoyens italiens r\u00e9sidant r\u00e9guli\u00e8rement dans la circonscription consulaire du Consulat de Gen\u00e8ve (Gen\u00e8ve, Vaud et Valais), dont les coordonn\u00e9es personnelles et de l&rsquo;\u00e9tat civil sont en ordre et \u00e0 jour, peuvent prendre rendez-vous. Tout changement doit \u00eatre communiqu\u00e9 imm\u00e9diatement au Consulat. Les ressortissants qui ne sont pas encore enregistr\u00e9s \u00e0 [&hellip;]","protected":false},"author":5,"featured_media":0,"parent":188,"menu_order":0,"comment_status":"closed","ping_status":"closed","template":"","meta":{"footnotes":""},"class_list":["post-667","page","type-page","status-publish","hentry"],"_links":{"self":[{"href":"https:\/\/consginevra.esteri.it\/fr\/wp-json\/wp\/v2\/pages\/667","targetHints":{"allow":["GET"]}}],"collection":[{"href":"https:\/\/consginevra.esteri.it\/fr\/wp-json\/wp\/v2\/pages"}],"about":[{"href":"https:\/\/consginevra.esteri.it\/fr\/wp-json\/wp\/v2\/types\/page"}],"author":[{"embeddable":true,"href":"https:\/\/consginevra.esteri.it\/fr\/wp-json\/wp\/v2\/users\/5"}],"replies":[{"embeddable":true,"href":"https:\/\/consginevra.esteri.it\/fr\/wp-json\/wp\/v2\/comments?post=667"}],"version-history":[{"count":6,"href":"https:\/\/consginevra.esteri.it\/fr\/wp-json\/wp\/v2\/pages\/667\/revisions"}],"predecessor-version":[{"id":2787,"href":"https:\/\/consginevra.esteri.it\/fr\/wp-json\/wp\/v2\/pages\/667\/revisions\/2787"}],"up":[{"embeddable":true,"href":"https:\/\/consginevra.esteri.it\/fr\/wp-json\/wp\/v2\/pages\/188"}],"wp:attachment":[{"href":"https:\/\/consginevra.esteri.it\/fr\/wp-json\/wp\/v2\/media?parent=667"}],"curies":[{"name":"wp","href":"https:\/\/api.w.org\/{rel}","templated":true}]}}