{"id":599,"date":"2023-09-08T16:16:41","date_gmt":"2023-09-08T14:16:41","guid":{"rendered":"https:\/\/consginevra.esteri.it\/?page_id=599"},"modified":"2023-09-14T15:50:39","modified_gmt":"2023-09-14T13:50:39","slug":"reconnaissance-en-italie-des-jugements-rendus-dans-les-cantons-de-geneve-vaud-et-du-valais","status":"publish","type":"page","link":"https:\/\/consginevra.esteri.it\/fr\/servizi-consolari-e-visti\/servizi-per-il-cittadino-italiano\/reconnaissance-en-italie-des-jugements-rendus-dans-les-cantons-de-geneve-vaud-et-du-valais\/","title":{"rendered":"Reconnaissance, en Italie, des jugements rendus dans les cantons de Gen\u00e8ve, Vaud et du Valais."},"content":{"rendered":"<p>Les jugements \u00e9mis par les tribunaux de Gen\u00e8ve, Vaud et du Valais, sont reconnus en Italie sans qu\u2019il ne faille recourir \u00e0 une quelconque proc\u00e9dure judiciaire. Ceci est \u00e9galement valable pour les jugements d\u2019adoption suisses (pour les adoptions internationales, veuillez consulter la section sp\u00e9cifique).<\/p>\n<p>Les int\u00e9ress\u00e9s qui veulent faire reconna\u00eetre les jugements en Italie doivent :<\/p>\n<p>\u2022 Demander au tribunal comp\u00e9tent le jugement d\u00e9finitif et ex\u00e9cutoire. Le jugement doit \u00eatre en copie conforme \u00e0 l\u2019original et sous sa forme int\u00e9grale. Le jugement doit comporter l\u2019\u00abApostille \u00bb, selon la Convention de l&rsquo;Aja du 5 octobre 1961.<br \/>\n\u2022 Proc\u00e9der \u00e0 une traduction en italien effectu\u00e9e, si n\u00e9cessaire, par des traducteurs de r\u00e9f\u00e9rence ou jur\u00e9s.<br \/>\n\u2022 Se pr\u00e9senter personnellement au Consulat (Service de l\u2019\u00e9tat civil (Ufficio Stato Civile) pendant les horaires d\u2019ouverture au public et sans rendez-vous, avec les documents suivants :<br \/>\n1. jugement comme sp\u00e9cifi\u00e9 ci-dessus (copie conforme, apostill\u00e9 et traduit),<br \/>\n2. document d\u2019identit\u00e9 en cours de validit\u00e9 (carte d\u2019identit\u00e9 ou passeport)<br \/>\n3. instance de transcription du jugement.<\/p>\n<p>Le Consulat G\u00e9n\u00e9ral d\u2019Italie \u00e0 Gen\u00e8ve transmettra les documents susmentionn\u00e9s \u00e0 la Commune comp\u00e9tente en Italie.<\/p>\n","protected":false},"excerpt":{"rendered":"Les jugements \u00e9mis par les tribunaux de Gen\u00e8ve, Vaud et du Valais, sont reconnus en Italie sans qu\u2019il ne faille recourir \u00e0 une quelconque proc\u00e9dure judiciaire. Ceci est \u00e9galement valable pour les jugements d\u2019adoption suisses (pour les adoptions internationales, veuillez consulter la section sp\u00e9cifique). Les int\u00e9ress\u00e9s qui veulent faire reconna\u00eetre les jugements en Italie doivent [&hellip;]","protected":false},"author":5,"featured_media":0,"parent":201,"menu_order":13,"comment_status":"closed","ping_status":"closed","template":"","meta":{"footnotes":""},"class_list":["post-599","page","type-page","status-publish","hentry"],"_links":{"self":[{"href":"https:\/\/consginevra.esteri.it\/fr\/wp-json\/wp\/v2\/pages\/599","targetHints":{"allow":["GET"]}}],"collection":[{"href":"https:\/\/consginevra.esteri.it\/fr\/wp-json\/wp\/v2\/pages"}],"about":[{"href":"https:\/\/consginevra.esteri.it\/fr\/wp-json\/wp\/v2\/types\/page"}],"author":[{"embeddable":true,"href":"https:\/\/consginevra.esteri.it\/fr\/wp-json\/wp\/v2\/users\/5"}],"replies":[{"embeddable":true,"href":"https:\/\/consginevra.esteri.it\/fr\/wp-json\/wp\/v2\/comments?post=599"}],"version-history":[{"count":4,"href":"https:\/\/consginevra.esteri.it\/fr\/wp-json\/wp\/v2\/pages\/599\/revisions"}],"predecessor-version":[{"id":1205,"href":"https:\/\/consginevra.esteri.it\/fr\/wp-json\/wp\/v2\/pages\/599\/revisions\/1205"}],"up":[{"embeddable":true,"href":"https:\/\/consginevra.esteri.it\/fr\/wp-json\/wp\/v2\/pages\/201"}],"wp:attachment":[{"href":"https:\/\/consginevra.esteri.it\/fr\/wp-json\/wp\/v2\/media?parent=599"}],"curies":[{"name":"wp","href":"https:\/\/api.w.org\/{rel}","templated":true}]}}