{"id":519,"date":"2023-09-07T17:40:20","date_gmt":"2023-09-07T15:40:20","guid":{"rendered":"https:\/\/consginevra.esteri.it\/?page_id=519"},"modified":"2024-11-12T16:58:52","modified_gmt":"2024-11-12T14:58:52","slug":"les-tarifs","status":"publish","type":"page","link":"https:\/\/consginevra.esteri.it\/fr\/servizi-consolari-e-visti\/servizi-per-il-cittadino-italiano\/les-tarifs\/","title":{"rendered":"Les Tarifs"},"content":{"rendered":"<p>Le Tableau tarifaire des Services Consulaires est disponible en italien sur la page d\u00e9di\u00e9e | <a href=\"https:\/\/consginevra.esteri.it\/it\/servizi-consolari-e-visti\/servizi-per-il-cittadino-italiano\/tariffe-consolari\/\">CLIQUER ICI<\/a><\/p>\n<p>Nous acceptons <span style=\"text-decoration: underline;\">UNIQUEMENT<\/span> les paiements par carte bancaire de d\u00e9bit.<\/p>\n<p><span style=\"color: #ff0000;\"><strong>Les cartes de cr\u00e9dit et l<\/strong><strong>es paiements en esp\u00e8ces (cash) ne sont pas accept\u00e9s!<\/strong><\/span><\/p>\n","protected":false},"excerpt":{"rendered":"Le Tableau tarifaire des Services Consulaires est disponible en italien sur la page d\u00e9di\u00e9e | CLIQUER ICI Nous acceptons UNIQUEMENT les paiements par carte bancaire de d\u00e9bit. Les cartes de cr\u00e9dit et les paiements en esp\u00e8ces (cash) ne sont pas accept\u00e9s!","protected":false},"author":5,"featured_media":0,"parent":201,"menu_order":20,"comment_status":"closed","ping_status":"closed","template":"","meta":{"footnotes":""},"class_list":["post-519","page","type-page","status-publish","hentry"],"_links":{"self":[{"href":"https:\/\/consginevra.esteri.it\/fr\/wp-json\/wp\/v2\/pages\/519","targetHints":{"allow":["GET"]}}],"collection":[{"href":"https:\/\/consginevra.esteri.it\/fr\/wp-json\/wp\/v2\/pages"}],"about":[{"href":"https:\/\/consginevra.esteri.it\/fr\/wp-json\/wp\/v2\/types\/page"}],"author":[{"embeddable":true,"href":"https:\/\/consginevra.esteri.it\/fr\/wp-json\/wp\/v2\/users\/5"}],"replies":[{"embeddable":true,"href":"https:\/\/consginevra.esteri.it\/fr\/wp-json\/wp\/v2\/comments?post=519"}],"version-history":[{"count":7,"href":"https:\/\/consginevra.esteri.it\/fr\/wp-json\/wp\/v2\/pages\/519\/revisions"}],"predecessor-version":[{"id":4880,"href":"https:\/\/consginevra.esteri.it\/fr\/wp-json\/wp\/v2\/pages\/519\/revisions\/4880"}],"up":[{"embeddable":true,"href":"https:\/\/consginevra.esteri.it\/fr\/wp-json\/wp\/v2\/pages\/201"}],"wp:attachment":[{"href":"https:\/\/consginevra.esteri.it\/fr\/wp-json\/wp\/v2\/media?parent=519"}],"curies":[{"name":"wp","href":"https:\/\/api.w.org\/{rel}","templated":true}]}}