{"id":466,"date":"2023-09-07T17:04:09","date_gmt":"2023-09-07T15:04:09","guid":{"rendered":"https:\/\/consginevra.esteri.it\/?page_id=466"},"modified":"2023-09-12T15:51:29","modified_gmt":"2023-09-12T13:51:29","slug":"consiglio-generale-degli-italiani-allestero-c-g-i-e","status":"publish","type":"page","link":"https:\/\/consginevra.esteri.it\/fr\/servizi-consolari-e-visti\/servizi-per-il-cittadino-italiano\/servizi-elettorali\/consiglio-generale-degli-italiani-allestero-c-g-i-e\/","title":{"rendered":"Conseil g\u00e9n\u00e9ral des Italiens \u00e0 l&rsquo;\u00e9tranger (C.G.I.E.)"},"content":{"rendered":"<div class=\"entry-content\">\n<div class=\"entry-content\">\n<p>Le Conseil g\u00e9n\u00e9ral des Italiens \u00e0 l&rsquo;\u00e9tranger (C.G.I.E.) est institu\u00e9 par la loi n\u00b0 368 du 6 novembre 1989 (modifi\u00e9e en dernier lieu par le DL 24 avril 2014, n\u00b0 66, converti avec des modifications, par la loi n\u00b0 89 du 23 juin 2014) et r\u00e9gi par le r\u00e8glement d&rsquo;application figurant dans le d\u00e9cret pr\u00e9sidentiel n\u00b0 329 du 14 septembre 1998. Il est un organe consultatif aupr\u00e8s du gouvernement et du parlement sur les principales questions d&rsquo;int\u00e9r\u00eat pour les Italiens \u00e0 l&rsquo;\u00e9tranger.<\/p>\n<p>Il tire sa l\u00e9gitimit\u00e9 repr\u00e9sentative de l&rsquo;\u00e9lection directe par les membres des Comites dans le monde et repr\u00e9sente une \u00e9tape importante dans le processus de d\u00e9veloppement de la participation active \u00e0 la vie politique du pays par les communaut\u00e9s italiennes dans le monde. En m\u00eame temps, il constitue l&rsquo;organe essentiel de leur lien permanent avec l&rsquo;Italie et ses institutions.<\/p>\n<p>Le CGIE est pr\u00e9sid\u00e9 par le ministre des Affaires \u00e9trang\u00e8res et, suite aux changements introduits par la loi 89\/2014, est compos\u00e9 de 63 conseillers, dont 43 repr\u00e9sentent les communaut\u00e9s italiennes \u00e0 l&rsquo;\u00e9tranger et 20 sont nomm\u00e9s par le gouvernement.<\/p>\n<p>Participent aux travaux du CGIE, avec un simple droit de parole, les repr\u00e9sentants et les experts \u00e9num\u00e9r\u00e9s \u00e0 l&rsquo;article 6, paragraphe 1, de la loi n\u00b0 368 du 6 novembre 1989.<\/p>\n<p>Les proc\u00e9dures de renouvellement du CGIE, qui ont d\u00e9but\u00e9 par l&rsquo;\u00e9lection des membres territoriaux les 9 et 10 avril 2022, sont en voie d&rsquo;ach\u00e8vement.<\/p>\n<\/div>\n<\/div>\n","protected":false},"excerpt":{"rendered":"Le Conseil g\u00e9n\u00e9ral des Italiens \u00e0 l&rsquo;\u00e9tranger (C.G.I.E.) est institu\u00e9 par la loi n\u00b0 368 du 6 novembre 1989 (modifi\u00e9e en dernier lieu par le DL 24 avril 2014, n\u00b0 66, converti avec des modifications, par la loi n\u00b0 89 du 23 juin 2014) et r\u00e9gi par le r\u00e8glement d&rsquo;application figurant dans le d\u00e9cret pr\u00e9sidentiel [&hellip;]","protected":false},"author":5,"featured_media":0,"parent":207,"menu_order":5,"comment_status":"closed","ping_status":"closed","template":"","meta":{"footnotes":""},"class_list":["post-466","page","type-page","status-publish","hentry"],"_links":{"self":[{"href":"https:\/\/consginevra.esteri.it\/fr\/wp-json\/wp\/v2\/pages\/466","targetHints":{"allow":["GET"]}}],"collection":[{"href":"https:\/\/consginevra.esteri.it\/fr\/wp-json\/wp\/v2\/pages"}],"about":[{"href":"https:\/\/consginevra.esteri.it\/fr\/wp-json\/wp\/v2\/types\/page"}],"author":[{"embeddable":true,"href":"https:\/\/consginevra.esteri.it\/fr\/wp-json\/wp\/v2\/users\/5"}],"replies":[{"embeddable":true,"href":"https:\/\/consginevra.esteri.it\/fr\/wp-json\/wp\/v2\/comments?post=466"}],"version-history":[{"count":4,"href":"https:\/\/consginevra.esteri.it\/fr\/wp-json\/wp\/v2\/pages\/466\/revisions"}],"predecessor-version":[{"id":797,"href":"https:\/\/consginevra.esteri.it\/fr\/wp-json\/wp\/v2\/pages\/466\/revisions\/797"}],"up":[{"embeddable":true,"href":"https:\/\/consginevra.esteri.it\/fr\/wp-json\/wp\/v2\/pages\/207"}],"wp:attachment":[{"href":"https:\/\/consginevra.esteri.it\/fr\/wp-json\/wp\/v2\/media?parent=466"}],"curies":[{"name":"wp","href":"https:\/\/api.w.org\/{rel}","templated":true}]}}