{"id":461,"date":"2023-09-07T16:59:13","date_gmt":"2023-09-07T14:59:13","guid":{"rendered":"https:\/\/consginevra.esteri.it\/?page_id=461"},"modified":"2023-09-14T15:33:27","modified_gmt":"2023-09-14T13:33:27","slug":"elezioni-comites","status":"publish","type":"page","link":"https:\/\/consginevra.esteri.it\/fr\/servizi-consolari-e-visti\/servizi-per-il-cittadino-italiano\/servizi-elettorali\/elezioni-comites\/","title":{"rendered":"Elections Comites"},"content":{"rendered":"<p><strong>Que sont-ils les Com.It.Es\u00a0<\/strong><br \/>\nCr\u00e9\u00e9es en 1985, ce sont des organes \u00e9lectifs qui repr\u00e9sentent les ressortissants italiens \u00e0 l&rsquo;\u00e9tranger, dans leurs relations avec les Ambassades et les Consulats italiens pour une meilleure int\u00e9gration dans les Pays o\u00f9 ils agissent.<\/p>\n<p>Une pr\u00e9sence importante, pour repr\u00e9senter et promouvoir les int\u00e9r\u00eats de la communaut\u00e9 italienne dans le monde.<\/p>\n<p><strong>Quel est leur r\u00f4le\u00a0<\/strong><br \/>\nCes organes repr\u00e9sentent la communaut\u00e9 italienne et d\u00e9fendent ses int\u00e9r\u00eats ; ils favorisent l&rsquo;int\u00e9gration des nouvelles personnes et pr\u00e9servent la m\u00e9moire historique de l&rsquo;\u00e9migration italienne.<\/p>\n<p><strong>Combien y a-t-il de Com.It.Es\u00a0<\/strong><br \/>\nDans le monde ils existent 108 Comites, dont 50 en Europe, 44 en Am\u00e9rique, 7 en Asie et Oc\u00e9anie, 4 au Moyen-Orient et 3 en Afrique subsaharienne. Dans notre circonscription, il y en a deux: un \u00e0 Gen\u00e8ve et un \u00e0 Lausanne.<\/p>\n<p><strong>Par qui sont-ils \u00e9lus et quand sont-ils constitu\u00e9s\u00a0<\/strong><br \/>\nIls sont \u00e9lus directement par les italiens r\u00e9sidant \u00e0 l&rsquo;\u00e9tranger dans chaque circonscription consulaire, apr\u00e8s avoir demand\u00e9 au consulat d&rsquo;\u00eatre inscrit dans la liste \u00e9lectorale.<\/p>\n<p><strong>Qui en fait partie\u00a0<\/strong><br \/>\nIls sont compos\u00e9s de 12 ou 18 membres, \u00e9lus dans les circonscriptions consulaires respectivement en dessous ou au-dessus du seuil de 100 000 italiens r\u00e9sidents de l&rsquo;AIRE, et restent en fonction pendant 5 ans.<\/p>\n<p><strong>R\u00e9f\u00e9rence juridique<\/strong><\/p>\n<ul>\n<li>Legge 23 ottobre 2003, n. 286. Norme relative alla disciplina dei Comitati degli Italiani all\u2019estero (a decorrere dalla data di entrata in vigore della legge, sono abrogate la legge 8 maggio 1985, n. 205, e successive modificazioni, e la legge 5 luglio 1990, n. 172).<\/li>\n<li>DPR 29 dicembre 2003, n. 395. Regolamento di attuazione della Legge 23 ottobre 2003, n. 286 recante disciplina dei Comitati degli italiani all\u2019estero.<\/li>\n<li>Circolare Ministeriale n. 2 del 28\/07\/2020 Modalit\u00e0 di erogazione di contributi ai Comites.<\/li>\n<\/ul>\n<p>&nbsp;<\/p>\n","protected":false},"excerpt":{"rendered":"Que sont-ils les Com.It.Es\u00a0 Cr\u00e9\u00e9es en 1985, ce sont des organes \u00e9lectifs qui repr\u00e9sentent les ressortissants italiens \u00e0 l&rsquo;\u00e9tranger, dans leurs relations avec les Ambassades et les Consulats italiens pour une meilleure int\u00e9gration dans les Pays o\u00f9 ils agissent. Une pr\u00e9sence importante, pour repr\u00e9senter et promouvoir les int\u00e9r\u00eats de la communaut\u00e9 italienne dans le monde. [&hellip;]","protected":false},"author":5,"featured_media":0,"parent":207,"menu_order":3,"comment_status":"closed","ping_status":"closed","template":"","meta":{"footnotes":""},"class_list":["post-461","page","type-page","status-publish","hentry"],"_links":{"self":[{"href":"https:\/\/consginevra.esteri.it\/fr\/wp-json\/wp\/v2\/pages\/461","targetHints":{"allow":["GET"]}}],"collection":[{"href":"https:\/\/consginevra.esteri.it\/fr\/wp-json\/wp\/v2\/pages"}],"about":[{"href":"https:\/\/consginevra.esteri.it\/fr\/wp-json\/wp\/v2\/types\/page"}],"author":[{"embeddable":true,"href":"https:\/\/consginevra.esteri.it\/fr\/wp-json\/wp\/v2\/users\/5"}],"replies":[{"embeddable":true,"href":"https:\/\/consginevra.esteri.it\/fr\/wp-json\/wp\/v2\/comments?post=461"}],"version-history":[{"count":11,"href":"https:\/\/consginevra.esteri.it\/fr\/wp-json\/wp\/v2\/pages\/461\/revisions"}],"predecessor-version":[{"id":783,"href":"https:\/\/consginevra.esteri.it\/fr\/wp-json\/wp\/v2\/pages\/461\/revisions\/783"}],"up":[{"embeddable":true,"href":"https:\/\/consginevra.esteri.it\/fr\/wp-json\/wp\/v2\/pages\/207"}],"wp:attachment":[{"href":"https:\/\/consginevra.esteri.it\/fr\/wp-json\/wp\/v2\/media?parent=461"}],"curies":[{"name":"wp","href":"https:\/\/api.w.org\/{rel}","templated":true}]}}