{"id":430,"date":"2023-09-07T16:27:57","date_gmt":"2023-09-07T14:27:57","guid":{"rendered":"https:\/\/consginevra.esteri.it\/?page_id=430"},"modified":"2024-02-02T16:17:09","modified_gmt":"2024-02-02T14:17:09","slug":"morte","status":"publish","type":"page","link":"https:\/\/consginevra.esteri.it\/fr\/servizi-consolari-e-visti\/servizi-per-il-cittadino-italiano\/stato-civile\/morte\/","title":{"rendered":"D\u00e9c\u00e8s"},"content":{"rendered":"<p><strong>Enregistrement du d\u00e9c\u00e8s en Italie<\/strong><\/p>\n<p>Le d\u00e9c\u00e8s d&rsquo;un citoyen italien survenu \u00e0 l&rsquo;\u00e9tranger doit \u00eatre transcrit en Italie.<\/p>\n<p>1. <strong>Si la personne d\u00e9c\u00e9d\u00e9e n&rsquo;\u00e9tait que de nationalit\u00e9 italienne<\/strong><\/p>\n<ul>\n<li>les autorit\u00e9s locales transmettent d&rsquo;office l&rsquo;acte de d\u00e9c\u00e8s \u00e0 ce Consulat g\u00e9n\u00e9ral.<\/li>\n<\/ul>\n<p>2. <strong>Si la personne d\u00e9c\u00e9d\u00e9e \u00e9tait \u00e9galement de nationalit\u00e9 suisse<\/strong><\/p>\n<ul>\n<li>Il faudra demander \u00e0 la commune suisse qui a enregistr\u00e9 le d\u00e9c\u00e8s un \u00ab\u00a0Extrait de l&rsquo;acte de d\u00e9c\u00e8s\u00a0\u00bb (au format CIEC) et l&rsquo;envoyer par la poste (l&rsquo;ORIGINAL) \u00e0 ce Consulat g\u00e9n\u00e9ral (14, rue Charles-Galland &#8211; 1206 Gen\u00e8ve) en demandant sa transcription \u00e0 l&rsquo;aide du <a href=\"https:\/\/consginevra.esteri.it\/wp-content\/uploads\/2023\/09\/nuovo_mod._domanda_reg._morte_-_versione_definitiva-2.pdf\">formulaire appropri\u00e9<\/a>. Le Consulat transmettra ensuite les documents susmentionn\u00e9s \u00e0 la Commune italienne d&rsquo;inscription \u00e0 l&rsquo;A.I.R.E. du d\u00e9funt.<\/li>\n<\/ul>\n<p>Documents n\u00e9cessaires \u00e0 la v\u00e9rification de la nationalit\u00e9 du d\u00e9funt : carte d&rsquo;identit\u00e9, passeport italien ou certificat de nationalit\u00e9 italienne.<\/p>\n","protected":false},"excerpt":{"rendered":"Enregistrement du d\u00e9c\u00e8s en Italie Le d\u00e9c\u00e8s d&rsquo;un citoyen italien survenu \u00e0 l&rsquo;\u00e9tranger doit \u00eatre transcrit en Italie. 1. Si la personne d\u00e9c\u00e9d\u00e9e n&rsquo;\u00e9tait que de nationalit\u00e9 italienne les autorit\u00e9s locales transmettent d&rsquo;office l&rsquo;acte de d\u00e9c\u00e8s \u00e0 ce Consulat g\u00e9n\u00e9ral. 2. Si la personne d\u00e9c\u00e9d\u00e9e \u00e9tait \u00e9galement de nationalit\u00e9 suisse Il faudra demander \u00e0 la [&hellip;]","protected":false},"author":5,"featured_media":0,"parent":205,"menu_order":3,"comment_status":"closed","ping_status":"closed","template":"","meta":{"footnotes":""},"class_list":["post-430","page","type-page","status-publish","hentry"],"_links":{"self":[{"href":"https:\/\/consginevra.esteri.it\/fr\/wp-json\/wp\/v2\/pages\/430","targetHints":{"allow":["GET"]}}],"collection":[{"href":"https:\/\/consginevra.esteri.it\/fr\/wp-json\/wp\/v2\/pages"}],"about":[{"href":"https:\/\/consginevra.esteri.it\/fr\/wp-json\/wp\/v2\/types\/page"}],"author":[{"embeddable":true,"href":"https:\/\/consginevra.esteri.it\/fr\/wp-json\/wp\/v2\/users\/5"}],"replies":[{"embeddable":true,"href":"https:\/\/consginevra.esteri.it\/fr\/wp-json\/wp\/v2\/comments?post=430"}],"version-history":[{"count":7,"href":"https:\/\/consginevra.esteri.it\/fr\/wp-json\/wp\/v2\/pages\/430\/revisions"}],"predecessor-version":[{"id":1157,"href":"https:\/\/consginevra.esteri.it\/fr\/wp-json\/wp\/v2\/pages\/430\/revisions\/1157"}],"up":[{"embeddable":true,"href":"https:\/\/consginevra.esteri.it\/fr\/wp-json\/wp\/v2\/pages\/205"}],"wp:attachment":[{"href":"https:\/\/consginevra.esteri.it\/fr\/wp-json\/wp\/v2\/media?parent=430"}],"curies":[{"name":"wp","href":"https:\/\/api.w.org\/{rel}","templated":true}]}}