{"id":426,"date":"2023-09-07T16:23:50","date_gmt":"2023-09-07T14:23:50","guid":{"rendered":"https:\/\/consginevra.esteri.it\/?page_id=426"},"modified":"2023-09-07T17:24:42","modified_gmt":"2023-09-07T15:24:42","slug":"leva","status":"publish","type":"page","link":"https:\/\/consginevra.esteri.it\/fr\/servizi-consolari-e-visti\/servizi-per-il-cittadino-italiano\/leva\/","title":{"rendered":"Service militaire"},"content":{"rendered":"<div class=\"entry-content\">\n<div>\n<p>La loi du 23 ao\u00fbt 2004, n. 226 stipule qu\u2019 \u00e0 partir du 1er Janvier 2005 le service militaire obligatoire en Italie est supprim\u00e9. La m\u00eame loi stipule l\u2019instauration d\u2019un service militaire professionnel.<\/p>\n<p>Les citoyens italiens qui ont l&rsquo;intention de retourner en Italie pour effectuer le service militaire volontaire ne peuvent b\u00e9n\u00e9ficier des prestations report\u00e9es dans le d\u00e9cret 433\/66, qui r\u00e9git les proc\u00e9dures de rapatriement aux frais de l&rsquo;Etat exclusivement dans le cas d\u2019 obligations militaires.<\/p>\n<\/div>\n<\/div>\n","protected":false},"excerpt":{"rendered":"La loi du 23 ao\u00fbt 2004, n. 226 stipule qu\u2019 \u00e0 partir du 1er Janvier 2005 le service militaire obligatoire en Italie est supprim\u00e9. La m\u00eame loi stipule l\u2019instauration d\u2019un service militaire professionnel. Les citoyens italiens qui ont l&rsquo;intention de retourner en Italie pour effectuer le service militaire volontaire ne peuvent b\u00e9n\u00e9ficier des prestations report\u00e9es [&hellip;]","protected":false},"author":5,"featured_media":0,"parent":201,"menu_order":21,"comment_status":"closed","ping_status":"closed","template":"","meta":{"footnotes":""},"class_list":["post-426","page","type-page","status-publish","hentry"],"_links":{"self":[{"href":"https:\/\/consginevra.esteri.it\/fr\/wp-json\/wp\/v2\/pages\/426","targetHints":{"allow":["GET"]}}],"collection":[{"href":"https:\/\/consginevra.esteri.it\/fr\/wp-json\/wp\/v2\/pages"}],"about":[{"href":"https:\/\/consginevra.esteri.it\/fr\/wp-json\/wp\/v2\/types\/page"}],"author":[{"embeddable":true,"href":"https:\/\/consginevra.esteri.it\/fr\/wp-json\/wp\/v2\/users\/5"}],"replies":[{"embeddable":true,"href":"https:\/\/consginevra.esteri.it\/fr\/wp-json\/wp\/v2\/comments?post=426"}],"version-history":[{"count":3,"href":"https:\/\/consginevra.esteri.it\/fr\/wp-json\/wp\/v2\/pages\/426\/revisions"}],"predecessor-version":[{"id":482,"href":"https:\/\/consginevra.esteri.it\/fr\/wp-json\/wp\/v2\/pages\/426\/revisions\/482"}],"up":[{"embeddable":true,"href":"https:\/\/consginevra.esteri.it\/fr\/wp-json\/wp\/v2\/pages\/201"}],"wp:attachment":[{"href":"https:\/\/consginevra.esteri.it\/fr\/wp-json\/wp\/v2\/media?parent=426"}],"curies":[{"name":"wp","href":"https:\/\/api.w.org\/{rel}","templated":true}]}}