{"id":408,"date":"2023-09-07T15:36:52","date_gmt":"2023-09-07T13:36:52","guid":{"rendered":"https:\/\/consginevra.esteri.it\/?page_id=408"},"modified":"2026-04-13T14:32:32","modified_gmt":"2026-04-13T12:32:32","slug":"carta-didentita-elettronica-cie","status":"publish","type":"page","link":"https:\/\/consginevra.esteri.it\/fr\/servizi-consolari-e-visti\/servizi-per-il-cittadino-italiano\/carta-didentita-elettronica-cie\/","title":{"rendered":"Carte d&rsquo;identit\u00e9 \u00e9lectronique &#8211; CIE"},"content":{"rendered":"<p>&nbsp;<\/p>\n<p>Cette page est en cours de mise \u00e0 jour. Veuillez vous r\u00e9f\u00e9rer \u00e0 la page correspondante en italien. Merci.<\/p>\n","protected":false},"excerpt":{"rendered":"&nbsp; Cette page est en cours de mise \u00e0 jour. Veuillez vous r\u00e9f\u00e9rer \u00e0 la page correspondante en italien. Merci.","protected":false},"author":5,"featured_media":0,"parent":201,"menu_order":3,"comment_status":"closed","ping_status":"closed","template":"","meta":{"footnotes":""},"class_list":["post-408","page","type-page","status-publish","hentry"],"_links":{"self":[{"href":"https:\/\/consginevra.esteri.it\/fr\/wp-json\/wp\/v2\/pages\/408","targetHints":{"allow":["GET"]}}],"collection":[{"href":"https:\/\/consginevra.esteri.it\/fr\/wp-json\/wp\/v2\/pages"}],"about":[{"href":"https:\/\/consginevra.esteri.it\/fr\/wp-json\/wp\/v2\/types\/page"}],"author":[{"embeddable":true,"href":"https:\/\/consginevra.esteri.it\/fr\/wp-json\/wp\/v2\/users\/5"}],"replies":[{"embeddable":true,"href":"https:\/\/consginevra.esteri.it\/fr\/wp-json\/wp\/v2\/comments?post=408"}],"version-history":[{"count":7,"href":"https:\/\/consginevra.esteri.it\/fr\/wp-json\/wp\/v2\/pages\/408\/revisions"}],"predecessor-version":[{"id":7627,"href":"https:\/\/consginevra.esteri.it\/fr\/wp-json\/wp\/v2\/pages\/408\/revisions\/7627"}],"up":[{"embeddable":true,"href":"https:\/\/consginevra.esteri.it\/fr\/wp-json\/wp\/v2\/pages\/201"}],"wp:attachment":[{"href":"https:\/\/consginevra.esteri.it\/fr\/wp-json\/wp\/v2\/media?parent=408"}],"curies":[{"name":"wp","href":"https:\/\/api.w.org\/{rel}","templated":true}]}}