{"id":2299,"date":"2024-01-09T18:05:05","date_gmt":"2024-01-09T16:05:05","guid":{"rendered":"https:\/\/consginevra.esteri.it\/chi-siamo\/il-console-generale\/messaggio-del-console-generale\/"},"modified":"2024-01-09T18:33:52","modified_gmt":"2024-01-09T16:33:52","slug":"messaggio-del-console-generale","status":"publish","type":"page","link":"https:\/\/consginevra.esteri.it\/fr\/chi-siamo\/il-console-generale\/messaggio-del-console-generale\/","title":{"rendered":"Messaggio della Console Generale"},"content":{"rendered":"<p>Care e cari connazionali,<br \/>\nnell\u2019assumere con orgoglio ed entusiasmo l\u2019incarico di Console Generale d\u2019Italia a Ginevra rivolgo a tutti voi il mio pi\u00f9 caloroso saluto e gli auguri per un felice 2024.<br \/>\nE&rsquo; per me un immenso onore poter svolgere questo prestigioso incarico alla guida di una sede consolare chiamata a servire oltre 130.000 concittadine e concittadini dei Cantoni di Ginevra, Vaud e Vallese che abbracciano una vasta area del territorio elvetico.<br \/>\nAssolver\u00f2 questo impegno nella consapevolezza che dietro l\u2019erogazione di ogni servizio consolare ci sono le esigenze di vita di ciascuno di voi e insieme alla squadra del Consolato Generale compir\u00f2 ogni sforzo per rendere il pi\u00f9 possibile efficienti i nostri servizi e per individuare soluzioni attente alle necessit\u00e0 di una comunit\u00e0 di cui andiamo fieri: dinamica, all&rsquo;avanguardia e ben radicata. Insieme possiamo fare molto per l&rsquo;Italia e per rafforzare ulteriormente, nel solco della straordinaria azione promossa all&rsquo;Ambasciata d&rsquo;Italia a Berna, i gi\u00e0 eccellenti rapporti tra Italia e Svizzera.<br \/>\nIn questa importante missione vi prego di non farci mancare il vostro sostegno e i vostri suggerimenti.<\/p>\n<p>Contate sempre su di me, io conto su di voi!<br \/>\nNicoletta Piccirillo<\/p>\n","protected":false},"excerpt":{"rendered":"Care e cari connazionali, nell\u2019assumere con orgoglio ed entusiasmo l\u2019incarico di Console Generale d\u2019Italia a Ginevra rivolgo a tutti voi il mio pi\u00f9 caloroso saluto e gli auguri per un felice 2024. E&rsquo; per me un immenso onore poter svolgere questo prestigioso incarico alla guida di una sede consolare chiamata a servire oltre 130.000 concittadine [&hellip;]","protected":false},"author":5,"featured_media":0,"parent":185,"menu_order":0,"comment_status":"closed","ping_status":"closed","template":"","meta":{"footnotes":""},"class_list":["post-2299","page","type-page","status-publish","hentry"],"_links":{"self":[{"href":"https:\/\/consginevra.esteri.it\/fr\/wp-json\/wp\/v2\/pages\/2299","targetHints":{"allow":["GET"]}}],"collection":[{"href":"https:\/\/consginevra.esteri.it\/fr\/wp-json\/wp\/v2\/pages"}],"about":[{"href":"https:\/\/consginevra.esteri.it\/fr\/wp-json\/wp\/v2\/types\/page"}],"author":[{"embeddable":true,"href":"https:\/\/consginevra.esteri.it\/fr\/wp-json\/wp\/v2\/users\/5"}],"replies":[{"embeddable":true,"href":"https:\/\/consginevra.esteri.it\/fr\/wp-json\/wp\/v2\/comments?post=2299"}],"version-history":[{"count":2,"href":"https:\/\/consginevra.esteri.it\/fr\/wp-json\/wp\/v2\/pages\/2299\/revisions"}],"predecessor-version":[{"id":2310,"href":"https:\/\/consginevra.esteri.it\/fr\/wp-json\/wp\/v2\/pages\/2299\/revisions\/2310"}],"up":[{"embeddable":true,"href":"https:\/\/consginevra.esteri.it\/fr\/wp-json\/wp\/v2\/pages\/185"}],"wp:attachment":[{"href":"https:\/\/consginevra.esteri.it\/fr\/wp-json\/wp\/v2\/media?parent=2299"}],"curies":[{"name":"wp","href":"https:\/\/api.w.org\/{rel}","templated":true}]}}