{"id":217,"date":"2023-04-03T19:30:58","date_gmt":"2023-04-03T17:30:58","guid":{"rendered":"https:\/\/consginevra.esteri.it\/servizi-consolari-e-visti\/servizi-per-il-cittadino-straniero\/cittadinanza\/"},"modified":"2025-11-06T14:45:42","modified_gmt":"2025-11-06T12:45:42","slug":"cittadinanza","status":"publish","type":"page","link":"https:\/\/consginevra.esteri.it\/fr\/servizi-consolari-e-visti\/servizi-per-il-cittadino-straniero\/cittadinanza\/","title":{"rendered":"Nationalit\u00e9"},"content":{"rendered":"<p>Cette page est en cours de mise \u00e0 jour. Veuillez vous r\u00e9f\u00e9rer \u00e0 la page correspondante en italien. Merci.<\/p>\n","protected":false},"excerpt":{"rendered":"Cette page est en cours de mise \u00e0 jour. Veuillez vous r\u00e9f\u00e9rer \u00e0 la page correspondante en italien. Merci.","protected":false},"author":1,"featured_media":0,"parent":215,"menu_order":2,"comment_status":"closed","ping_status":"closed","template":"","meta":{"footnotes":""},"class_list":["post-217","page","type-page","status-publish","hentry"],"_links":{"self":[{"href":"https:\/\/consginevra.esteri.it\/fr\/wp-json\/wp\/v2\/pages\/217","targetHints":{"allow":["GET"]}}],"collection":[{"href":"https:\/\/consginevra.esteri.it\/fr\/wp-json\/wp\/v2\/pages"}],"about":[{"href":"https:\/\/consginevra.esteri.it\/fr\/wp-json\/wp\/v2\/types\/page"}],"author":[{"embeddable":true,"href":"https:\/\/consginevra.esteri.it\/fr\/wp-json\/wp\/v2\/users\/1"}],"replies":[{"embeddable":true,"href":"https:\/\/consginevra.esteri.it\/fr\/wp-json\/wp\/v2\/comments?post=217"}],"version-history":[{"count":8,"href":"https:\/\/consginevra.esteri.it\/fr\/wp-json\/wp\/v2\/pages\/217\/revisions"}],"predecessor-version":[{"id":6598,"href":"https:\/\/consginevra.esteri.it\/fr\/wp-json\/wp\/v2\/pages\/217\/revisions\/6598"}],"up":[{"embeddable":true,"href":"https:\/\/consginevra.esteri.it\/fr\/wp-json\/wp\/v2\/pages\/215"}],"wp:attachment":[{"href":"https:\/\/consginevra.esteri.it\/fr\/wp-json\/wp\/v2\/media?parent=217"}],"curies":[{"name":"wp","href":"https:\/\/api.w.org\/{rel}","templated":true}]}}