{"id":215,"date":"2023-04-03T19:25:23","date_gmt":"2023-04-03T17:25:23","guid":{"rendered":"https:\/\/consginevra.esteri.it\/servizi-consolari-e-visti\/servizi-per-il-cittadino-straniero\/"},"modified":"2023-09-12T11:47:52","modified_gmt":"2023-09-12T09:47:52","slug":"servizi-per-il-cittadino-straniero","status":"publish","type":"page","link":"https:\/\/consginevra.esteri.it\/fr\/servizi-consolari-e-visti\/servizi-per-il-cittadino-straniero\/","title":{"rendered":"Services pour le citoyen \u00e9tranger"},"content":{"rendered":"<p>Le consulat fournit \u00e9galement des services aux citoyens \u00e9trangers.<br \/>\nParmi ceux-ci, la d\u00e9livrance de documents administratifs tels que les l\u00e9galisations de documents, les certifications d&rsquo;existence et de conformit\u00e9 des traductions de documents.<br \/>\nEn outre, dans les cas pr\u00e9vus par la l\u00e9gislation en vigueur, le Consulat pourvoit \u00e0 la transmission des actes et documents aux autorit\u00e9s italiennes.<\/p>\n","protected":false},"excerpt":{"rendered":"Le consulat fournit \u00e9galement des services aux citoyens \u00e9trangers. Parmi ceux-ci, la d\u00e9livrance de documents administratifs tels que les l\u00e9galisations de documents, les certifications d&rsquo;existence et de conformit\u00e9 des traductions de documents. En outre, dans les cas pr\u00e9vus par la l\u00e9gislation en vigueur, le Consulat pourvoit \u00e0 la transmission des actes et documents aux autorit\u00e9s [&hellip;]","protected":false},"author":1,"featured_media":0,"parent":200,"menu_order":2,"comment_status":"closed","ping_status":"closed","template":"","meta":{"footnotes":""},"class_list":["post-215","page","type-page","status-publish","hentry"],"_links":{"self":[{"href":"https:\/\/consginevra.esteri.it\/fr\/wp-json\/wp\/v2\/pages\/215","targetHints":{"allow":["GET"]}}],"collection":[{"href":"https:\/\/consginevra.esteri.it\/fr\/wp-json\/wp\/v2\/pages"}],"about":[{"href":"https:\/\/consginevra.esteri.it\/fr\/wp-json\/wp\/v2\/types\/page"}],"author":[{"embeddable":true,"href":"https:\/\/consginevra.esteri.it\/fr\/wp-json\/wp\/v2\/users\/1"}],"replies":[{"embeddable":true,"href":"https:\/\/consginevra.esteri.it\/fr\/wp-json\/wp\/v2\/comments?post=215"}],"version-history":[{"count":3,"href":"https:\/\/consginevra.esteri.it\/fr\/wp-json\/wp\/v2\/pages\/215\/revisions"}],"predecessor-version":[{"id":705,"href":"https:\/\/consginevra.esteri.it\/fr\/wp-json\/wp\/v2\/pages\/215\/revisions\/705"}],"up":[{"embeddable":true,"href":"https:\/\/consginevra.esteri.it\/fr\/wp-json\/wp\/v2\/pages\/200"}],"wp:attachment":[{"href":"https:\/\/consginevra.esteri.it\/fr\/wp-json\/wp\/v2\/media?parent=215"}],"curies":[{"name":"wp","href":"https:\/\/api.w.org\/{rel}","templated":true}]}}