{"id":212,"date":"2023-04-03T19:30:19","date_gmt":"2023-04-03T17:30:19","guid":{"rendered":"https:\/\/consginevra.esteri.it\/servizi-consolari-e-visti\/servizi-per-il-cittadino-italiano\/pensioni-e-sicurezza-sociale\/"},"modified":"2023-09-12T16:27:08","modified_gmt":"2023-09-12T14:27:08","slug":"pensioni-e-sicurezza-sociale","status":"publish","type":"page","link":"https:\/\/consginevra.esteri.it\/fr\/servizi-consolari-e-visti\/servizi-per-il-cittadino-italiano\/pensioni-e-sicurezza-sociale\/","title":{"rendered":"Pensions et s\u00e9curit\u00e9 sociale"},"content":{"rendered":"<p>Pour un aper\u00e7u g\u00e9n\u00e9ral du syst\u00e8me de s\u00e9curit\u00e9 sociale suisse, voir le site de :\u00a0<a href=\"http:\/\/www.bsv.admin.ch\/themen\/ueberblick\/00003\/?lang=it\">l&rsquo;Office f\u00e9d\u00e9ral de la s\u00e9curit\u00e9 sociale<\/a>.<\/p>\n<p><strong>Pensioni <a href=\"http:\/\/www.esteri.it\/mae\/it\/italiani_nel_mondo\/serviziconsolari\/sicurezzasociale.html\">INFORMATIONS DU MINISTERE DES AFFAIRES ETRANGERES ( Ministero Affari Esteri e Cooperazione Internazionale )<\/a><\/strong><\/p>\n<div>\n<ul>\n<li id=\"phIntermediaTxtTesto\"><a href=\"http:\/\/www.inps.it\/portale\/default.aspx?itemdir=9645\"><strong>Accords pour \u00e9viter la double imposition<\/strong><\/a><\/li>\n<li><strong><a href=\"http:\/\/www.inps.it\/portale\/default.aspx?iMenu=1&amp;iNodo=9467\">La l\u00e9gislation fiscale, pour les r\u00e9sidents \u00e0 l&rsquo;\u00e9tranger<\/a><\/strong><\/li>\n<li><a href=\"http:\/\/www.inps.it\/portale\/default.aspx?itemdir=8658\"><strong>Le paiement de la pension \u00e0 l&rsquo;\u00e9tranger<\/strong><\/a><\/li>\n<li><a href=\"http:\/\/www.inps.it\/portale\/default.aspx?itemdir=9580\"><strong>Le paiement de la pension \u00e0 l&rsquo;\u00e9tranger\u00a02<\/strong><\/a><\/li>\n<li><a href=\"https:\/\/consginevra.esteri.it\/consolato_ginevra\/resource\/doc\/2016\/02\/patronati_tabella_febbraio_2016.doc\"><strong>LES \u00ab\u00a0PATRONATI\u00a0\u00bb DANS LE DISTRICT CONSULAIRE <\/strong><\/a><\/li>\n<\/ul>\n<\/div>\n","protected":false},"excerpt":{"rendered":"Pour un aper\u00e7u g\u00e9n\u00e9ral du syst\u00e8me de s\u00e9curit\u00e9 sociale suisse, voir le site de :\u00a0l&rsquo;Office f\u00e9d\u00e9ral de la s\u00e9curit\u00e9 sociale. Pensioni INFORMATIONS DU MINISTERE DES AFFAIRES ETRANGERES ( Ministero Affari Esteri e Cooperazione Internazionale ) Accords pour \u00e9viter la double imposition La l\u00e9gislation fiscale, pour les r\u00e9sidents \u00e0 l&rsquo;\u00e9tranger Le paiement de la pension \u00e0 [&hellip;]","protected":false},"author":1,"featured_media":0,"parent":201,"menu_order":20,"comment_status":"closed","ping_status":"closed","template":"","meta":{"footnotes":""},"class_list":["post-212","page","type-page","status-publish","hentry"],"_links":{"self":[{"href":"https:\/\/consginevra.esteri.it\/fr\/wp-json\/wp\/v2\/pages\/212","targetHints":{"allow":["GET"]}}],"collection":[{"href":"https:\/\/consginevra.esteri.it\/fr\/wp-json\/wp\/v2\/pages"}],"about":[{"href":"https:\/\/consginevra.esteri.it\/fr\/wp-json\/wp\/v2\/types\/page"}],"author":[{"embeddable":true,"href":"https:\/\/consginevra.esteri.it\/fr\/wp-json\/wp\/v2\/users\/1"}],"replies":[{"embeddable":true,"href":"https:\/\/consginevra.esteri.it\/fr\/wp-json\/wp\/v2\/comments?post=212"}],"version-history":[{"count":2,"href":"https:\/\/consginevra.esteri.it\/fr\/wp-json\/wp\/v2\/pages\/212\/revisions"}],"predecessor-version":[{"id":480,"href":"https:\/\/consginevra.esteri.it\/fr\/wp-json\/wp\/v2\/pages\/212\/revisions\/480"}],"up":[{"embeddable":true,"href":"https:\/\/consginevra.esteri.it\/fr\/wp-json\/wp\/v2\/pages\/201"}],"wp:attachment":[{"href":"https:\/\/consginevra.esteri.it\/fr\/wp-json\/wp\/v2\/media?parent=212"}],"curies":[{"name":"wp","href":"https:\/\/api.w.org\/{rel}","templated":true}]}}