{"id":207,"date":"2023-04-03T19:29:28","date_gmt":"2023-04-03T17:29:28","guid":{"rendered":"https:\/\/consginevra.esteri.it\/servizi-consolari-e-visti\/servizi-per-il-cittadino-italiano\/servizi-elettorali\/"},"modified":"2023-09-12T12:39:40","modified_gmt":"2023-09-12T10:39:40","slug":"servizi-elettorali","status":"publish","type":"page","link":"https:\/\/consginevra.esteri.it\/fr\/servizi-consolari-e-visti\/servizi-per-il-cittadino-italiano\/servizi-elettorali\/","title":{"rendered":"Services \u00e9lectoraux"},"content":{"rendered":"<p>Le Consulat G\u00e9n\u00e9ral est responsable de la gestion de tous les rendez-vous \u00e9lectoraux nationaux, auquel les \u00e9lecteurs r\u00e9sidant dans le district sont invit\u00e9s \u00e0 participer. Il est activ\u00e9 uniquement au moment d&rsquo;un \u00e9v\u00e9nement \u00e9lectoral.<\/p>\n","protected":false},"excerpt":{"rendered":"Le Consulat G\u00e9n\u00e9ral est responsable de la gestion de tous les rendez-vous \u00e9lectoraux nationaux, auquel les \u00e9lecteurs r\u00e9sidant dans le district sont invit\u00e9s \u00e0 participer. Il est activ\u00e9 uniquement au moment d&rsquo;un \u00e9v\u00e9nement \u00e9lectoral.","protected":false},"author":1,"featured_media":0,"parent":201,"menu_order":10,"comment_status":"closed","ping_status":"closed","template":"","meta":{"footnotes":""},"class_list":["post-207","page","type-page","status-publish","hentry"],"_links":{"self":[{"href":"https:\/\/consginevra.esteri.it\/fr\/wp-json\/wp\/v2\/pages\/207","targetHints":{"allow":["GET"]}}],"collection":[{"href":"https:\/\/consginevra.esteri.it\/fr\/wp-json\/wp\/v2\/pages"}],"about":[{"href":"https:\/\/consginevra.esteri.it\/fr\/wp-json\/wp\/v2\/types\/page"}],"author":[{"embeddable":true,"href":"https:\/\/consginevra.esteri.it\/fr\/wp-json\/wp\/v2\/users\/1"}],"replies":[{"embeddable":true,"href":"https:\/\/consginevra.esteri.it\/fr\/wp-json\/wp\/v2\/comments?post=207"}],"version-history":[{"count":2,"href":"https:\/\/consginevra.esteri.it\/fr\/wp-json\/wp\/v2\/pages\/207\/revisions"}],"predecessor-version":[{"id":444,"href":"https:\/\/consginevra.esteri.it\/fr\/wp-json\/wp\/v2\/pages\/207\/revisions\/444"}],"up":[{"embeddable":true,"href":"https:\/\/consginevra.esteri.it\/fr\/wp-json\/wp\/v2\/pages\/201"}],"wp:attachment":[{"href":"https:\/\/consginevra.esteri.it\/fr\/wp-json\/wp\/v2\/media?parent=207"}],"curies":[{"name":"wp","href":"https:\/\/api.w.org\/{rel}","templated":true}]}}