{"id":206,"date":"2023-04-03T19:29:13","date_gmt":"2023-04-03T17:29:13","guid":{"rendered":"https:\/\/consginevra.esteri.it\/servizi-consolari-e-visti\/servizi-per-il-cittadino-italiano\/assistenza-ai-cittadini-allestero\/"},"modified":"2024-01-04T15:19:36","modified_gmt":"2024-01-04T13:19:36","slug":"assistenza-ai-cittadini-allestero","status":"publish","type":"page","link":"https:\/\/consginevra.esteri.it\/fr\/servizi-consolari-e-visti\/servizi-per-il-cittadino-italiano\/assistenza-ai-cittadini-allestero\/","title":{"rendered":"Assistance aux citoyens \u00e0 l&rsquo;\u00e9tranger"},"content":{"rendered":"<header><strong>Assistance consulaire<\/strong><\/header>\n<header><\/header>\n<header><\/header>\n<header><\/header>\n<header><\/header>\n<header>Le service d&rsquo;assistance sociale est destin\u00e9 aux citoyens italiens qui se trouvent en situation de pauvret\u00e9. Les citoyens italiens peuvent recevoir une aide financi\u00e8re ou autre du Consulat pour surmonter une difficult\u00e9 temporaire. Pour contacter notre bureau d\u00e9di\u00e9 \u00e0 l&rsquo;assistance sociale, vous pouvez \u00e9crire \u00e0 : ginevra.sociale@esteri.it. Pour t\u00e9l\u00e9charger le formulaire de demande d&rsquo;aide aux citoyens indigents, <a href=\"https:\/\/consginevra.esteri.it\/wp-content\/uploads\/2023\/09\/Modulo_sussidi_ass_indigenti.doc\">cliquez ici<\/a>.\u00a0<\/header>\n<div>\n<div><\/div>\n<p>&nbsp;<\/p>\n<p><strong>Mesures d&rsquo;assistance en faveur de citoyens italiens \u00e0 l&rsquo;\u00e9tranger<\/strong><\/p>\n<p>Pour conna\u00eetre les mesures en faveur des ressortissants italiens \u00e0 l&rsquo;\u00e9tranger, veuillez consulter la <a href=\"https:\/\/consginevra.esteri.it\/wp-content\/uploads\/2023\/09\/circolare_n._2_2018-2-assistenza-connazionali.pdf\">l\u00e9gislation en vigueur<\/a>.<\/p>\n<p>&nbsp;<\/p>\n<\/div>\n<div class=\"entry-content\">\n<div>\n<p>&nbsp;<\/p>\n<\/div>\n<\/div>\n","protected":false},"excerpt":{"rendered":"Assistance consulaire Le service d&rsquo;assistance sociale est destin\u00e9 aux citoyens italiens qui se trouvent en situation de pauvret\u00e9. Les citoyens italiens peuvent recevoir une aide financi\u00e8re ou autre du Consulat pour surmonter une difficult\u00e9 temporaire. Pour contacter notre bureau d\u00e9di\u00e9 \u00e0 l&rsquo;assistance sociale, vous pouvez \u00e9crire \u00e0 : ginevra.sociale@esteri.it. Pour t\u00e9l\u00e9charger le formulaire de demande [&hellip;]","protected":false},"author":1,"featured_media":0,"parent":201,"menu_order":8,"comment_status":"closed","ping_status":"closed","template":"","meta":{"footnotes":""},"class_list":["post-206","page","type-page","status-publish","hentry"],"_links":{"self":[{"href":"https:\/\/consginevra.esteri.it\/fr\/wp-json\/wp\/v2\/pages\/206","targetHints":{"allow":["GET"]}}],"collection":[{"href":"https:\/\/consginevra.esteri.it\/fr\/wp-json\/wp\/v2\/pages"}],"about":[{"href":"https:\/\/consginevra.esteri.it\/fr\/wp-json\/wp\/v2\/types\/page"}],"author":[{"embeddable":true,"href":"https:\/\/consginevra.esteri.it\/fr\/wp-json\/wp\/v2\/users\/1"}],"replies":[{"embeddable":true,"href":"https:\/\/consginevra.esteri.it\/fr\/wp-json\/wp\/v2\/comments?post=206"}],"version-history":[{"count":6,"href":"https:\/\/consginevra.esteri.it\/fr\/wp-json\/wp\/v2\/pages\/206\/revisions"}],"predecessor-version":[{"id":2229,"href":"https:\/\/consginevra.esteri.it\/fr\/wp-json\/wp\/v2\/pages\/206\/revisions\/2229"}],"up":[{"embeddable":true,"href":"https:\/\/consginevra.esteri.it\/fr\/wp-json\/wp\/v2\/pages\/201"}],"wp:attachment":[{"href":"https:\/\/consginevra.esteri.it\/fr\/wp-json\/wp\/v2\/media?parent=206"}],"curies":[{"name":"wp","href":"https:\/\/api.w.org\/{rel}","templated":true}]}}