{"id":203,"date":"2023-04-03T19:28:33","date_gmt":"2023-04-03T17:28:33","guid":{"rendered":"https:\/\/consginevra.esteri.it\/servizi-consolari-e-visti\/servizi-per-il-cittadino-italiano\/emergency-travel-documents-etd\/"},"modified":"2024-01-26T12:54:46","modified_gmt":"2024-01-26T10:54:46","slug":"emergency-travel-documents-etd","status":"publish","type":"page","link":"https:\/\/consginevra.esteri.it\/fr\/servizi-consolari-e-visti\/servizi-per-il-cittadino-italiano\/emergency-travel-documents-etd\/","title":{"rendered":"Emergency Travel Documents (ETD)"},"content":{"rendered":"<p><strong>Demande de titre de voyage d\u2019urgence (ETD \u2013 Emergency Travel Document) pour le rapatriement<\/strong><\/p>\n<p>Le document de voyage d\u2019urgence (ETD) est un document de voyage provisoire <strong>valable 5 jours<\/strong>, y compris la date de son \u00e9mission. Il peut \u00eatre d\u00e9livr\u00e9 si la personne ne dispose d\u2019aucun document d\u2019identification valable pour voyager (passeport ou carte d\u2019identit\u00e9). Le titre de voyage d\u2019urgence n\u2019est utilis\u00e9 que pour le retour en Italie ou dans l\u2019\u00c9tat membre de l\u2019UE o\u00f9 le demandeur a une r\u00e9sidence permanente prouv\u00e9e par l\u2019enregistrement AIRE.<br \/>\nPour sa remise, la pr\u00e9sence du demandeur (y compris les enfants et les mineurs) au Consulat est requise.<br \/>\nSi le demandeur est en possession d\u2019une carte d\u2019identit\u00e9 \u00e9lectronique valable pour l\u2019expatriation, le ETD ne sera PAS d\u00e9livr\u00e9.<\/p>\n<p>Il est conseill\u00e9 de se pr\u00e9senter au consulat 2 \u00e0 3 jours avant le d\u00e9part afin d\u2019avoir un ETD avec une plus grande couverture en cas de gr\u00e8ve des transports ou si la compagnie a\u00e9rienne annule le vol ou modifie la date de d\u00e9part.<\/p>\n<p><strong>Adulte \u2013 Documents n\u00e9cessaires pour l\u2019\u00e9mission d\u2019un ETD<\/strong><\/p>\n<p>\u2013 2 photos r\u00e9centes (prises il y a moins de 6 mois), conformes aux normes internationales de ICAO<br \/>\n\u2013 D\u00e9claration de vol ou de perte du passeport ou de la carte d\u2019identit\u00e9 aupr\u00e8s de l\u2019autorit\u00e9 de Police locale comp\u00e9tente<br \/>\n\u2013 copie d\u2019un document d\u2019identit\u00e9 (carte d\u2019identit\u00e9 ou passeport) avec photo et signature. Un permis de conduire valide a \u00e9galement valeur d\u2019identification<br \/>\n\u2013 en l\u2019absence de toute forme d\u2019identification, la pr\u00e9sence d\u2019un t\u00e9moin, muni de pi\u00e8ces d\u2019identit\u00e9, capable d\u2019identifier le demandeur sous sa propre responsabilit\u00e9, est requise<br \/>\n\u2013 une copie du document de voyage avec la date de d\u00e9part confirm\u00e9e dans les 5 jours suivant la demande de ETD<\/p>\n<p><strong>Mineurs \u2013 Documents n\u00e9cessaires pour l\u2019\u00e9mission d\u2019un ETD<\/strong><\/p>\n<p>\u2013 2 photos r\u00e9centes (prises il y a moins de 6 mois), conformes aux normes internationales de ICAO<\/p>\n<p>\u2013 pi\u00e8ce d\u2019identit\u00e9 avec photo et signature des parents ou de la personne charg\u00e9e de l\u2019accompagnement<\/p>\n<p>\u2013 D\u00e9claration de vol ou de perte du passeport ou de la carte d\u2019identit\u00e9 aupr\u00e8s de l\u2019autorit\u00e9 de Police locale comp\u00e9tente<\/p>\n<p>\u2013 en l\u2019absence de toute forme d\u2019identification, la pr\u00e9sence d\u2019un t\u00e9moin, muni de pi\u00e8ces d\u2019identit\u00e9, capable d\u2019identifier le demandeur sous sa propre responsabilit\u00e9, est requise<\/p>\n<p>\u2013 une copie du document de voyage avec la date de d\u00e9part confirm\u00e9e dans les 5 jours suivant la demande de ETD<\/p>\n<p>\u2013 Si l\u2019un des parents n\u2019est pas citoyen europ\u00e9en, il devra authentifier sa signature en se rendant personnellement au Consulat<\/p>\n","protected":false},"excerpt":{"rendered":"Demande de titre de voyage d\u2019urgence (ETD \u2013 Emergency Travel Document) pour le rapatriement Le document de voyage d\u2019urgence (ETD) est un document de voyage provisoire valable 5 jours, y compris la date de son \u00e9mission. Il peut \u00eatre d\u00e9livr\u00e9 si la personne ne dispose d\u2019aucun document d\u2019identification valable pour voyager (passeport ou carte d\u2019identit\u00e9). [&hellip;]","protected":false},"author":1,"featured_media":0,"parent":201,"menu_order":2,"comment_status":"closed","ping_status":"closed","template":"","meta":{"footnotes":""},"class_list":["post-203","page","type-page","status-publish","hentry"],"_links":{"self":[{"href":"https:\/\/consginevra.esteri.it\/fr\/wp-json\/wp\/v2\/pages\/203","targetHints":{"allow":["GET"]}}],"collection":[{"href":"https:\/\/consginevra.esteri.it\/fr\/wp-json\/wp\/v2\/pages"}],"about":[{"href":"https:\/\/consginevra.esteri.it\/fr\/wp-json\/wp\/v2\/types\/page"}],"author":[{"embeddable":true,"href":"https:\/\/consginevra.esteri.it\/fr\/wp-json\/wp\/v2\/users\/1"}],"replies":[{"embeddable":true,"href":"https:\/\/consginevra.esteri.it\/fr\/wp-json\/wp\/v2\/comments?post=203"}],"version-history":[{"count":6,"href":"https:\/\/consginevra.esteri.it\/fr\/wp-json\/wp\/v2\/pages\/203\/revisions"}],"predecessor-version":[{"id":2594,"href":"https:\/\/consginevra.esteri.it\/fr\/wp-json\/wp\/v2\/pages\/203\/revisions\/2594"}],"up":[{"embeddable":true,"href":"https:\/\/consginevra.esteri.it\/fr\/wp-json\/wp\/v2\/pages\/201"}],"wp:attachment":[{"href":"https:\/\/consginevra.esteri.it\/fr\/wp-json\/wp\/v2\/media?parent=203"}],"curies":[{"name":"wp","href":"https:\/\/api.w.org\/{rel}","templated":true}]}}