{"id":201,"date":"2023-04-03T19:25:07","date_gmt":"2023-04-03T17:25:07","guid":{"rendered":"https:\/\/consginevra.esteri.it\/servizi-consolari-e-visti\/servizi-per-il-cittadino-italiano\/"},"modified":"2023-09-11T09:51:49","modified_gmt":"2023-09-11T07:51:49","slug":"servizi-per-il-cittadino-italiano","status":"publish","type":"page","link":"https:\/\/consginevra.esteri.it\/fr\/servizi-consolari-e-visti\/servizi-per-il-cittadino-italiano\/","title":{"rendered":"Services pour le citoyen italien"},"content":{"rendered":"<p>Les services consulaires sont fournis selon les principes d&rsquo;\u00e9galit\u00e9, d&rsquo;impartialit\u00e9, d&rsquo;efficacit\u00e9 et de transparence.<\/p>\n<p>Les consulats assurent la protection de tous les compatriotes en cas de violation de leurs droits fondamentaux et de restriction ou de privation de leur libert\u00e9 personnelle.<\/p>\n<p>En outre, ils fournissent une assistance dans les cas d&rsquo;urgence, dans la recherche de membres de la famille, dans les proc\u00e9dures de succession \u00e0 l&rsquo;\u00e9tranger et dans le rapatriement des d\u00e9pouilles mortelles.<\/p>\n<p>Dans le menu de droite, vous trouverez tous les services que le Consulat met \u00e0 la disposition de tous les r\u00e9sidents italiens de la circonscription de Gen\u00e8ve (responsable des cantons de Gen\u00e8ve, Vaud et Valais).<\/p>\n<p>&nbsp;<\/p>\n","protected":false},"excerpt":{"rendered":"Les services consulaires sont fournis selon les principes d&rsquo;\u00e9galit\u00e9, d&rsquo;impartialit\u00e9, d&rsquo;efficacit\u00e9 et de transparence. Les consulats assurent la protection de tous les compatriotes en cas de violation de leurs droits fondamentaux et de restriction ou de privation de leur libert\u00e9 personnelle. En outre, ils fournissent une assistance dans les cas d&rsquo;urgence, dans la recherche de [&hellip;]","protected":false},"author":1,"featured_media":0,"parent":200,"menu_order":0,"comment_status":"closed","ping_status":"closed","template":"","meta":{"footnotes":""},"class_list":["post-201","page","type-page","status-publish","hentry"],"_links":{"self":[{"href":"https:\/\/consginevra.esteri.it\/fr\/wp-json\/wp\/v2\/pages\/201","targetHints":{"allow":["GET"]}}],"collection":[{"href":"https:\/\/consginevra.esteri.it\/fr\/wp-json\/wp\/v2\/pages"}],"about":[{"href":"https:\/\/consginevra.esteri.it\/fr\/wp-json\/wp\/v2\/types\/page"}],"author":[{"embeddable":true,"href":"https:\/\/consginevra.esteri.it\/fr\/wp-json\/wp\/v2\/users\/1"}],"replies":[{"embeddable":true,"href":"https:\/\/consginevra.esteri.it\/fr\/wp-json\/wp\/v2\/comments?post=201"}],"version-history":[{"count":5,"href":"https:\/\/consginevra.esteri.it\/fr\/wp-json\/wp\/v2\/pages\/201\/revisions"}],"predecessor-version":[{"id":602,"href":"https:\/\/consginevra.esteri.it\/fr\/wp-json\/wp\/v2\/pages\/201\/revisions\/602"}],"up":[{"embeddable":true,"href":"https:\/\/consginevra.esteri.it\/fr\/wp-json\/wp\/v2\/pages\/200"}],"wp:attachment":[{"href":"https:\/\/consginevra.esteri.it\/fr\/wp-json\/wp\/v2\/media?parent=201"}],"curies":[{"name":"wp","href":"https:\/\/api.w.org\/{rel}","templated":true}]}}