{"id":200,"date":"2023-04-03T18:24:11","date_gmt":"2023-04-03T16:24:11","guid":{"rendered":"https:\/\/consginevra.esteri.it\/servizi-consolari-e-visti\/"},"modified":"2023-09-12T11:46:35","modified_gmt":"2023-09-12T09:46:35","slug":"servizi-consolari-e-visti","status":"publish","type":"page","link":"https:\/\/consginevra.esteri.it\/fr\/servizi-consolari-e-visti\/","title":{"rendered":"Services consulaires et visas"},"content":{"rendered":"<p>Bienvenue dans cette section d\u00e9di\u00e9e au Consulat G\u00e9n\u00e9ral d&rsquo;Italie \u00e0 Gen\u00e8ve.<\/p>\n<p>Pour faciliter la navigation, diff\u00e9rents services de diff\u00e9rentes tailles sont disponibles, selon les villes italiennes et \u00e9trang\u00e8res.<\/p>\n<p>Ce menu contient les informations que vous utilisez pour acc\u00e9der \u00e0 divers services.<\/p>\n<p>Un \u00e9l\u00e9ment sp\u00e9cifique prot\u00e8ge l&rsquo;effet publicitaire du registre consulaire.<\/p>\n<p>Pour plus d\u2019informations, vous \u00eates invit\u00e9s \u00e0 visiter la section Contacts.<\/p>\n<p>Bonne navigation !<\/p>\n","protected":false},"excerpt":{"rendered":"Bienvenue dans cette section d\u00e9di\u00e9e au Consulat G\u00e9n\u00e9ral d&rsquo;Italie \u00e0 Gen\u00e8ve. Pour faciliter la navigation, diff\u00e9rents services de diff\u00e9rentes tailles sont disponibles, selon les villes italiennes et \u00e9trang\u00e8res. Ce menu contient les informations que vous utilisez pour acc\u00e9der \u00e0 divers services. Un \u00e9l\u00e9ment sp\u00e9cifique prot\u00e8ge l&rsquo;effet publicitaire du registre consulaire. Pour plus d\u2019informations, vous \u00eates [&hellip;]","protected":false},"author":1,"featured_media":0,"parent":0,"menu_order":6,"comment_status":"closed","ping_status":"closed","template":"","meta":{"footnotes":""},"class_list":["post-200","page","type-page","status-publish","hentry"],"_links":{"self":[{"href":"https:\/\/consginevra.esteri.it\/fr\/wp-json\/wp\/v2\/pages\/200","targetHints":{"allow":["GET"]}}],"collection":[{"href":"https:\/\/consginevra.esteri.it\/fr\/wp-json\/wp\/v2\/pages"}],"about":[{"href":"https:\/\/consginevra.esteri.it\/fr\/wp-json\/wp\/v2\/types\/page"}],"author":[{"embeddable":true,"href":"https:\/\/consginevra.esteri.it\/fr\/wp-json\/wp\/v2\/users\/1"}],"replies":[{"embeddable":true,"href":"https:\/\/consginevra.esteri.it\/fr\/wp-json\/wp\/v2\/comments?post=200"}],"version-history":[{"count":4,"href":"https:\/\/consginevra.esteri.it\/fr\/wp-json\/wp\/v2\/pages\/200\/revisions"}],"predecessor-version":[{"id":703,"href":"https:\/\/consginevra.esteri.it\/fr\/wp-json\/wp\/v2\/pages\/200\/revisions\/703"}],"wp:attachment":[{"href":"https:\/\/consginevra.esteri.it\/fr\/wp-json\/wp\/v2\/media?parent=200"}],"curies":[{"name":"wp","href":"https:\/\/api.w.org\/{rel}","templated":true}]}}