{"id":198,"date":"2023-04-03T19:26:56","date_gmt":"2023-04-03T17:26:56","guid":{"rendered":"https:\/\/consginevra.esteri.it\/italia-e-svizzera\/diplomazia-culturale\/lingua-e-cultura-italiana\/"},"modified":"2026-03-06T13:26:41","modified_gmt":"2026-03-06T11:26:41","slug":"lingua-e-cultura-italiana","status":"publish","type":"page","link":"https:\/\/consginevra.esteri.it\/fr\/italia-e-svizzera\/diplomazia-culturale\/lingua-e-cultura-italiana\/","title":{"rendered":"Langue et culture italienne"},"content":{"rendered":"<div class=\"sr-only\"><strong>SERVICE SCOLAIRE<\/strong><\/div>\n<div>\n<p><strong>Le Service scolaire du Consulat G\u00e9n\u00e9ral d\u2019Italie \u00e0 Gen\u00e8ve:<\/strong><\/p>\n<ul>\n<li>met en place, en collaboration avec les organisations de gestion (C.A.E. de Gen\u00e8ve et C.P.S.I. de Lausanne), des cours de langue et culture italiennes dans les cantons de Gen\u00e8ve, Vaud et du Valais;<\/li>\n<li>fournit des informations et des conseils pour l\u2019inscription aux \u00e9coles et universit\u00e9s en Italie. Il d\u00e9livre les \u00ab <em>dichiarazioni di valore<\/em> \u00bb n\u00e9cessaires pour les dipl\u00f4mes obtenus aupr\u00e8s des \u00e9coles et des l\u2019universit\u00e9s des cantons de Gen\u00e8ve, Vaud et du Valais, afin que les int\u00e9ress\u00e9s puissent obtenir l\u2019\u00e9quivalence des titres d\u2019\u00e9tudes primaires et secondaires avec les titres d\u2019\u00e9tudes italiens analogues, l\u2019inscription aux \u00e9coles et universit\u00e9s italiennes, la reconnaissance en Italie des \u00e9tudes universitaires et l\u2019assignation des bourses d\u2019\u00e9tude.<\/li>\n<\/ul>\n<p><strong>Ressources Humaines :<\/strong><\/p>\n<ul>\n<li>Directeur des cours :\u00a0<strong>Prof. Giorgio La Rocca<\/strong><\/li>\n<li>Directeur administratif :\u00a0<strong>Simona Rosi<\/strong><\/li>\n<li>n. 4 enseignants minist\u00e9riels d\u2019\u00e9cole primaire<\/li>\n<li>n. 4 enseignantes minist\u00e9rielles d\u2019\u00e9cole secondaire \u2013 Cycle<\/li>\n<li>n. 1 enseignante minist\u00e9rielle d\u2019\u00e9cole secondaire \u2013 Coll\u00e8ge\/Lyc\u00e9e<\/li>\n<\/ul>\n<p><strong><br \/>\nR\u00e9f\u00e9rences, renseignements et coordonn\u00e9es<\/strong><\/p>\n<ul>\n<li>Consulat G\u00e9n\u00e9ral d\u2019Italie<br \/>\nBureau scolaire<br \/>\nRue Charles-Galland 14<br \/>\n1206 GENEVE<\/li>\n<li>Directeur des cours\u00a0<strong>022 839 67 48<\/strong><\/li>\n<li>Directeur administratif\u00a0<strong>022 839 67 49<\/strong><\/li>\n<li>Courriel :\u00a0\u00a0<a href=\"mailto:scuola.ginevra@esteri.it\">scuola.ginevra@esteri.it<\/a><\/li>\n<\/ul>\n<p>&nbsp;<\/p>\n<p><strong>COURS DE LANGUE ET DE CULTURE ITALIENNES<\/strong><\/p>\n<p><strong>INSCRIPTIONS ANNEE SCOLAIRE 2026\u20132027<\/strong><\/p>\n<p>Les inscriptions sont ouvertes \u00e0 partir du 01\/03\/2026.<\/p>\n<p>&nbsp;<\/p>\n<table class=\"table\" style=\"height: 175px;\" width=\"1239\" align=\"center\">\n<tbody>\n<tr>\n<td valign=\"middle\">\n<p style=\"text-align: center;\"><strong>Programmation <\/strong><\/p>\n<p style=\"text-align: center;\"><strong>Offre Formative 2025-2028<\/strong><\/p>\n<p style=\"text-align: center;\"><a href=\"https:\/\/consginevra.esteri.it\/wp-content\/uploads\/2026\/02\/PTOF-2025-2028.pdf\" target=\"_blank\" rel=\"noopener\">cliquez ici<\/a><\/p>\n<\/td>\n<td valign=\"middle\">\n<p style=\"text-align: center;\">\u00a0<strong>Affiches des cours<\/strong><\/p>\n<p style=\"text-align: center;\"><a href=\"https:\/\/consginevra.esteri.it\/wp-content\/uploads\/2026\/02\/locandina26_27fra.pdf\">Version FRA<\/a><\/p>\n<p style=\"text-align: center;\"><a href=\"https:\/\/consginevra.esteri.it\/wp-content\/uploads\/2026\/02\/locandina26_27ita.pdf\">Version ITA<\/a><\/p>\n<\/td>\n<td style=\"text-align: center;\" align=\"center\" valign=\"middle\"><strong>Liste des cours<\/strong><\/p>\n<p><a href=\"https:\/\/consginevra.esteri.it\/wp-content\/uploads\/2026\/03\/LISTE-CORSI-GINEVRA-2026-2027-ver3.pdf\">Geneve<\/a><\/p>\n<p><a href=\"https:\/\/consginevra.esteri.it\/wp-content\/uploads\/2026\/02\/LISTE-CORSI-VAUD-E-VALLESE-2026-2027.pdf\">Vaud-Valais<\/a><\/td>\n<td align=\"center\" valign=\"middle\"><span style=\"color: #ff0000;\"><strong>Confirmations d&rsquo;inscription<\/strong><\/span><\/p>\n<p><a href=\"https:\/\/web.spaggiari.eu\/home\/app\/default\/login.php\" target=\"_blank\" rel=\"noopener\">cliquez ici<\/a><\/p>\n<p>Instructions <a href=\"https:\/\/consginevra.esteri.it\/wp-content\/uploads\/2026\/02\/CONFERME-ISCRIZIONI-FR-2026026.pdf\">FRA<\/a> | <a href=\"https:\/\/consginevra.esteri.it\/wp-content\/uploads\/2026\/02\/CONFERME-ISCRIZIONI-IT-2026026.pdf\">ITA<\/a><\/td>\n<td align=\"center\" valign=\"middle\">\u00a0<span style=\"color: #ff0000;\"><strong>Nouvelles inscriptions<\/strong><\/span><\/p>\n<p><a href=\"https:\/\/web.spaggiari.eu\/alw\/app\/default\/login_preiscrizione_ch.php?custcode=XEES0026&amp;lang=it\" target=\"_blank\" rel=\"noopener\">cliquez ici<\/a><\/p>\n<p>Instructions <a href=\"https:\/\/consginevra.esteri.it\/wp-content\/uploads\/2026\/02\/NUOVE-ISCRIZIONI-FR-2026026.pdf\">FRA<\/a> | <a href=\"https:\/\/consginevra.esteri.it\/wp-content\/uploads\/2026\/02\/NUOVE-ISCRIZIONI-IT-2026026.pdf\">ITA<\/a><\/td>\n<\/tr>\n<\/tbody>\n<\/table>\n<p>&nbsp;<\/p>\n<p>Les cours sont r\u00e9serv\u00e9s \u00e0 tous les enfants de l\u2019\u00e9cole primaire \u00e0 partir d\u00e8s 6 ans (2P HarmoS-\u00c9cole primaire) et \u00e0 tous les jeunes de l\u2019\u00e9cole secondaire I et II (Cycle d\u2019orientation\/Coll\u00e8ge). En coop\u00e9ration avec le DIP (D\u00e9partement de l\u2019instruction publique et de la jeunesse de Gen\u00e8ve), il est pr\u00e9vu que les \u00e9l\u00e8ves d\u2019origine italienne de 2P, 3P et 4P (\u00c9cole primaire) puissent fr\u00e9quenter les cours de langue et culture italiennes en pleine int\u00e9gration avec le parcours scolaire suisse. Pour tous les \u00e9l\u00e8ves (5P, 6P, 7P, 8P et Cycle d\u2019orientation\/Coll\u00e8ge), de m\u00eame que ceux d\u2019autres nationalit\u00e9s, les cours de langue et culture italiennes sont organis\u00e9s en horaire extrascolaire.<\/p>\n<p>Tous les \u00e9l\u00e8ves qui fr\u00e9quentent les cours de langue et culture italiennes parall\u00e8lement \u00e0 l\u2019\u00e9cole obligatoire suisse se verront d\u00e9cerner, apr\u00e8s une fr\u00e9quentation normale, une attestation de profit relative au \u00ab Cours Int\u00e9gratif de Langue et Culture G\u00e9n\u00e9ral Italienne \u00bb.<\/p>\n<p>De plus, il est possible, sur proposition sp\u00e9cifique des enseignants ou des familles, de faire participer les \u00e9tudiants aux examens de certification linguistique r\u00e9partis comme suit :<\/p>\n<ul>\n<li><strong>Certification CILS<\/strong>\u00a0(Universit\u00e9 de SIENA) \u2013 Canton de Gen\u00e8ve, en coop\u00e9ration avec le CAE (Comit\u00e9 d\u2019Assistance \u00c9ducative de Gen\u00e8ve) ;\u00a0<a href=\"mailto:esami.cils@cae-ginevra.ch\">esami.cils@cae-ginevra.ch<\/a><\/li>\n<li><strong>Certification CELI<\/strong>\u00a0(Universit\u00e9 de PERUGIA) \u2013 Cantons de Vaud et du Valais, en coop\u00e9ration avec le CPSI (Comit\u00e9 Pro- \u00c9cole Italienne de Lausanne, si\u00e8ge reconnu de certification CELI)<\/li>\n<\/ul>\n<p>Sauf exception, les cours suivent les calendriers locaux des \u00e9coles et sont dispens\u00e9s :<\/p>\n<ul>\n<li>par des enseignants venant d\u2019Italie et envoy\u00e9s par le MAECI (Minist\u00e8re des Affaires \u00c9trang\u00e8res et de la Coop\u00e9ration Internationale &#8211; Ministero degli Affari Esteri e della Cooperazione Internazionale) ;<\/li>\n<li>par des enseignants engag\u00e9s sur place, poss\u00e9dant des dipl\u00f4mes reconnus.<\/li>\n<\/ul>\n<p>&nbsp;<\/p>\n<p><strong>Organismes de gestion des cours de langue et culture italienne<\/strong> en collaboration avec le Service scolaire du Consulat d\u2019Italie:<\/p>\n<table class=\"table\" align=\"center\">\n<tbody>\n<tr>\n<td>\u00a0 \u00a0 \u00a0 \u00a0 \u00a0 Canton de Gen\u00e8ve:<\/p>\n<p><a href=\"http:\/\/www.cae-ginevra.ch\/\">http:\/\/www.cae-ginevra.ch\/<\/a><\/td>\n<td>\n<p style=\"text-align: center;\">\u00a0Cantons Vaud et Valais:<\/p>\n<p style=\"text-align: center;\"><a href=\"https:\/\/www.cpsi.ch\/\">https:\/\/www.cpsi.ch\/<\/a><\/p>\n<\/td>\n<\/tr>\n<tr>\n<td>Organisation de gestion\u00a0CAE<br \/>\nRue du Vuache 3<br \/>\n1201 Ginevra<br \/>\n<a href=\"mailto:Cae-ginevra@bluewin.ch\">Cae-ginevra@bluewin.ch<\/a><br \/>\ntel e fax 022 344.26.20<\/td>\n<td>Organisation de gestion CPSI<br \/>\nRue du Valentin, 12<br \/>\n1004 Lausanne<br \/>\n<a href=\"mailto:info@comitatoproscuolaitaliana.ch\">info@comitatoproscuolaitaliana.ch<\/a><br \/>\ntel. 021 311 75 68<br \/>\nfax 021 323 94 80<\/td>\n<\/tr>\n<\/tbody>\n<\/table>\n<p>&nbsp;<\/p>\n<p>Les cours pour adultes dans le Canton de Gen\u00e8ve sont organis\u00e9s par le D\u00e9partement de langue et litt\u00e9rature romandes de l\u2019universit\u00e9 de Gen\u00e8ve (Unit\u00e9 d\u2019Italien et formation continue \u00ab L\u2019Italie, langue, culture et soci\u00e9t\u00e9 \u00bb et par la \u00ab Soci\u00e9t\u00e9 Dante Alighieri \u00bb. Dans les cantons de Vaud et du Valais, les cours pour les adultes sont g\u00e9r\u00e9s par l\u2019Organisation de gestion CPSI de Lausanne.<\/p>\n<p>&nbsp;<\/p>\n<p><strong>Societ\u00e0 Dante Alighieri<\/strong><\/p>\n<p>La \u00ab <em>Societ\u00e0 Dante Alighieri<\/em> \u00bb est un organisme moral qui a le but de \u00ab <em>prot\u00e9ger et divulguer la langue et la culture italiennes dans le monde<\/em> \u00bb. Le si\u00e8ge de Gen\u00e8ve a \u00e9t\u00e9 fond\u00e9 en 1906, il organise des cours de langue italienne \u2013 collectifs et individuels \u2013 reconnus par le r\u00e9seau ADA (Attestation Unique Dante Alighieri). Tous les niveaux, \u00e9l\u00e9mentaires, interm\u00e9diaires et avanc\u00e9s (du niveau d\u00e9butant A1 au sup\u00e9rieur C2, suivent les standards fix\u00e9s par le Cadre Europ\u00e9en Commun de R\u00e9f\u00e9rence (CECR). La \u00ab Soci\u00e9t\u00e9 \u00bb organise \u00e9galement un cours de conversation et un atelier de lecture.<\/p>\n<p>&nbsp;<\/p>\n<p>Pour information, visitez la page internet:\u00a0<a href=\"https:\/\/dantealighierigeneve.ch\/\">https:\/\/dantealighierigeneve.ch\/<\/a><\/p>\n<p>Pour information contacter :\u00a0<a href=\"mailto:caterina.dibiase@dantealighierigeneve.ch\">caterina.dibiase@dantealighierigeneve.ch<\/a><\/p>\n<p>&nbsp;<\/p>\n<p><strong>P\u00d4LE DIDACTIQUE \u00ab\u00a0PARETO-VALENTIN\u00a0\u00bb<\/strong><\/p>\n<p>Dans le contexte de diffusion et de la promotion de la langue et de la culture italienne, un r\u00f4le fondamental de coop\u00e9ration avec le Service scolaire est d\u00e9ploy\u00e9 par les institutions scolaires de Lausanne : l\u2019\u00c9cole Catholique \u00ab Le Valentin \u00bb et le Lyc\u00e9e Scientifique \u00ab Pareto \u00bb qui organisent leur offre formative selon la modalit\u00e9 d\u2019un p\u00f4le didactique.<\/p>\n<p>&nbsp;<\/p>\n<p>&nbsp;<\/p>\n<table class=\"table\" align=\"center\">\n<tbody>\n<tr align=\"center\" valign=\"middle\">\n<td align=\"center\" valign=\"middle\"><strong>LYC\u00c9E SCIENTIFIQUE PARETO<\/strong><\/p>\n<p>\u00c9cole bilingue autoris\u00e9 \u00e0 d\u00e9livrer deux dipl\u00f4mes<\/td>\n<td align=\"center\" valign=\"middle\">\u00a0<strong>ECOLE CATHOLIQUE \u201cLE VALENTIN\u201d<\/strong><\/p>\n<p>\u00c9cole primaire et secondaire<\/td>\n<\/tr>\n<tr align=\"center\" valign=\"middle\">\n<td align=\"center\" valign=\"middle\"><a href=\"https:\/\/www.liceo-pareto.ch\/\">https:\/\/www.liceo-pareto.ch\/<\/a><\/td>\n<td align=\"center\" valign=\"middle\"><a href=\"https:\/\/www.levalentin.ch\/\">https:\/\/www.levalentin.ch\/<\/a><\/td>\n<\/tr>\n<\/tbody>\n<\/table>\n<\/div>\n<h3><\/h3>\n<h3><strong>\u00c9v\u00e9nements Culturels I<\/strong><strong>taliens<\/strong><\/h3>\n<p>Sans aucune pr\u00e9tention \u00e0 l&rsquo;exhaustivit\u00e9, des initiatives italiennes susceptibles d&rsquo;int\u00e9resser les compatriotes r\u00e9sidant dans la circonscription consulaire seront publi\u00e9es sur notre page Facebook (lien direct sur la page d&rsquo;accueil).<\/p>\n<div>\n<p><strong><a id=\"cultitalia\" title=\"CULTURA ITALIA\" href=\"http:\/\/www.culturaitalia.ch\/\" name=\"cultitalia\">CULTURE ITALIE<\/a>\u00a0<\/strong><\/p>\n<p><strong>A partir de septembre : Mezz&rsquo;ora Italia, diffusion radio sur 92.2FM. Tous les dimanches \u00e0 11h00 et r\u00e9p\u00e9tition le mercredi \u00e0 20h30.<\/strong><\/p>\n<\/div>\n","protected":false},"excerpt":{"rendered":"SERVICE SCOLAIRE Le Service scolaire du Consulat G\u00e9n\u00e9ral d\u2019Italie \u00e0 Gen\u00e8ve: met en place, en collaboration avec les organisations de gestion (C.A.E. de Gen\u00e8ve et C.P.S.I. de Lausanne), des cours de langue et culture italiennes dans les cantons de Gen\u00e8ve, Vaud et du Valais; fournit des informations et des conseils pour l\u2019inscription aux \u00e9coles et [&hellip;]","protected":false},"author":1,"featured_media":0,"parent":195,"menu_order":2,"comment_status":"closed","ping_status":"closed","template":"","meta":{"footnotes":""},"class_list":["post-198","page","type-page","status-publish","hentry"],"_links":{"self":[{"href":"https:\/\/consginevra.esteri.it\/fr\/wp-json\/wp\/v2\/pages\/198","targetHints":{"allow":["GET"]}}],"collection":[{"href":"https:\/\/consginevra.esteri.it\/fr\/wp-json\/wp\/v2\/pages"}],"about":[{"href":"https:\/\/consginevra.esteri.it\/fr\/wp-json\/wp\/v2\/types\/page"}],"author":[{"embeddable":true,"href":"https:\/\/consginevra.esteri.it\/fr\/wp-json\/wp\/v2\/users\/1"}],"replies":[{"embeddable":true,"href":"https:\/\/consginevra.esteri.it\/fr\/wp-json\/wp\/v2\/comments?post=198"}],"version-history":[{"count":7,"href":"https:\/\/consginevra.esteri.it\/fr\/wp-json\/wp\/v2\/pages\/198\/revisions"}],"predecessor-version":[{"id":7471,"href":"https:\/\/consginevra.esteri.it\/fr\/wp-json\/wp\/v2\/pages\/198\/revisions\/7471"}],"up":[{"embeddable":true,"href":"https:\/\/consginevra.esteri.it\/fr\/wp-json\/wp\/v2\/pages\/195"}],"wp:attachment":[{"href":"https:\/\/consginevra.esteri.it\/fr\/wp-json\/wp\/v2\/media?parent=198"}],"curies":[{"name":"wp","href":"https:\/\/api.w.org\/{rel}","templated":true}]}}