{"id":197,"date":"2023-04-03T19:17:18","date_gmt":"2023-04-03T17:17:18","guid":{"rendered":"https:\/\/consginevra.esteri.it\/italia-e-svizzera\/diplomazia-scientifica\/"},"modified":"2023-09-08T14:12:51","modified_gmt":"2023-09-08T12:12:51","slug":"diplomazia-scientifica","status":"publish","type":"page","link":"https:\/\/consginevra.esteri.it\/fr\/italia-e-svizzera\/diplomazia-scientifica\/","title":{"rendered":"Diplomatie scientifique"},"content":{"rendered":"<div class=\"entry-content\">\n<p><strong>Innovation et recherche<\/strong><\/p>\n<p>Le Minist\u00e8re des Affaires \u00c9trang\u00e8res et de la Coop\u00e9ration Internationale (MAECI) favorise l&rsquo;internationalisation de la recherche italienne et la diplomatie scientifique en tant qu&rsquo;outils fondamentaux pour le d\u00e9veloppement de la coop\u00e9ration entre l&rsquo;Italie et le reste du monde.<\/p>\n<p>L&rsquo;action du MAECI repose sur la conviction qu&rsquo;il ne peut y avoir de d\u00e9veloppement \u00e9conomique sans innovation et sans soutien \u00e0 la recherche scientifique.<\/p>\n<p>Le renforcement de la comp\u00e9titivit\u00e9 sur les march\u00e9s mondiaux de plus en plus complexes exige l&rsquo;application constante de nouvelles technologies aux processus de production, afin d&rsquo;obtenir des produits innovants \u00e0 forte valeur ajout\u00e9e. De cette conviction d\u00e9coule une utilisation de plus en plus attentive des ressources dans ce secteur, en tant qu&rsquo;investissement pour la croissance du Pays, en particulier dans les secteurs les plus innovants, avec des r\u00e9percussions \u00e9conomiques et commerciales positives.<\/p>\n<\/div>\n","protected":false},"excerpt":{"rendered":"Innovation et recherche Le Minist\u00e8re des Affaires \u00c9trang\u00e8res et de la Coop\u00e9ration Internationale (MAECI) favorise l&rsquo;internationalisation de la recherche italienne et la diplomatie scientifique en tant qu&rsquo;outils fondamentaux pour le d\u00e9veloppement de la coop\u00e9ration entre l&rsquo;Italie et le reste du monde. L&rsquo;action du MAECI repose sur la conviction qu&rsquo;il ne peut y avoir de d\u00e9veloppement [&hellip;]","protected":false},"author":1,"featured_media":0,"parent":191,"menu_order":4,"comment_status":"closed","ping_status":"closed","template":"","meta":{"footnotes":""},"class_list":["post-197","page","type-page","status-publish","hentry"],"_links":{"self":[{"href":"https:\/\/consginevra.esteri.it\/fr\/wp-json\/wp\/v2\/pages\/197","targetHints":{"allow":["GET"]}}],"collection":[{"href":"https:\/\/consginevra.esteri.it\/fr\/wp-json\/wp\/v2\/pages"}],"about":[{"href":"https:\/\/consginevra.esteri.it\/fr\/wp-json\/wp\/v2\/types\/page"}],"author":[{"embeddable":true,"href":"https:\/\/consginevra.esteri.it\/fr\/wp-json\/wp\/v2\/users\/1"}],"replies":[{"embeddable":true,"href":"https:\/\/consginevra.esteri.it\/fr\/wp-json\/wp\/v2\/comments?post=197"}],"version-history":[{"count":4,"href":"https:\/\/consginevra.esteri.it\/fr\/wp-json\/wp\/v2\/pages\/197\/revisions"}],"predecessor-version":[{"id":592,"href":"https:\/\/consginevra.esteri.it\/fr\/wp-json\/wp\/v2\/pages\/197\/revisions\/592"}],"up":[{"embeddable":true,"href":"https:\/\/consginevra.esteri.it\/fr\/wp-json\/wp\/v2\/pages\/191"}],"wp:attachment":[{"href":"https:\/\/consginevra.esteri.it\/fr\/wp-json\/wp\/v2\/media?parent=197"}],"curies":[{"name":"wp","href":"https:\/\/api.w.org\/{rel}","templated":true}]}}