{"id":195,"date":"2023-04-03T19:17:04","date_gmt":"2023-04-03T17:17:04","guid":{"rendered":"https:\/\/consginevra.esteri.it\/italia-e-svizzera\/diplomazia-culturale\/"},"modified":"2023-09-08T14:06:37","modified_gmt":"2023-09-08T12:06:37","slug":"diplomazia-culturale","status":"publish","type":"page","link":"https:\/\/consginevra.esteri.it\/fr\/italia-e-svizzera\/diplomazia-culturale\/","title":{"rendered":"Diplomatie culturelle"},"content":{"rendered":"<p>La culture est un \u00e9l\u00e9ment essentiel de l&rsquo;identit\u00e9 italienne dans le monde et repr\u00e9sente un patrimoine mat\u00e9riel et immat\u00e9riel sur lequel on peut s&rsquo;appuyer pour relever les d\u00e9fis du monde contemporain. Elle inclut pleinement la langue italienne, h\u00e9ritage du pass\u00e9 et pont vers l&rsquo;avenir, et la recherche scientifique, secteur dans lequel l&rsquo;Italie peut se r\u00e9jouir d&rsquo;atteindre des sommets d&rsquo;excellence au niveau mondial.<\/p>\n<p>La promotion culturelle joue ainsi un r\u00f4le fondamental dans la politique \u00e9trang\u00e8re de notre Pays et constitue l&rsquo;un des principaux instruments de son rayonnement ext\u00e9rieur.<\/p>\n","protected":false},"excerpt":{"rendered":"La culture est un \u00e9l\u00e9ment essentiel de l&rsquo;identit\u00e9 italienne dans le monde et repr\u00e9sente un patrimoine mat\u00e9riel et immat\u00e9riel sur lequel on peut s&rsquo;appuyer pour relever les d\u00e9fis du monde contemporain. Elle inclut pleinement la langue italienne, h\u00e9ritage du pass\u00e9 et pont vers l&rsquo;avenir, et la recherche scientifique, secteur dans lequel l&rsquo;Italie peut se r\u00e9jouir [&hellip;]","protected":false},"author":1,"featured_media":0,"parent":191,"menu_order":2,"comment_status":"closed","ping_status":"closed","template":"","meta":{"footnotes":""},"class_list":["post-195","page","type-page","status-publish","hentry"],"_links":{"self":[{"href":"https:\/\/consginevra.esteri.it\/fr\/wp-json\/wp\/v2\/pages\/195","targetHints":{"allow":["GET"]}}],"collection":[{"href":"https:\/\/consginevra.esteri.it\/fr\/wp-json\/wp\/v2\/pages"}],"about":[{"href":"https:\/\/consginevra.esteri.it\/fr\/wp-json\/wp\/v2\/types\/page"}],"author":[{"embeddable":true,"href":"https:\/\/consginevra.esteri.it\/fr\/wp-json\/wp\/v2\/users\/1"}],"replies":[{"embeddable":true,"href":"https:\/\/consginevra.esteri.it\/fr\/wp-json\/wp\/v2\/comments?post=195"}],"version-history":[{"count":6,"href":"https:\/\/consginevra.esteri.it\/fr\/wp-json\/wp\/v2\/pages\/195\/revisions"}],"predecessor-version":[{"id":587,"href":"https:\/\/consginevra.esteri.it\/fr\/wp-json\/wp\/v2\/pages\/195\/revisions\/587"}],"up":[{"embeddable":true,"href":"https:\/\/consginevra.esteri.it\/fr\/wp-json\/wp\/v2\/pages\/191"}],"wp:attachment":[{"href":"https:\/\/consginevra.esteri.it\/fr\/wp-json\/wp\/v2\/media?parent=195"}],"curies":[{"name":"wp","href":"https:\/\/api.w.org\/{rel}","templated":true}]}}