{"id":192,"date":"2023-04-03T19:16:52","date_gmt":"2023-04-03T17:16:52","guid":{"rendered":"https:\/\/consginevra.esteri.it\/italia-e-svizzera\/diplomazia-economica\/"},"modified":"2023-09-08T14:04:31","modified_gmt":"2023-09-08T12:04:31","slug":"diplomazia-economica","status":"publish","type":"page","link":"https:\/\/consginevra.esteri.it\/fr\/italia-e-svizzera\/diplomazia-economica\/","title":{"rendered":"Diplomatie \u00e9conomique"},"content":{"rendered":"<p>La <strong>diplomatie \u00e9conomique<\/strong> <strong>italienne<\/strong> est l&rsquo;activit\u00e9 du Minist\u00e8re des Affaires \u00e9trang\u00e8res et de la Coop\u00e9ration Internationale qui vise \u00e0 soutenir les entreprises italiennes \u00e0 l&rsquo;\u00e9tranger et \u00e0 promouvoir la croissance du pays dans diff\u00e9rents domaines. Sous la coordination de la Direction G\u00e9n\u00e9rale pour la promotion du syst\u00e8me national de la Farnesina &#8211; qui est \u00e0 son tour en liaison constante avec les institutions, les organismes, les associations, les entreprises, les centres de recherche et les universit\u00e9s &#8211; plus de 450 bureaux s&#8217;emploient quotidiennement pour promouvoir l&rsquo;Italie dans ses composantes \u00e9conomiques, culturelles et scientifiques. Ils r\u00e9partis dans le monde entier et comprenant les ambassades, les consulats, les unit\u00e9s ICE et Enit, les instituts culturels italiens et les bureaux des attach\u00e9s scientifiques et technologiques.<\/p>\n<p>Les objectifs strat\u00e9giques qui inspirent la diplomatie \u00e9conomique au quotidien sont les suivants :<\/p>\n<ul>\n<li>soutenir les entreprises dans leur strat\u00e9gie de croissance commerciale sur les march\u00e9s \u00e9mergents et de consolidation sur les march\u00e9s traditionnels<\/li>\n<li>soutenir les activit\u00e9s internationales des collectivit\u00e9s territoriales ;<\/li>\n<li>encourager les investissements productifs, les flux touristiques et les talents brillants en Italie ;<\/li>\n<li>promouvoir les investissements italiens \u00e0 l&rsquo;\u00e9tranger.<\/li>\n<\/ul>\n","protected":false},"excerpt":{"rendered":"La diplomatie \u00e9conomique italienne est l&rsquo;activit\u00e9 du Minist\u00e8re des Affaires \u00e9trang\u00e8res et de la Coop\u00e9ration Internationale qui vise \u00e0 soutenir les entreprises italiennes \u00e0 l&rsquo;\u00e9tranger et \u00e0 promouvoir la croissance du pays dans diff\u00e9rents domaines. Sous la coordination de la Direction G\u00e9n\u00e9rale pour la promotion du syst\u00e8me national de la Farnesina &#8211; qui est \u00e0 [&hellip;]","protected":false},"author":1,"featured_media":0,"parent":191,"menu_order":0,"comment_status":"closed","ping_status":"closed","template":"","meta":{"footnotes":""},"class_list":["post-192","page","type-page","status-publish","hentry"],"_links":{"self":[{"href":"https:\/\/consginevra.esteri.it\/fr\/wp-json\/wp\/v2\/pages\/192","targetHints":{"allow":["GET"]}}],"collection":[{"href":"https:\/\/consginevra.esteri.it\/fr\/wp-json\/wp\/v2\/pages"}],"about":[{"href":"https:\/\/consginevra.esteri.it\/fr\/wp-json\/wp\/v2\/types\/page"}],"author":[{"embeddable":true,"href":"https:\/\/consginevra.esteri.it\/fr\/wp-json\/wp\/v2\/users\/1"}],"replies":[{"embeddable":true,"href":"https:\/\/consginevra.esteri.it\/fr\/wp-json\/wp\/v2\/comments?post=192"}],"version-history":[{"count":5,"href":"https:\/\/consginevra.esteri.it\/fr\/wp-json\/wp\/v2\/pages\/192\/revisions"}],"predecessor-version":[{"id":585,"href":"https:\/\/consginevra.esteri.it\/fr\/wp-json\/wp\/v2\/pages\/192\/revisions\/585"}],"up":[{"embeddable":true,"href":"https:\/\/consginevra.esteri.it\/fr\/wp-json\/wp\/v2\/pages\/191"}],"wp:attachment":[{"href":"https:\/\/consginevra.esteri.it\/fr\/wp-json\/wp\/v2\/media?parent=192"}],"curies":[{"name":"wp","href":"https:\/\/api.w.org\/{rel}","templated":true}]}}