{"id":191,"date":"2023-04-03T18:23:50","date_gmt":"2023-04-03T16:23:50","guid":{"rendered":"https:\/\/consginevra.esteri.it\/italia-e-svizzera\/"},"modified":"2023-09-11T11:59:03","modified_gmt":"2023-09-11T09:59:03","slug":"italia-e-svizzera","status":"publish","type":"page","link":"https:\/\/consginevra.esteri.it\/fr\/italia-e-svizzera\/","title":{"rendered":"Italie et Suisse"},"content":{"rendered":"<p>Pour plus de renseignements sur les rapports entre l&rsquo;Italie et la Suisse, vous pouvez consulter le site de l&rsquo;<strong><a href=\"https:\/\/ambberna.esteri.it\/\">Ambassade d&rsquo;Italie \u00e0 Berne<\/a><\/strong> et le site de l<strong>&lsquo;<a href=\"https:\/\/www.ice.it\/\">Agenzia Italiana del Commercio Estero<\/a><\/strong>.<\/p>\n<p>Dans le volet \u00e0 droite, les rubriques consacr\u00e9es aux activit\u00e9s du Minist\u00e8re des Affaires \u00e9trang\u00e8res et de la Coop\u00e9ration internationale sont affich\u00e9es. Ces activit\u00e9s visent \u00e0 soutenir les entreprises italiennes \u00e0 l&rsquo;\u00e9tranger et \u00e0 promouvoir la coop\u00e9ration italienne dans diff\u00e9rents domaines.<\/p>\n","protected":false},"excerpt":{"rendered":"Pour plus de renseignements sur les rapports entre l&rsquo;Italie et la Suisse, vous pouvez consulter le site de l&rsquo;Ambassade d&rsquo;Italie \u00e0 Berne et le site de l&lsquo;Agenzia Italiana del Commercio Estero. Dans le volet \u00e0 droite, les rubriques consacr\u00e9es aux activit\u00e9s du Minist\u00e8re des Affaires \u00e9trang\u00e8res et de la Coop\u00e9ration internationale sont affich\u00e9es. Ces activit\u00e9s [&hellip;]","protected":false},"author":1,"featured_media":0,"parent":0,"menu_order":4,"comment_status":"closed","ping_status":"closed","template":"","meta":{"footnotes":""},"class_list":["post-191","page","type-page","status-publish","hentry"],"_links":{"self":[{"href":"https:\/\/consginevra.esteri.it\/fr\/wp-json\/wp\/v2\/pages\/191","targetHints":{"allow":["GET"]}}],"collection":[{"href":"https:\/\/consginevra.esteri.it\/fr\/wp-json\/wp\/v2\/pages"}],"about":[{"href":"https:\/\/consginevra.esteri.it\/fr\/wp-json\/wp\/v2\/types\/page"}],"author":[{"embeddable":true,"href":"https:\/\/consginevra.esteri.it\/fr\/wp-json\/wp\/v2\/users\/1"}],"replies":[{"embeddable":true,"href":"https:\/\/consginevra.esteri.it\/fr\/wp-json\/wp\/v2\/comments?post=191"}],"version-history":[{"count":8,"href":"https:\/\/consginevra.esteri.it\/fr\/wp-json\/wp\/v2\/pages\/191\/revisions"}],"predecessor-version":[{"id":629,"href":"https:\/\/consginevra.esteri.it\/fr\/wp-json\/wp\/v2\/pages\/191\/revisions\/629"}],"wp:attachment":[{"href":"https:\/\/consginevra.esteri.it\/fr\/wp-json\/wp\/v2\/media?parent=191"}],"curies":[{"name":"wp","href":"https:\/\/api.w.org\/{rel}","templated":true}]}}