{"id":190,"date":"2023-04-03T19:16:29","date_gmt":"2023-04-03T17:16:29","guid":{"rendered":"https:\/\/consginevra.esteri.it\/chi-siamo\/la-rete-consolare\/"},"modified":"2024-01-04T15:27:20","modified_gmt":"2024-01-04T13:27:20","slug":"la-rete-consolare","status":"publish","type":"page","link":"https:\/\/consginevra.esteri.it\/fr\/chi-siamo\/la-rete-consolare\/","title":{"rendered":"Le r\u00e9seau consulaire"},"content":{"rendered":"<h2>Le r\u00e9seau consulaire italien en Suisse<\/h2>\n<p><strong>Le Consulat G\u00e9n\u00e9ral d&rsquo;Italie \u00e0 Gen\u00e8ve est comp\u00e9tent territorialement pour les Cantons de Gen\u00e8ve, Vaud et Valais<\/strong>.<\/p>\n<p>L&rsquo;Ambassade italienne en Suisse se trouve \u00e0 Berne.<\/p>\n<p>Le r\u00e9seau consulaire italien en Suisse est r\u00e9parti en\u00a0cinq Consulats.<\/p>\n<p><strong>AMBASSADE BERNE<\/strong><br \/>\nElfenstrasse, 14 &#8211; 3000 Berne 16<br \/>\nT\u00e9l.\u00a0<span class=\"baec5a81-e4d6-4674-97f3-e9220f0136c1\">+41 (0)31 350 07 77<\/span><br \/>\nFax\u00a0<span class=\"baec5a81-e4d6-4674-97f3-e9220f0136c1\">+41 (0)31 350 07 11<\/span><br \/>\nHomepage: <a href=\"https:\/\/ambberna.esteri.it\/\">https:\/\/ambberna.esteri.it\/<\/a><br \/>\nE-mail:\u00a0<a href=\"mailto:ambasciata.berna@esteri.it\">ambasciata.berna@esteri.it<\/a><\/p>\n<p>&nbsp;<\/p>\n<p><strong>CHANCELLERIE CONSULAIRE<br \/>\n<\/strong>Willadingweg 23\u00a0-3006 Berne<br \/>\nT\u00e9l.\u00a0<span class=\"baec5a81-e4d6-4674-97f3-e9220f0136c1\">+41 (0)31 390 10 11<\/span><br \/>\nFax\u00a0<span class=\"baec5a81-e4d6-4674-97f3-e9220f0136c1\">+41 (0)31 382 49 32<\/span><\/p>\n<p>Homepage: <a href=\"https:\/\/ambberna.esteri.it\/\">https:\/\/ambberna.esteri.it\/<\/a><br \/>\nE-mail:\u00a0<a href=\"mailto:info.consberna@esteri.it\">info.consberna@esteri.it<\/a><\/p>\n<p>Comp\u00e9tent \u00e9galement pour le <strong>Canton di Neuch\u00e2tel<\/strong><\/p>\n<p>&nbsp;<\/p>\n<p><strong>CONSOLATO GENERALE &#8211; LUGANO<\/strong><br \/>\nVia Ferruccio Pelli, 16 &#8211; 6901 Lugano<br \/>\nT\u00e9l.\u00a0<span class=\"baec5a81-e4d6-4674-97f3-e9220f0136c1\">+41 (0)91 913 30 50<\/span><br \/>\nFax\u00a0<span class=\"baec5a81-e4d6-4674-97f3-e9220f0136c1\">+41 (0)91 923 75 78<\/span>\u00a0\/\u00a0<span class=\"baec5a81-e4d6-4674-97f3-e9220f0136c1\">+41 (0)91 913 30 58<\/span><br \/>\nHomepage: <a href=\"https:\/\/conslugano.esteri.it\/\">https:\/\/conslugano.esteri.it\/<\/a><br \/>\nE-mail:\u00a0<a href=\"mailto:consolato.lugano@esteri.it\">consolato.lugano@esteri.it<\/a><\/p>\n<p>Comp\u00e9tent pour le Canton du\u00a0<strong>Tessin<\/strong>.<\/p>\n<p>&nbsp;<\/p>\n<p><strong>CONSOLATO GENERALE &#8211; ZURIGO<\/strong><br \/>\nT\u00f6distrasse, 67 &#8211; 8039 Zurigo<br \/>\nT\u00e9l.\u00a0<span class=\"baec5a81-e4d6-4674-97f3-e9220f0136c1\">+41 (0)44 286 61 11<\/span><br \/>\nFax\u00a0<span class=\"baec5a81-e4d6-4674-97f3-e9220f0136c1\">+41 (0)44 201 16 11<\/span><br \/>\nHomepage: <a href=\"https:\/\/conszurigo.esteri.it\/\">https:\/\/conszurigo.esteri.it\/<\/a><br \/>\nE-mail:\u00a0<a href=\"mailto:segreteria.zurigo@esteri.it\">segreteria.zurigo@esteri.it<br \/>\n<\/a><\/p>\n<p>Comp\u00e9tent\u00a0pour les Cantons de\u00a0<strong>Glaris, de Schaffhouse, de Schwyz, de Zoug, de Zurich, de Lucerne, d&rsquo;Unterwald-le Haut, d&rsquo;Unterwald-le-Bas,\u00a0Uri, Saint-Gall, Thurgovie, Appenzell Rhodes-Int\u00e8rieures et Ext\u00e8rieures, Grisons, Pricipaut\u00e9 de Lichtenstein.<\/strong><\/p>\n<p>&nbsp;<\/p>\n<p><strong>CONSOLATO GENERALE &#8211; GINEVRA<br \/>\n<\/strong>14, Rue Charles Galland &#8211; 1206 Ginevra<br \/>\nT\u00e9l.\u00a0<span class=\"baec5a81-e4d6-4674-97f3-e9220f0136c1\">+41 (0)22 839 67 44<\/span><br \/>\nFax\u00a0<span class=\"baec5a81-e4d6-4674-97f3-e9220f0136c1\">+41 (0)22 839 67 45<\/span><br \/>\nHomepage:<a href=\"https:\/\/consginevra.esteri.it\/it\/\"> https:\/\/consginevra.esteri.it\/it\/<\/a><br \/>\nE-mail:\u00a0<a href=\"mailto:consolato.ginevra@esteri.it\">consolato.ginevra@esteri.it<\/a><\/p>\n<p>Comp\u00e9tent pour les Cantons de\u00a0<strong>Gen\u00e8ve, Valais, Vaud<\/strong>.<\/p>\n<p>&nbsp;<\/p>\n<p><strong>CONSOLATO &#8211; BASILEA<\/strong><strong><br \/>\n<\/strong>Schaffhauserrheinweg, 5 &#8211; 4058 Basilea<br \/>\nT\u00e9l.\u00a0<span class=\"baec5a81-e4d6-4674-97f3-e9220f0136c1\">+41 (0)61 689 96 26<\/span><br \/>\nFax\u00a0<span class=\"baec5a81-e4d6-4674-97f3-e9220f0136c1\">+41 (0)61 691 01 68<\/span><br \/>\nHomepage: <a href=\"https:\/\/consbasilea.esteri.it\/\">https:\/\/consbasilea.esteri.it\/<\/a><br \/>\nE-mail:\u00a0<a href=\"mailto:segreteria.basilea@esteri.it\">segreteria.basilea@esteri.it<\/a><\/p>\n<p>Comp\u00e9tent pour les Cantons de\u00a0<strong>B\u00e2le-Ville, de B\u00e2le-Campagne et de Soleure, d\u2019Argovie et du Jura.<\/strong><\/p>\n<p>&nbsp;<\/p>\n<p><strong>Correspondants consulaires<\/strong><br \/>\nVisitez notre page d\u00e9di\u00e9e en <a href=\"https:\/\/consginevra.esteri.it\/fr\/servizi-consolari-e-visti\/servizi-per-il-cittadino-italiano\/correspondants-consulaires\/\">cliquant ici<\/a>.<\/p>\n","protected":false},"excerpt":{"rendered":"Le r\u00e9seau consulaire italien en Suisse Le Consulat G\u00e9n\u00e9ral d&rsquo;Italie \u00e0 Gen\u00e8ve est comp\u00e9tent territorialement pour les Cantons de Gen\u00e8ve, Vaud et Valais. L&rsquo;Ambassade italienne en Suisse se trouve \u00e0 Berne. Le r\u00e9seau consulaire italien en Suisse est r\u00e9parti en\u00a0cinq Consulats. AMBASSADE BERNE Elfenstrasse, 14 &#8211; 3000 Berne 16 T\u00e9l.\u00a0+41 (0)31 350 07 77 Fax\u00a0+41 [&hellip;]","protected":false},"author":1,"featured_media":0,"parent":184,"menu_order":12,"comment_status":"closed","ping_status":"closed","template":"","meta":{"footnotes":""},"class_list":["post-190","page","type-page","status-publish","hentry"],"_links":{"self":[{"href":"https:\/\/consginevra.esteri.it\/fr\/wp-json\/wp\/v2\/pages\/190","targetHints":{"allow":["GET"]}}],"collection":[{"href":"https:\/\/consginevra.esteri.it\/fr\/wp-json\/wp\/v2\/pages"}],"about":[{"href":"https:\/\/consginevra.esteri.it\/fr\/wp-json\/wp\/v2\/types\/page"}],"author":[{"embeddable":true,"href":"https:\/\/consginevra.esteri.it\/fr\/wp-json\/wp\/v2\/users\/1"}],"replies":[{"embeddable":true,"href":"https:\/\/consginevra.esteri.it\/fr\/wp-json\/wp\/v2\/comments?post=190"}],"version-history":[{"count":6,"href":"https:\/\/consginevra.esteri.it\/fr\/wp-json\/wp\/v2\/pages\/190\/revisions"}],"predecessor-version":[{"id":2236,"href":"https:\/\/consginevra.esteri.it\/fr\/wp-json\/wp\/v2\/pages\/190\/revisions\/2236"}],"up":[{"embeddable":true,"href":"https:\/\/consginevra.esteri.it\/fr\/wp-json\/wp\/v2\/pages\/184"}],"wp:attachment":[{"href":"https:\/\/consginevra.esteri.it\/fr\/wp-json\/wp\/v2\/media?parent=190"}],"curies":[{"name":"wp","href":"https:\/\/api.w.org\/{rel}","templated":true}]}}