{"id":189,"date":"2023-04-03T19:16:15","date_gmt":"2023-04-03T17:16:15","guid":{"rendered":"https:\/\/consginevra.esteri.it\/chi-siamo\/numeri-di-emergenza\/"},"modified":"2024-12-19T13:44:57","modified_gmt":"2024-12-19T11:44:57","slug":"numeri-di-emergenza","status":"publish","type":"page","link":"https:\/\/consginevra.esteri.it\/fr\/chi-siamo\/numeri-di-emergenza\/","title":{"rendered":"Num\u00e9ros d&rsquo;urgence"},"content":{"rendered":"<p><strong>Num\u00e9ro de piquet: <span class=\"baec5a81-e4d6-4674-97f3-e9220f0136c1\">+41 79 325 39 78<\/span> <\/strong>&#8211; (du lundi au vendredi de 18h00 \u00e0 21h00 &#8211; samedis, dimanches et jours f\u00e9ri\u00e9s de 09h00 \u00e0 21h00)<\/p>\n","protected":false},"excerpt":{"rendered":"Num\u00e9ro de piquet: +41 79 325 39 78 &#8211; (du lundi au vendredi de 18h00 \u00e0 21h00 &#8211; samedis, dimanches et jours f\u00e9ri\u00e9s de 09h00 \u00e0 21h00)","protected":false},"author":1,"featured_media":0,"parent":184,"menu_order":10,"comment_status":"closed","ping_status":"closed","template":"","meta":{"footnotes":""},"class_list":["post-189","page","type-page","status-publish","hentry"],"_links":{"self":[{"href":"https:\/\/consginevra.esteri.it\/fr\/wp-json\/wp\/v2\/pages\/189","targetHints":{"allow":["GET"]}}],"collection":[{"href":"https:\/\/consginevra.esteri.it\/fr\/wp-json\/wp\/v2\/pages"}],"about":[{"href":"https:\/\/consginevra.esteri.it\/fr\/wp-json\/wp\/v2\/types\/page"}],"author":[{"embeddable":true,"href":"https:\/\/consginevra.esteri.it\/fr\/wp-json\/wp\/v2\/users\/1"}],"replies":[{"embeddable":true,"href":"https:\/\/consginevra.esteri.it\/fr\/wp-json\/wp\/v2\/comments?post=189"}],"version-history":[{"count":7,"href":"https:\/\/consginevra.esteri.it\/fr\/wp-json\/wp\/v2\/pages\/189\/revisions"}],"predecessor-version":[{"id":5118,"href":"https:\/\/consginevra.esteri.it\/fr\/wp-json\/wp\/v2\/pages\/189\/revisions\/5118"}],"up":[{"embeddable":true,"href":"https:\/\/consginevra.esteri.it\/fr\/wp-json\/wp\/v2\/pages\/184"}],"wp:attachment":[{"href":"https:\/\/consginevra.esteri.it\/fr\/wp-json\/wp\/v2\/media?parent=189"}],"curies":[{"name":"wp","href":"https:\/\/api.w.org\/{rel}","templated":true}]}}