{"id":188,"date":"2023-04-03T19:15:59","date_gmt":"2023-04-03T17:15:59","guid":{"rendered":"https:\/\/consginevra.esteri.it\/chi-siamo\/contatti\/"},"modified":"2026-02-10T17:00:29","modified_gmt":"2026-02-10T15:00:29","slug":"contatti","status":"publish","type":"page","link":"https:\/\/consginevra.esteri.it\/fr\/chi-siamo\/contatti\/","title":{"rendered":"Contacts"},"content":{"rendered":"<h2><strong>Centrale t\u00e9l\u00e9phonique: <\/strong><strong>\u00a0022 839 67 44 <\/strong><\/h2>\n<h3><strong>(du lundi au vendredi de 9h00 \u00e0 12h30)<\/strong><\/h3>\n<p>&nbsp;<\/p>\n<p><strong>T\u00c9L\u00c9PHONES DIRECTS OP\u00c9RATEURS:<\/strong><\/p>\n<p>&nbsp;<\/p>\n<p><strong><span style=\"text-decoration: underline;\">Bureau AIRE:<\/span><\/strong><\/p>\n<p>Op\u00e9rateur 1 : +41 (0) 228 396 725 (joignable du lundi au vendredi de 11h30 \u00e0 13h00)<\/p>\n<p>Op\u00e9rateur 2 : +41 (0) 228 396 728 (joignable du lundi au vendredi de 9h \u00e0 13h)<\/p>\n<p><strong><span style=\"text-decoration: underline;\">Bureau Etat Civil:<\/span><\/strong><\/p>\n<p>Op\u00e9rateur 3 : +41 (0) 228 396 752 (repond uniquement lun, mar, mer 13h30-15h30; ven 13h00-14h00)<\/p>\n<p>Op\u00e9rateur 4 : +41 (0) 228 396 759 (joignable lun, mar, mer 13h30-15h30; ven 13h00-14h00)<\/p>\n<p>&nbsp;<\/p>\n<p><strong><span style=\"text-decoration: underline;\">Bureau des documents de voyage<\/span>:<\/strong><\/p>\n<p><em>Bureau Passeports<\/em><\/p>\n<p>Op\u00e9rateur 1 : +41 (0) 228 396 755 (joignable lun, mar, mer 13h30-15h30; ven 13h00-14h00)<\/p>\n<p>Op\u00e9rateur 2 : +41 (0) 228 396 757 (joignable lun, mar, mer 13h30-15h30; ven 13h00-14h00)<\/p>\n<p>Op\u00e9rateur 3 : +41 (0) 228 396 734 (joignable lun, mar, mer 13h30-15h30; ven 13h00-14h00)<\/p>\n<p>Op\u00e9rateur 4: +41 (0) 228 396 736 (joignable du lundi au vendredi de 9h \u00e0 13h)<\/p>\n<p><em>Bureau CIE &#8211; Carte Identit\u00e9 Electronique<\/em><\/p>\n<p>Op\u00e9rateur 5: +41 (0) 228 396 732 (joignable lun, mar, mer 13h30-15h30; ven 13h00-14h00)<\/p>\n<p>Op\u00e9rateur 6 : +41 (0) 228 396 721 (joignable lun, mar, mer 13h30-15h30; ven 13h00-14h00)<\/p>\n<p>Op\u00e9rateur 7 : +41 (0) 228 396 724 (joignable lun, mar, mer 13h30-15h30; ven 13h00-14h00)<\/p>\n<p>Op\u00e9rateur 8: +41 (0) 228 396 761 (joignable lun, mar, mer 13h30-15h30; ven 13h00-14h00)<\/p>\n<p><strong><span style=\"text-decoration: underline;\">Bureau Notariat:<\/span><\/strong><\/p>\n<p>Op\u00e9rateur 1 : +41 (0) 228 396 742 (joignable lun-ven 09h00-13h00)<\/p>\n<p><strong><span style=\"text-decoration: underline;\">Bureau de l&rsquo;\u00e9cole:<\/span><\/strong><\/p>\n<p>Op\u00e9rateur 1\u00a0: +41 (0) 228 396 749<\/p>\n<p>&nbsp;<\/p>\n<p><strong>CODE FISCAL:<\/strong>\u00a0<a href=\"mailto:ginevra.codicefiscal@esteri.it\">ginevra.codicefiscal@esteri.it<\/a><\/p>\n<p><strong>ETAT CIVIL:<\/strong>\u00a0<a href=\"mailto:statocivile.ginevra@esteri.it\">statocivile.ginevra@esteri.it<\/a><\/p>\n<p><strong>AIRE:<\/strong>\u00a0<a href=\"mailto:ginevra.aire@esteri.it\">ginevra.aire@esteri.it<\/a><\/p>\n<p><strong>ASSISTANCE SOCIALE:<\/strong>\u00a0<a href=\"mailto:ginevra.sociale@esteri.it\">ginevra.sociale@esteri.it<\/a><\/p>\n<p><strong>NATIONALITE:<\/strong>\u00a0<a href=\"mailto:cittadinanza.ginevra@esteri.it\">cittadinanza.ginevra@esteri.it<\/a><\/p>\n<p><strong>VISAS:<\/strong>\u00a0<a href=\"mailto:ginevra.visti@esteri.it\">ginevra.visti@esteri.it<\/a><\/p>\n<p><strong>NOTAIRE:<\/strong>\u00a0<a href=\"mailto:notarile.ginevra@esteri.it\">notarile.ginevra@esteri.it<\/a><\/p>\n<p><strong>PASSEPORT:<\/strong> <a href=\"mailto:ginevra.passaporti2@esteri.it\">ginevra.passaporti2@esteri.it<\/a><\/p>\n<p><strong>CARTE IDENTITE:<\/strong> <a href=\"mailto:ci_congine@esteri.it\">ci_congine@esteri.it<\/a><\/p>\n<p>&nbsp;<\/p>\n<p><strong>PASSEPORTS<\/strong><\/p>\n<p>La prise de rendez-vous ne peut se faire que via le portail <span style=\"text-decoration: underline;\"><a href=\"https:\/\/prenotami.esteri.it\/\">Prenot@mi.<\/a><\/span><\/p>\n<p><strong>CARTES D\u2019IDENTITE<\/strong><\/p>\n<p>La prise de rendez-vous ne peut se faire que via le portail <span style=\"text-decoration: underline;\"><a href=\"https:\/\/prenotami.esteri.it\/\">Prenot@mi<\/a>.<\/span><\/p>\n<p><strong>EXCLUSIVEMENT<\/strong> pour les personnes \u00e2g\u00e9es de plus de 75 ans, envoyer un <strong>SMS<\/strong> indiquant Nom (nom de jeune fille pour les femmes), Pr\u00e9nom, Date de naissance, Lieu de naissance et Adresse en Suisse, au num\u00e9ro <strong>0799455487.<\/strong><\/p>\n<p><strong>EXCLUSIVEMENT<\/strong> pour ceux qui sont int\u00e9ress\u00e9s par une mesure de protection ou de curatelle g\u00e9n\u00e9rale, le curateur peut envoyer un email \u00e0\u00a0<a href=\"mailto:ci_congine@esteri.it\">ci_congine@esteri.it<\/a> en pr\u00e9cisant dans l&rsquo;objet qu&rsquo;il s&rsquo;agit d&rsquo;une protection ou curatelle g\u00e9n\u00e9rale.<\/p>\n<p>&nbsp;<\/p>\n<p><strong>SECR\u00c9TARIAT DU CONSUL G\u00c9N\u00c9RAL<\/strong> <a class=\"focus--mouse\" href=\"mailto:consolato.ginevra@esteri.it\" data-focus-mouse=\"true\">consolato.ginevra@esteri.it<\/a><\/p>\n<p><strong>Sur appel mobile actif<\/strong> UNIQUEMENT pour les urgences (de 18h00 \u00e0 21h00 du lundi au vendredi. Samedi et dimanche de 8h00 \u00e0 21h00) +41 79 325 39 78.<\/p>\n<p>Les demandes de rendez-vous seront trait\u00e9es en priorit\u00e9 (pour les documents de voyage, la priorit\u00e9 sera donn\u00e9e aux citoyens qui ne les poss\u00e8dent pas et qui ont des besoins concrets).<\/p>\n<p>&nbsp;<\/p>\n<p><strong>Bureau de l\u2019ENSEIGNEMENT<\/strong><\/p>\n<p>(Le Bureau de l&rsquo;Ecole r\u00e9pond uniquement pour des questions scolaires ou des conseils sur les d\u00e9clarations de valeur des dipl\u00f4mes obtenus dans la circonscription consulaire ou IBO. Les informations sur les autres services consulaires ne peuvent \u00eatre donn\u00e9es)<\/p>\n<p>Directeur du bureau : Giorgio La Rocca<\/p>\n<p>E-mail:\u00a0<a href=\"mailto:scuola.ginevra@esteri.it\">scuola.ginevra@esteri.it<\/a><\/p>\n<p>t\u00e9l. fixe :\u00a0<span class=\"baec5a81-e4d6-4674-97f3-e9220f0136c1\">+41 (0)22 839 67 48<\/span><\/p>\n<p>Secr\u00e9tariat :\u00a0<span class=\"baec5a81-e4d6-4674-97f3-e9220f0136c1\">+41 (0)22 839 67 49<\/span><\/p>\n<p><strong>\u00a0<\/strong><\/p>\n<p><strong>O\u00d9 SOMMES-NOUS<\/strong><\/p>\n<p>Adresse postale: 14, rue Charles-Galland<br \/>\n1,206 Gen\u00e8ve, Suisse<br \/>\nE-mail:\u00a0<a href=\"mailto:consolato.ginevra@esteri.it\">consolato.ginevra@esteri.it<\/a><br \/>\nE-mail PEC :\u00a0<strong>con.ginevra@cert.esteri.it\u00a0<\/strong>(Adresse activ\u00e9e pour recevoir\u00a0<strong>uniquement<\/strong>\u00a0les emails certifi\u00e9s PEC)<\/p>\n<p>(l&rsquo;entr\u00e9e du public se trouve \u00e0 l&rsquo;arri\u00e8re du Consulat, rue Munier-Romilly 3).<\/p>\n<p><strong>\u00a0<\/strong><\/p>\n<p><strong>COMMENT NOUS REJOINDRE<\/strong><\/p>\n<p class=\"boxLevel03\"><strong>A partir de la gare CORNAVIN:<\/strong><\/p>\n<p>\u2022 Prendre le bus n \u00b0 8 en direction de Veyrier-Tournettes &#8211; 5 arr\u00eats et descendez \u00e0 Tranch\u00e9es, puis marcher pendant cinq minutes.<br \/>\n\u2022 Prendre le bus n \u00b0 5 en direction Th\u00f4nex-Vallard &#8211; 6 arr\u00eats et descendre \u00e0 l&rsquo;Ath\u00e9n\u00e9e, puis marcher pendant dix minutes<strong>.<br \/>\n<\/strong>\u2022 Prendre la bus n \u00b0 1 en direction Petit Bel Air &#8211; 4 arr\u00eats et descendre au Mus\u00e9e, puis marcher pendant sept minutes.<br \/>\n\u2022 Prendre le bus n \u00b0 25 en direction Th\u00f4nex-Vallard &#8211; 5 arr\u00eats et descendre au Mus\u00e9e, puis marcher pendant sept minutes.<\/p>\n<p class=\"boxLevel03\"><strong>A partir de l\u2019A\u00c9ROPORT:<\/strong><\/p>\n<p class=\"boxLevel03\">\u2022 Prendre le bus n \u00b0 5 en direction Th\u00f4nex-Vallard &#8211; 18 arr\u00eats et descendre \u00e0 l&rsquo;Ath\u00e9n\u00e9e, puis marcher pendant dix minutes.<br \/>\n\u2022 Prendre le train IR 1435 en direction de Gen\u00e8ve pour un arr\u00eat et descendre \u00e0 la gare Cornavin, puis prendre l&rsquo;un des bus indiqu\u00e9 ci-dessus.<\/p>\n<p>NB: \u00e0 l&rsquo;a\u00e9roport, des que vous arriv\u00e9 \u00e0 la salle de r\u00e9cup\u00e9ration des bagages, cherchez la machine qui \u00e9met les billets pour le bus de Gen\u00e8ve pendant 80 minutes gratuitement.<\/p>\n<p><strong>Du Palais des Nations:<\/strong><\/p>\n<p>\u2022 Prendre le bus n \u00b0 5 en direction de Th\u00f4nex-Vallard &#8211; 11 arr\u00eats et descendre \u00e0 l&rsquo;Ath\u00e9n\u00e9e, puis marcher pendant dix minutes.<br \/>\n\u2022 Prendre le bus n.\u00b0 8 en direction de Th\u00f4nex-Vallard &#8211; 11 arr\u00eats et descendre \u00e0 Tranch\u00e9es, puis marcher pendant dix minutes.<\/p>\n<p>&nbsp;<\/p>\n<p><strong>COMMENT NOUS REJOINDRE \u00e0 LAUSANNE<\/strong><\/p>\n<p>(Seulement pour passeports sur rendez-vous)<\/p>\n<p>Rue du Valentin 12, 1004 Lausanne<\/p>\n","protected":false},"excerpt":{"rendered":"Centrale t\u00e9l\u00e9phonique: \u00a0022 839 67 44 (du lundi au vendredi de 9h00 \u00e0 12h30) &nbsp; T\u00c9L\u00c9PHONES DIRECTS OP\u00c9RATEURS: &nbsp; Bureau AIRE: Op\u00e9rateur 1 : +41 (0) 228 396 725 (joignable du lundi au vendredi de 11h30 \u00e0 13h00) Op\u00e9rateur 2 : +41 (0) 228 396 728 (joignable du lundi au vendredi de 9h \u00e0 13h) [&hellip;]","protected":false},"author":1,"featured_media":0,"parent":184,"menu_order":8,"comment_status":"closed","ping_status":"closed","template":"","meta":{"footnotes":""},"class_list":["post-188","page","type-page","status-publish","hentry"],"_links":{"self":[{"href":"https:\/\/consginevra.esteri.it\/fr\/wp-json\/wp\/v2\/pages\/188","targetHints":{"allow":["GET"]}}],"collection":[{"href":"https:\/\/consginevra.esteri.it\/fr\/wp-json\/wp\/v2\/pages"}],"about":[{"href":"https:\/\/consginevra.esteri.it\/fr\/wp-json\/wp\/v2\/types\/page"}],"author":[{"embeddable":true,"href":"https:\/\/consginevra.esteri.it\/fr\/wp-json\/wp\/v2\/users\/1"}],"replies":[{"embeddable":true,"href":"https:\/\/consginevra.esteri.it\/fr\/wp-json\/wp\/v2\/comments?post=188"}],"version-history":[{"count":8,"href":"https:\/\/consginevra.esteri.it\/fr\/wp-json\/wp\/v2\/pages\/188\/revisions"}],"predecessor-version":[{"id":7234,"href":"https:\/\/consginevra.esteri.it\/fr\/wp-json\/wp\/v2\/pages\/188\/revisions\/7234"}],"up":[{"embeddable":true,"href":"https:\/\/consginevra.esteri.it\/fr\/wp-json\/wp\/v2\/pages\/184"}],"wp:attachment":[{"href":"https:\/\/consginevra.esteri.it\/fr\/wp-json\/wp\/v2\/media?parent=188"}],"curies":[{"name":"wp","href":"https:\/\/api.w.org\/{rel}","templated":true}]}}