{"id":187,"date":"2023-04-03T19:15:47","date_gmt":"2023-04-03T17:15:47","guid":{"rendered":"https:\/\/consginevra.esteri.it\/chi-siamo\/gli-uffici\/"},"modified":"2024-01-18T18:02:48","modified_gmt":"2024-01-18T16:02:48","slug":"gli-uffici","status":"publish","type":"page","link":"https:\/\/consginevra.esteri.it\/fr\/chi-siamo\/gli-uffici\/","title":{"rendered":"Les bureaux"},"content":{"rendered":"<p><strong>R\u00c9CEPTION GENERAL <\/strong><strong>\u2013 Tel: 022 839 67 44<\/strong><\/p>\n<p>&nbsp;<\/p>\n<p><strong>CODICI FISCALI<\/strong>\u00a0\u2013\u00a0<a href=\"mailto:ginevra.codicefiscal@esteri.it\">ginevra.codicefiscal@esteri.it<\/a><\/p>\n<p><strong>ETAT CIVIL<\/strong>\u00a0\u2013\u00a0<a href=\"mailto:statocivile.ginevra@esteri.it\">statocivile.ginevra@esteri.it<\/a>\u00a0 , t\u00e9l. portable\u00a00794804796<br \/>\nActif du lundi au vendredi, de 9h00 \u00e0 12h00.<br \/>\n<strong>(service non comp\u00e9tent pour les passeports et les cartes d&rsquo;identit\u00e9)<\/strong><\/p>\n<p><strong>AIRE<\/strong>\u00a0\u2013\u00a0<a href=\"mailto:ginevra.aire@esteri.it\">ginevra.aire@esteri.it<\/a>\u00a0 , t\u00e9l. portable\u00a00794804796<br \/>\nActif du lundi au vendredi, de 9h00 \u00e0 12h00.<strong><br \/>\n(service non comp\u00e9tent pour les passeports et les cartes d&rsquo;identit\u00e9)<\/strong><\/p>\n<p><strong>ASSISTANCE SOCIALE<\/strong>\u00a0\u2013\u00a0<a href=\"mailto:ginevra.sociale@esteri.it\">ginevra.sociale@esteri.it<\/a><\/p>\n<p><strong>NATIONALITE<\/strong>\u00a0\u2013\u00a0<a href=\"mailto:cittadinanza.ginevra@esteri.it\">cittadinanza.ginevra@esteri.it<\/a><\/p>\n<p><strong>VISAS<\/strong>\u00a0\u2013\u00a0<a href=\"mailto:ginevra.visti@esteri.it\">ginevra.visti@esteri.it<\/a><\/p>\n<p><strong>NOTAIRE<\/strong>\u00a0\u2013\u00a0<a href=\"mailto:notarile.ginevra@esteri.it\">notarile.ginevra@esteri.it<\/a><\/p>\n<p>&nbsp;<\/p>\n<p><strong>PASSEPORT<\/strong><\/p>\n<p>La prise de rendez-vous ne peut se faire <span style=\"text-decoration: underline;\">que via le portail Prenot@mi.<\/span><\/p>\n<p><strong>EXCLUSIVEMENT<\/strong> pour les personnes n\u00e9es avant 1945, envoyez un <strong>SMS<\/strong> indiquant Nom (nom de jeune fille pour les femmes), Pr\u00e9nom, Date de naissance, Lieu de naissance et Adresse en Suisse, au num\u00e9ro <strong>0799455487<\/strong> ou via WhatsApp.<\/p>\n<p>&nbsp;<\/p>\n<p><strong>\u00a0CARTES D\u2019IDENTITE<\/strong><\/p>\n<p>La prise de rendez-vous ne peut se faire <span style=\"text-decoration: underline;\">que via le portail Prenot@mi.<\/span><\/p>\n<p><strong>EXCLUSIVEMENT<\/strong> pour les personnes n\u00e9es avant 1945, envoyez un <strong>SMS<\/strong> indiquant Nom (nom de jeune fille pour les femmes), Pr\u00e9nom, Date de naissance, Lieu de naissance et Adresse en Suisse, au num\u00e9ro <strong>0799455487.<\/strong><\/p>\n<p><strong>EXCLUSIVEMENT<\/strong> pour ceux qui sont int\u00e9ress\u00e9s par une mesure de protection ou de curatelle g\u00e9n\u00e9rale, le curateur peut envoyer un email \u00e0 ci_congine@esteri.it en pr\u00e9cisant dans l&rsquo;objet qu&rsquo;il s&rsquo;agit d&rsquo;une protection ou curatelle g\u00e9n\u00e9rale.<\/p>\n<p>&nbsp;<\/p>\n<p><strong>SECR\u00c9TARIAT<\/strong> consolato.ginevra@esteri.it<\/p>\n<p><strong>Sur appel mobile <\/strong><span style=\"color: #ff0000;\">op\u00e9rationnel du lundi au vendredi de 18h00 \u00e0 21h00, samedi et dimanche de 8h00 \u00e0 21h00<\/span>:<strong> +41 79 325 39 78<\/strong>.<\/p>\n<p>Les demandes de rendez-vous seront trait\u00e9es en priorit\u00e9 (pour les documents de voyage, la priorit\u00e9 sera donn\u00e9e aux citoyens qui ne les poss\u00e8dent pas et qui ont des besoins concrets).<\/p>\n","protected":false},"excerpt":{"rendered":"R\u00c9CEPTION GENERAL \u2013 Tel: 022 839 67 44 &nbsp; CODICI FISCALI\u00a0\u2013\u00a0ginevra.codicefiscal@esteri.it ETAT CIVIL\u00a0\u2013\u00a0statocivile.ginevra@esteri.it\u00a0 , t\u00e9l. portable\u00a00794804796 Actif du lundi au vendredi, de 9h00 \u00e0 12h00. (service non comp\u00e9tent pour les passeports et les cartes d&rsquo;identit\u00e9) AIRE\u00a0\u2013\u00a0ginevra.aire@esteri.it\u00a0 , t\u00e9l. portable\u00a00794804796 Actif du lundi au vendredi, de 9h00 \u00e0 12h00. (service non comp\u00e9tent pour les passeports et [&hellip;]","protected":false},"author":1,"featured_media":0,"parent":184,"menu_order":6,"comment_status":"closed","ping_status":"closed","template":"","meta":{"footnotes":""},"class_list":["post-187","page","type-page","status-publish","hentry"],"_links":{"self":[{"href":"https:\/\/consginevra.esteri.it\/fr\/wp-json\/wp\/v2\/pages\/187","targetHints":{"allow":["GET"]}}],"collection":[{"href":"https:\/\/consginevra.esteri.it\/fr\/wp-json\/wp\/v2\/pages"}],"about":[{"href":"https:\/\/consginevra.esteri.it\/fr\/wp-json\/wp\/v2\/types\/page"}],"author":[{"embeddable":true,"href":"https:\/\/consginevra.esteri.it\/fr\/wp-json\/wp\/v2\/users\/1"}],"replies":[{"embeddable":true,"href":"https:\/\/consginevra.esteri.it\/fr\/wp-json\/wp\/v2\/comments?post=187"}],"version-history":[{"count":7,"href":"https:\/\/consginevra.esteri.it\/fr\/wp-json\/wp\/v2\/pages\/187\/revisions"}],"predecessor-version":[{"id":2358,"href":"https:\/\/consginevra.esteri.it\/fr\/wp-json\/wp\/v2\/pages\/187\/revisions\/2358"}],"up":[{"embeddable":true,"href":"https:\/\/consginevra.esteri.it\/fr\/wp-json\/wp\/v2\/pages\/184"}],"wp:attachment":[{"href":"https:\/\/consginevra.esteri.it\/fr\/wp-json\/wp\/v2\/media?parent=187"}],"curies":[{"name":"wp","href":"https:\/\/api.w.org\/{rel}","templated":true}]}}