{"id":186,"date":"2023-04-03T19:15:30","date_gmt":"2023-04-03T17:15:30","guid":{"rendered":"https:\/\/consginevra.esteri.it\/chi-siamo\/la-sede\/"},"modified":"2026-01-08T16:02:35","modified_gmt":"2026-01-08T14:02:35","slug":"la-sede","status":"publish","type":"page","link":"https:\/\/consginevra.esteri.it\/fr\/chi-siamo\/la-sede\/","title":{"rendered":"Quartier g\u00e9n\u00e9ral"},"content":{"rendered":"<p><strong>Adresse\u00a0postale: Rue Charles-Galland 14<br \/>\n1206 Gen\u00e8ve, Svizzera<br \/>\nStandard: +41 22 839 67 44<br \/>\nTelefax: +41 22 839 67 45<br \/>\nE-mail: consolato.ginevra@esteri.it<\/strong><\/p>\n<p>&nbsp;<\/p>\n<p><strong>HORAIRES D\u2019OUVERTURE AU PUBLIC (sur rendez-vous uniquement)<\/strong><\/p>\n<div class=\"responsive\">\n<table class=\"table table-bordered table-sm export-table\">\n<tbody>\n<tr class=\"thead-light\">\n<td width=\"94\">Lundi<\/td>\n<td width=\"208\">09:00 \u2013 12:30<\/td>\n<\/tr>\n<tr>\n<td width=\"94\">Mardi<\/td>\n<td width=\"208\">09:00 \u2013 12:30<\/td>\n<\/tr>\n<tr>\n<td width=\"94\">Mercredi<\/td>\n<td width=\"208\">09:00 \u2013 12:30<\/td>\n<\/tr>\n<tr>\n<td width=\"94\">Jeudi<\/td>\n<td width=\"208\">09:00 \u2013 12:00<\/p>\n<p>13:30 \u2013 15:30<\/td>\n<\/tr>\n<tr>\n<td width=\"94\">Vendredi<\/td>\n<td width=\"208\">09:00 \u2013 12:30<\/td>\n<\/tr>\n<\/tbody>\n<\/table>\n<\/div>\n<p>&nbsp;<\/p>\n<p><strong>JOURS DE FERMETURE<\/strong><\/p>\n<p>Pour 2026:<\/p>\n<p>1 janvier 2026 | NOUVELLES ANN\u00c9ES<\/p>\n<p>3 avril 2026 | VENDREDI SAINT<\/p>\n<p>6 avril 2026 | LUNDI DE P\u00c2QUES<\/p>\n<p>25 avril 2026 | LIB\u00c9RATION DU NAZI-FASCISME<\/p>\n<p>1 mai 2026 | F\u00caTE DU TRAVAIL<\/p>\n<p>14 mai 2025 | JOUR DE L&rsquo;ASCENSION<\/p>\n<p>2 juin 2026 | F\u00caTE DE LA R\u00c9PUBLIQUE ITALIENNE<\/p>\n<p>1 ao\u00fbt 2026 | F\u00caTE NATIONALE SUISSE<\/p>\n<p>15 ao\u00fbt 2026 | ASSOMPTION DE MARIE<\/p>\n<p>4 octobre 2026 | SAINT FRANCOIS, PATRON D ITALIE<\/p>\n<p>25 d\u00e9cembre 2026 | NO\u00cbL<\/p>\n<p>26 d\u00e9cembre 2026 | SAINT \u00c9TIENNE<\/p>\n<p>&nbsp;<\/p>\n<p>Le Consulat G\u00e9n\u00e9ral d\u2019Italie \u00e0 Gen\u00e8ve, sis \u00e0 la rue Charles Galland, dans le quartier des Tranch\u00e9es, est un \u00e9l\u00e9gant et prestigieux immeuble, construit sur le terrain des fortifications de la Ville en 1885.<br \/>\nCet H\u00f4tel Particulier, de propri\u00e9t\u00e9 de l\u2019illustre famille de Morsier-Turrettini, fut acquis, en 1954, pour la somme de Frs. 225.000, \u00e0 la suite de la vente du domaine de \u00ab La Grande Boissi\u00e8re \u00bb (actuellement Ecole Internationale de la route de Ch\u00eane) qui appartenait \u00e0 l\u2019Etat italien depuis 1934 et abritait l\u2019Ecole italienne \u00ab Maria Pia \u00bb.<br \/>\nIl s\u2019agit d\u2019un b\u00e2timent dot\u00e9, \u00e0 l\u2019arri\u00e8re d\u2019un petit jardin, sur une surface d\u2019environ 385m2, dont une partie \u00e9tait autrefois occup\u00e9e par une large v\u00e9randa. La superficie utile approximative de l\u2019immeuble est de 700m2.<\/p>\n<p>&nbsp;<\/p>\n<p>Galerie de photos<br \/>\n&#8211;\u00a0<a href=\"https:\/\/consginevra.esteri.it\/consolato_ginevra\/resource\/doc\/2015\/09\/facciata_1930.jpg\">le Consulat d&rsquo;Italie\u00a0en 1930<\/a>;<br \/>\n&#8211;\u00a0<a href=\"https:\/\/consginevra.esteri.it\/consolato_ginevra\/resource\/doc\/2015\/09\/facciata_1950.jpg\">le Consulat d&rsquo;Italie en 1950;<\/a><br \/>\n&#8211;\u00a0<a href=\"https:\/\/consginevra.esteri.it\/consolato_ginevra\/resource\/img\/2015\/10\/uff_pass_1957.jpg\">le bureau des passeports du consulat en 1957<\/a>;<br \/>\n&#8211;\u00a0<a href=\"https:\/\/consginevra.esteri.it\/consolato_ginevra\/resource\/img\/2015\/10\/facciata_inverno.jpg\">le Consulat d&rsquo;Italie en\u00a0hiver 2009<\/a>;<br \/>\n&#8211;\u00a0<a href=\"https:\/\/consginevra.esteri.it\/consolato_ginevra\/resource\/doc\/2015\/09\/facciata_2011.jpg\">la fa\u00e7ade du Consulat &#8211; F\u00e9vrier 2011.<\/a><\/p>\n","protected":false},"excerpt":{"rendered":"Adresse\u00a0postale: Rue Charles-Galland 14 1206 Gen\u00e8ve, Svizzera Standard: +41 22 839 67 44 Telefax: +41 22 839 67 45 E-mail: consolato.ginevra@esteri.it &nbsp; HORAIRES D\u2019OUVERTURE AU PUBLIC (sur rendez-vous uniquement) Lundi 09:00 \u2013 12:30 Mardi 09:00 \u2013 12:30 Mercredi 09:00 \u2013 12:30 Jeudi 09:00 \u2013 12:00 13:30 \u2013 15:30 Vendredi 09:00 \u2013 12:30 &nbsp; JOURS DE [&hellip;]","protected":false},"author":1,"featured_media":0,"parent":184,"menu_order":2,"comment_status":"closed","ping_status":"closed","template":"","meta":{"footnotes":""},"class_list":["post-186","page","type-page","status-publish","hentry"],"_links":{"self":[{"href":"https:\/\/consginevra.esteri.it\/fr\/wp-json\/wp\/v2\/pages\/186","targetHints":{"allow":["GET"]}}],"collection":[{"href":"https:\/\/consginevra.esteri.it\/fr\/wp-json\/wp\/v2\/pages"}],"about":[{"href":"https:\/\/consginevra.esteri.it\/fr\/wp-json\/wp\/v2\/types\/page"}],"author":[{"embeddable":true,"href":"https:\/\/consginevra.esteri.it\/fr\/wp-json\/wp\/v2\/users\/1"}],"replies":[{"embeddable":true,"href":"https:\/\/consginevra.esteri.it\/fr\/wp-json\/wp\/v2\/comments?post=186"}],"version-history":[{"count":7,"href":"https:\/\/consginevra.esteri.it\/fr\/wp-json\/wp\/v2\/pages\/186\/revisions"}],"predecessor-version":[{"id":7003,"href":"https:\/\/consginevra.esteri.it\/fr\/wp-json\/wp\/v2\/pages\/186\/revisions\/7003"}],"up":[{"embeddable":true,"href":"https:\/\/consginevra.esteri.it\/fr\/wp-json\/wp\/v2\/pages\/184"}],"wp:attachment":[{"href":"https:\/\/consginevra.esteri.it\/fr\/wp-json\/wp\/v2\/media?parent=186"}],"curies":[{"name":"wp","href":"https:\/\/api.w.org\/{rel}","templated":true}]}}