{"id":1059,"date":"2023-09-13T15:33:19","date_gmt":"2023-09-13T13:33:19","guid":{"rendered":"https:\/\/consginevra.esteri.it\/?page_id=1059"},"modified":"2024-11-11T17:04:20","modified_gmt":"2024-11-11T15:04:20","slug":"correspondants-consulaires","status":"publish","type":"page","link":"https:\/\/consginevra.esteri.it\/fr\/servizi-consolari-e-visti\/servizi-per-il-cittadino-italiano\/correspondants-consulaires\/","title":{"rendered":"Correspondants Consulaires"},"content":{"rendered":"<p><strong>Correspondants consulaires du Consulat de Gen\u00e8ve<\/strong><\/p>\n<p>Les correspondants consulaires sont des compatriotes qui, <strong>\u00e0 titre totalement gratuit<\/strong>, offrent un service pr\u00e9cieux pour soutenir les activit\u00e9s du Consulat en apportant une assistance aux citoyens.<\/p>\n<p>&nbsp;<\/p>\n<p>AIGLE et BEX et Chablais vaudois<\/p>\n<p><strong>Carlo CARRIERI<\/strong><\/p>\n<p>Re\u00e7oit sur rendez-vous t\u00e9l. 079 436 63 72<\/p>\n<p>email : <a href=\"mailto:carlo.carrieri@unia.ch\">carlo.carrieri@unia.ch<\/a><\/p>\n<p>&nbsp;<\/p>\n<p>ALTO VALLESE<\/p>\n<p><strong>Gennaro PRATICO<\/strong><\/p>\n<p>Re\u00e7oit sur rendez-vous le lundi de 14h30 \u00e0 17h00<\/p>\n<p>Furkastrasse 63 &#8211; Naters t\u00e9l. 079 410 41 86<\/p>\n<p>email : <a href=\"mailto:gennaropratico@bluewin.ch\">gennaropratico@bluewin.ch<\/a><\/p>\n<p>&nbsp;<\/p>\n<p>LOSANNA<\/p>\n<p><strong>Ermelinda DI PALMA<\/strong><\/p>\n<p>Pour prendre rendez-vous, appelez le mercredi<\/p>\n<p>dalle 18:00 alle 19:00 tel.: 079 7716616<\/p>\n<p>email :\u00a0<a href=\"mailto:ermelinda.dipalma@bluewin.ch\">ermelinda.dipalma@bluewin.ch<\/a><\/p>\n<p>&nbsp;<\/p>\n<p>MONTREUX<\/p>\n<p><strong>Domenico SILLERI<\/strong><\/p>\n<p>Re\u00e7oit sur rendez-vous : \u00e0 la Casa d&rsquo;Italia<\/p>\n<p>rue de la Rouvenattaz, 5 \u2013 Montreux tel.: 079 637 22 57<\/p>\n<p>email :\u00a0<a href=\"mailto:dsilleri@bluewin.ch\">dsilleri@bluewin.ch<\/a><\/p>\n<p>&nbsp;<\/p>\n<p>&nbsp;<\/p>\n","protected":false},"excerpt":{"rendered":"Correspondants consulaires du Consulat de Gen\u00e8ve Les correspondants consulaires sont des compatriotes qui, \u00e0 titre totalement gratuit, offrent un service pr\u00e9cieux pour soutenir les activit\u00e9s du Consulat en apportant une assistance aux citoyens. &nbsp; AIGLE et BEX et Chablais vaudois Carlo CARRIERI Re\u00e7oit sur rendez-vous t\u00e9l. 079 436 63 72 email : carlo.carrieri@unia.ch &nbsp; ALTO [&hellip;]","protected":false},"author":5,"featured_media":0,"parent":201,"menu_order":21,"comment_status":"closed","ping_status":"closed","template":"","meta":{"footnotes":""},"class_list":["post-1059","page","type-page","status-publish","hentry"],"_links":{"self":[{"href":"https:\/\/consginevra.esteri.it\/fr\/wp-json\/wp\/v2\/pages\/1059","targetHints":{"allow":["GET"]}}],"collection":[{"href":"https:\/\/consginevra.esteri.it\/fr\/wp-json\/wp\/v2\/pages"}],"about":[{"href":"https:\/\/consginevra.esteri.it\/fr\/wp-json\/wp\/v2\/types\/page"}],"author":[{"embeddable":true,"href":"https:\/\/consginevra.esteri.it\/fr\/wp-json\/wp\/v2\/users\/5"}],"replies":[{"embeddable":true,"href":"https:\/\/consginevra.esteri.it\/fr\/wp-json\/wp\/v2\/comments?post=1059"}],"version-history":[{"count":6,"href":"https:\/\/consginevra.esteri.it\/fr\/wp-json\/wp\/v2\/pages\/1059\/revisions"}],"predecessor-version":[{"id":4860,"href":"https:\/\/consginevra.esteri.it\/fr\/wp-json\/wp\/v2\/pages\/1059\/revisions\/4860"}],"up":[{"embeddable":true,"href":"https:\/\/consginevra.esteri.it\/fr\/wp-json\/wp\/v2\/pages\/201"}],"wp:attachment":[{"href":"https:\/\/consginevra.esteri.it\/fr\/wp-json\/wp\/v2\/media?parent=1059"}],"curies":[{"name":"wp","href":"https:\/\/api.w.org\/{rel}","templated":true}]}}